{"id":1527,"date":"2026-02-16T23:44:03","date_gmt":"2026-02-16T22:44:03","guid":{"rendered":"https:\/\/hcc-and-co.com\/?post_type=product&#038;p=1527"},"modified":"2026-02-16T23:44:03","modified_gmt":"2026-02-16T22:44:03","slug":"eau-micellaire-sebiaclair","status":"publish","type":"product","link":"http:\/\/hcc-and-co.com\/fr_fr\/product\/eau-micellaire-sebiaclair\/","title":{"rendered":"Eau Micellaire SEBIACLAIR"},"content":{"rendered":"<p><strong>FORMUL\u00c9 POUR<\/strong><br \/>\nLes peaux sensibles mixtes, grasses, \u00e0 tendance acn\u00e9ique. Visage et yeux.<br \/>\n<strong>TEST\u00c9 SOUS CONTR\u00d4LE DERMATOLOGIQUE<\/strong><br \/>\nHypoallerg\u00e9nique. Non com\u00e9dog\u00e8ne.<br \/>\n<strong>TEST\u00c9 SANS EFFET SUR LES M\u00c9CANISMES ENDOCRINIENS<\/strong><br \/>\nTests r\u00e9alis\u00e9s sur les axes oestrog\u00e9niques, androg\u00e9niques et thyro\u00efdiens par un laboratoire ind\u00e9pendant, sp\u00e9cialiste de la perturbation endocrinienne.<\/p>\n<p><strong>APPLIQUEZ MATIN ET\/OU SOIR<\/strong><br \/>\nA l\u2019aide d\u2019un coton sur le visage et les yeux.<\/p>\n","protected":false},"excerpt":{"rendered":"<p>Eau nettoyante purifiante et matifiante pour les peaux grasses \u00e0 tendance acn\u00e9ique. Sebiaclear Eau Micellaire purifie, nettoie et d\u00e9maquille en un seul geste, m\u00eame le maquillage waterproof. Adapt\u00e9e aux peaux sensibles, elle aide \u00e0 \u00e9liminer les impuret\u00e9s et \u00e0 se d\u00e9barrasser de l\u2019exc\u00e8s de s\u00e9bum en douceur sans dess\u00e9cher pour laisser la peau nette et fra\u00eeche.\ud83d\udc9a<\/p>\n","protected":false},"featured_media":1504,"comment_status":"open","ping_status":"closed","template":"","meta":{"_joinchat":[]},"product_brand":[],"product_cat":[90,128],"product_tag":[],"class_list":{"0":"post-1527","1":"product","2":"type-product","3":"status-publish","4":"has-post-thumbnail","6":"product_cat-espace-beaute-cosmetiques","7":"product_cat-s-v-r","9":"first","10":"instock","11":"sale","12":"shipping-taxable","13":"purchasable","14":"product-type-simple"},"_links":{"self":[{"href":"http:\/\/hcc-and-co.com\/fr_fr\/wp-json\/wp\/v2\/product\/1527","targetHints":{"allow":["GET"]}}],"collection":[{"href":"http:\/\/hcc-and-co.com\/fr_fr\/wp-json\/wp\/v2\/product"}],"about":[{"href":"http:\/\/hcc-and-co.com\/fr_fr\/wp-json\/wp\/v2\/types\/product"}],"replies":[{"embeddable":true,"href":"http:\/\/hcc-and-co.com\/fr_fr\/wp-json\/wp\/v2\/comments?post=1527"}],"wp:featuredmedia":[{"embeddable":true,"href":"http:\/\/hcc-and-co.com\/fr_fr\/wp-json\/wp\/v2\/media\/1504"}],"wp:attachment":[{"href":"http:\/\/hcc-and-co.com\/fr_fr\/wp-json\/wp\/v2\/media?parent=1527"}],"wp:term":[{"taxonomy":"product_brand","embeddable":true,"href":"http:\/\/hcc-and-co.com\/fr_fr\/wp-json\/wp\/v2\/product_brand?post=1527"},{"taxonomy":"product_cat","embeddable":true,"href":"http:\/\/hcc-and-co.com\/fr_fr\/wp-json\/wp\/v2\/product_cat?post=1527"},{"taxonomy":"product_tag","embeddable":true,"href":"http:\/\/hcc-and-co.com\/fr_fr\/wp-json\/wp\/v2\/product_tag?post=1527"}],"curies":[{"name":"wp","href":"https:\/\/api.w.org\/{rel}","templated":true}]}}