{"id":1530,"date":"2026-02-18T21:20:08","date_gmt":"2026-02-18T20:20:08","guid":{"rendered":"https:\/\/hcc-and-co.com\/?post_type=product&#038;p=1530"},"modified":"2026-02-18T21:20:08","modified_gmt":"2026-02-18T20:20:08","slug":"la-creme-mixa","status":"publish","type":"product","link":"http:\/\/hcc-and-co.com\/fr_fr\/product\/la-creme-mixa\/","title":{"rendered":"La Cr\u00e8me Mixa"},"content":{"rendered":"<p>D\u00e9couvrez la premi\u00e8re cr\u00e8me Mixa pour les peaux s\u00e8ches et sensibles.<br \/>\nC\u2019est simple.<br \/>\nElle est compos\u00e9e d\u2019huiles 100% v\u00e9g\u00e9tales (karit\u00e9, amande douce et soja) et sa formule est enrichie en glyc\u00e9rine.<br \/>\nC\u2019est efficace.<br \/>\nElle hydrate 24h et apaise le corps, le visage et les mains de toute la famille, sans aucun effet collant.<br \/>\nC\u2019est s\u00fbr.<br \/>\nHypoallerg\u00e9nique et formul\u00e9e sous contr\u00f4le m\u00e9dical, elle est si respectueuse qu\u2019elle convient m\u00eame aux B\u00e9b\u00e9s. Et en plus, Mixa est test\u00e9e sur plus de 7000 peaux sensibles.<\/p>\n<h2 class=\"font_var(--product-summary__accordions__title-font-family) fs_lg fw_semibold product-summary__accordions__title\">Conseils d&rsquo;application et information de s\u00e9curit\u00e9<\/h2>\n<div class=\"vis_hidden d_grid grid-rows_0fr transition-prop_grid-template-rows,_visibility duration_normal ease_default [&amp;_&gt;_div]:overflow_hidden peerChecked:vis_visible peerChecked:grid-rows_1fr peerChecked:mb_var(--padding) product-summary__accordions__content\">\n<div class=\"prose prose--size_base\">\u00a0Une cr\u00e8me l\u00e9g\u00e8re et velout\u00e9e qui fond instantan\u00e9ment sur la peau. Z\u00e9ro effet collant, plus besoin d\u2019attendre pour s\u2019habiller !<br \/>\nEn cas de contact avec les yeux, les rincer imm\u00e9diatement et abondamment<\/div>\n<\/div>\n","protected":false},"excerpt":{"rendered":"<p>La premi\u00e8re cr\u00e8me multi-usage des peaux s\u00e8ches et sensibles aux huiles 100% v\u00e9g\u00e9tales si respectueuse qu\u2019elle convient m\u00eame aux B\u00e9b\u00e9s. Elle hydrate toute la journ\u00e9e, sans aucun effet collant.<\/p>\n","protected":false},"featured_media":1531,"comment_status":"open","ping_status":"closed","template":"","meta":{"_joinchat":[]},"product_brand":[],"product_cat":[90,129],"product_tag":[],"class_list":{"0":"post-1530","1":"product","2":"type-product","3":"status-publish","4":"has-post-thumbnail","6":"product_cat-espace-beaute-cosmetiques","7":"product_cat-m-i-x-a","9":"first","10":"instock","11":"sale","12":"shipping-taxable","13":"purchasable","14":"product-type-simple"},"_links":{"self":[{"href":"http:\/\/hcc-and-co.com\/fr_fr\/wp-json\/wp\/v2\/product\/1530","targetHints":{"allow":["GET"]}}],"collection":[{"href":"http:\/\/hcc-and-co.com\/fr_fr\/wp-json\/wp\/v2\/product"}],"about":[{"href":"http:\/\/hcc-and-co.com\/fr_fr\/wp-json\/wp\/v2\/types\/product"}],"replies":[{"embeddable":true,"href":"http:\/\/hcc-and-co.com\/fr_fr\/wp-json\/wp\/v2\/comments?post=1530"}],"wp:featuredmedia":[{"embeddable":true,"href":"http:\/\/hcc-and-co.com\/fr_fr\/wp-json\/wp\/v2\/media\/1531"}],"wp:attachment":[{"href":"http:\/\/hcc-and-co.com\/fr_fr\/wp-json\/wp\/v2\/media?parent=1530"}],"wp:term":[{"taxonomy":"product_brand","embeddable":true,"href":"http:\/\/hcc-and-co.com\/fr_fr\/wp-json\/wp\/v2\/product_brand?post=1530"},{"taxonomy":"product_cat","embeddable":true,"href":"http:\/\/hcc-and-co.com\/fr_fr\/wp-json\/wp\/v2\/product_cat?post=1530"},{"taxonomy":"product_tag","embeddable":true,"href":"http:\/\/hcc-and-co.com\/fr_fr\/wp-json\/wp\/v2\/product_tag?post=1530"}],"curies":[{"name":"wp","href":"https:\/\/api.w.org\/{rel}","templated":true}]}}