{"id":358,"date":"2024-07-04T15:02:37","date_gmt":"2024-07-04T13:02:37","guid":{"rendered":"https:\/\/agangece-advert.sprint-service.be\/?post_type=product&#038;p=358"},"modified":"2024-07-04T15:02:38","modified_gmt":"2024-07-04T13:02:38","slug":"creme-matifiante","status":"publish","type":"product","link":"http:\/\/hcc-and-co.com\/fr_fr\/product\/creme-matifiante\/","title":{"rendered":"Cr\u00e8me matifiante"},"content":{"rendered":"<p>Hautement r\u00e9g\u00e9n\u00e9rante, la cr\u00e8me purifiante associe agents hydratants et r\u00e9parateurs<br \/>\nd\u2019origine marine pour r\u00e9guler la s\u00e9cr\u00e9tion de s\u00e9bum et son absorption, pour laisser une peau<br \/>\ndouce liss\u00e9e, purifi\u00e9e et fra\u00eeche.<br \/>\nId\u00e9al pour les peaux grasses \u00e0 mixtes<\/p>\n<p><strong>Notre conseil :<\/strong> <em>La cr\u00e8me matifiante doit \u00eatre appliqu\u00e9e matin et soir sur un visage et un cou <\/em><em>nettoy\u00e9. <\/em><\/p>\n","protected":false},"excerpt":{"rendered":"<p><em>Hydratante \u2013 apaisant &#8211; R\u00e9parateur Pot de 50ml<\/em><\/p>\n<p>Hautement r\u00e9g\u00e9n\u00e9rante, la cr\u00e8me purifiante associe agents hydratants et r\u00e9parateurs d\u2019origine marine pour r\u00e9guler la s\u00e9cr\u00e9tion de s\u00e9bum et son absorption, pour laisser une peau douce liss\u00e9e, purifi\u00e9e et fra\u00eeche.<br \/>\nId\u00e9al pour les peaux grasses \u00e0 mixtes.<\/p>\n","protected":false},"featured_media":0,"comment_status":"open","ping_status":"closed","template":"","meta":{"_joinchat":[]},"product_brand":[],"product_cat":[84,85],"product_tag":[],"class_list":{"0":"post-358","1":"product","2":"type-product","3":"status-publish","5":"product_cat-game-hcc","6":"product_cat-parfum","8":"first","9":"instock","10":"shipping-taxable","11":"purchasable","12":"product-type-simple"},"_links":{"self":[{"href":"http:\/\/hcc-and-co.com\/fr_fr\/wp-json\/wp\/v2\/product\/358","targetHints":{"allow":["GET"]}}],"collection":[{"href":"http:\/\/hcc-and-co.com\/fr_fr\/wp-json\/wp\/v2\/product"}],"about":[{"href":"http:\/\/hcc-and-co.com\/fr_fr\/wp-json\/wp\/v2\/types\/product"}],"replies":[{"embeddable":true,"href":"http:\/\/hcc-and-co.com\/fr_fr\/wp-json\/wp\/v2\/comments?post=358"}],"wp:attachment":[{"href":"http:\/\/hcc-and-co.com\/fr_fr\/wp-json\/wp\/v2\/media?parent=358"}],"wp:term":[{"taxonomy":"product_brand","embeddable":true,"href":"http:\/\/hcc-and-co.com\/fr_fr\/wp-json\/wp\/v2\/product_brand?post=358"},{"taxonomy":"product_cat","embeddable":true,"href":"http:\/\/hcc-and-co.com\/fr_fr\/wp-json\/wp\/v2\/product_cat?post=358"},{"taxonomy":"product_tag","embeddable":true,"href":"http:\/\/hcc-and-co.com\/fr_fr\/wp-json\/wp\/v2\/product_tag?post=358"}],"curies":[{"name":"wp","href":"https:\/\/api.w.org\/{rel}","templated":true}]}}