{"id":366,"date":"2024-07-04T15:02:37","date_gmt":"2024-07-04T13:02:37","guid":{"rendered":"https:\/\/agangece-advert.sprint-service.be\/?post_type=product&#038;p=366"},"modified":"2024-09-16T05:37:37","modified_gmt":"2024-09-16T03:37:37","slug":"le-masque-shaker-peel-off","status":"publish","type":"product","link":"http:\/\/hcc-and-co.com\/fr_fr\/product\/le-masque-shaker-peel-off\/","title":{"rendered":"Le masque SHAKER Peel off"},"content":{"rendered":"<p><strong>Notre conseil :<\/strong> <em>M\u00e9langer dans le shaker 100ml d\u2019eau \u00e0 20\u00b0 \u00e0 25gr produit (1 sachet). M\u00e9langer \u00e9nergiquement\u00a0 jusqu\u2019\u00e0 ce que le cr\u00e9pitement s\u2019arr\u00eate. Appliquer sur une peau nettoy\u00e9e et exfoli\u00e9e,<\/em><\/p>\n","protected":false},"excerpt":{"rendered":"<p><em>Oxyg\u00e9nant- antipollution- D\u00e9toxifiant Sachet de 25g<\/em><\/p>\n<p>Un complexe r\u00e9volutionnaire bien-\u00eatre pour une peau d\u00e9toxifi\u00e9e et d\u00e9pollu\u00e9e.<br \/>\nProt\u00e8ge la peau de la pollution et la d\u00e9barrasse de ses toxines gr\u00e2ce au pouvoir adsorbant du charbon v\u00e9g\u00e9tal et du complexe anti-pollution (lierre,<br \/>\ntournesol et son de riz).<br \/>\nTous types de peau.<\/p>\n","protected":false},"featured_media":396,"comment_status":"open","ping_status":"closed","template":"","meta":{"_joinchat":[]},"product_brand":[],"product_cat":[84,89],"product_tag":[],"class_list":{"0":"post-366","1":"product","2":"type-product","3":"status-publish","4":"has-post-thumbnail","6":"product_cat-game-hcc","7":"product_cat-soins-complementaires","9":"first","10":"instock","11":"sale","12":"shipping-taxable","13":"purchasable","14":"product-type-simple"},"_links":{"self":[{"href":"http:\/\/hcc-and-co.com\/fr_fr\/wp-json\/wp\/v2\/product\/366","targetHints":{"allow":["GET"]}}],"collection":[{"href":"http:\/\/hcc-and-co.com\/fr_fr\/wp-json\/wp\/v2\/product"}],"about":[{"href":"http:\/\/hcc-and-co.com\/fr_fr\/wp-json\/wp\/v2\/types\/product"}],"replies":[{"embeddable":true,"href":"http:\/\/hcc-and-co.com\/fr_fr\/wp-json\/wp\/v2\/comments?post=366"}],"wp:featuredmedia":[{"embeddable":true,"href":"http:\/\/hcc-and-co.com\/fr_fr\/wp-json\/wp\/v2\/media\/396"}],"wp:attachment":[{"href":"http:\/\/hcc-and-co.com\/fr_fr\/wp-json\/wp\/v2\/media?parent=366"}],"wp:term":[{"taxonomy":"product_brand","embeddable":true,"href":"http:\/\/hcc-and-co.com\/fr_fr\/wp-json\/wp\/v2\/product_brand?post=366"},{"taxonomy":"product_cat","embeddable":true,"href":"http:\/\/hcc-and-co.com\/fr_fr\/wp-json\/wp\/v2\/product_cat?post=366"},{"taxonomy":"product_tag","embeddable":true,"href":"http:\/\/hcc-and-co.com\/fr_fr\/wp-json\/wp\/v2\/product_tag?post=366"}],"curies":[{"name":"wp","href":"https:\/\/api.w.org\/{rel}","templated":true}]}}