{"id":411,"date":"2024-07-04T15:03:00","date_gmt":"2024-07-04T13:03:00","guid":{"rendered":"https:\/\/agangece-advert.sprint-service.be\/?post_type=product&#038;p=411"},"modified":"2026-03-05T18:24:07","modified_gmt":"2026-03-05T17:24:07","slug":"immo","status":"publish","type":"product","link":"http:\/\/hcc-and-co.com\/fr_fr\/product\/immo\/","title":{"rendered":"Immo"},"content":{"rendered":"<h1><strong>Immo<\/strong><\/h1>\n<p>Echarpe d&rsquo;immobilisation avec maintien du poignet et de la main<\/p>\n<p><u>Indiqu\u00e9 pour<\/u>\u00a0: Traumatismes ou \u00e9tats inflammatoires de l\u2019\u00e9paule et\/ou du coude &#8211; Traitement conservateur des fractures proximales<br \/>\nnon chirurgicales de l\u2019hum\u00e9rus. Luxation de l\u2019\u00e9paule &#8211; Fractures non chirurgicales de la clavicule et\/ou de la scapula (omoplate) &#8211; Immobilisation post-op\u00e9ratoire (suite de chirurgie de la coiffe des rotateurs ou r\u00e9duction de luxation)- Pr\u00e9vention de la subluxation ou luxation de l\u2019\u00e9paule (instabilit\u00e9 articulaire) &#8211; Soutien du bras paralytique.<br \/>\n<u>Patient cible<\/u>\u00a0: Patient avec un besoin d\u2019immobilisation et de protection renforc\u00e9e &#8211; Type d\u2019immobilisation : stricte \/ ferme<\/p>\n<p><strong>\u00c0 RETENIR<\/strong><\/p>\n<p><strong>Immobilisation coude<\/strong>\u00a0: au corps assur\u00e9e par la ceinture combin\u00e9e aux brassards (maintien de l\u2019avant bras et de la main)<br \/>\n<strong>Confort\u00a0<\/strong>: bras soutenu par la ceinture \u00e9vitant un appui sur le cou et limitant l\u2019appui sur l\u2019\u00e9paule<br \/>\n<strong>Mod\u00e8le bilat\u00e9ral<\/strong><\/p>\n","protected":false},"excerpt":{"rendered":"<h1><strong>Immo<\/strong><\/h1>\n<p>Echarpe d&rsquo;immobilisation avec maintien du poignet et de la main<\/p>\n<p><u>Indiqu\u00e9 pour<\/u>\u00a0: Traumatismes ou \u00e9tats inflammatoires de l\u2019\u00e9paule et\/ou du coude &#8211; Traitement conservateur des fractures proximales<br \/>\nnon chirurgicales de l\u2019hum\u00e9rus. Luxation de l\u2019\u00e9paule &#8211; Fractures non chirurgicales de la clavicule et\/ou de la scapula (omoplate) &#8211; Immobilisation post-op\u00e9ratoire (suite de chirurgie de la coiffe des rotateurs ou r\u00e9duction de luxation)- Pr\u00e9vention de la subluxation ou luxation de l\u2019\u00e9paule (instabilit\u00e9 articulaire) &#8211; Soutien du bras paralytique.<br \/>\n<u>Patient cible<\/u>\u00a0: Patient avec un besoin d\u2019immobilisation et de protection renforc\u00e9e &#8211; Type d\u2019immobilisation : stricte \/ ferme<\/p>\n","protected":false},"featured_media":457,"comment_status":"open","ping_status":"closed","template":"","meta":{"_joinchat":[]},"product_brand":[],"product_cat":[98],"product_tag":[],"class_list":{"0":"post-411","1":"product","2":"type-product","3":"status-publish","4":"has-post-thumbnail","6":"product_cat-bras-epaule-et-coude","8":"first","9":"instock","10":"sale","11":"shipping-taxable","12":"purchasable","13":"product-type-simple"},"_links":{"self":[{"href":"http:\/\/hcc-and-co.com\/fr_fr\/wp-json\/wp\/v2\/product\/411","targetHints":{"allow":["GET"]}}],"collection":[{"href":"http:\/\/hcc-and-co.com\/fr_fr\/wp-json\/wp\/v2\/product"}],"about":[{"href":"http:\/\/hcc-and-co.com\/fr_fr\/wp-json\/wp\/v2\/types\/product"}],"replies":[{"embeddable":true,"href":"http:\/\/hcc-and-co.com\/fr_fr\/wp-json\/wp\/v2\/comments?post=411"}],"wp:featuredmedia":[{"embeddable":true,"href":"http:\/\/hcc-and-co.com\/fr_fr\/wp-json\/wp\/v2\/media\/457"}],"wp:attachment":[{"href":"http:\/\/hcc-and-co.com\/fr_fr\/wp-json\/wp\/v2\/media?parent=411"}],"wp:term":[{"taxonomy":"product_brand","embeddable":true,"href":"http:\/\/hcc-and-co.com\/fr_fr\/wp-json\/wp\/v2\/product_brand?post=411"},{"taxonomy":"product_cat","embeddable":true,"href":"http:\/\/hcc-and-co.com\/fr_fr\/wp-json\/wp\/v2\/product_cat?post=411"},{"taxonomy":"product_tag","embeddable":true,"href":"http:\/\/hcc-and-co.com\/fr_fr\/wp-json\/wp\/v2\/product_tag?post=411"}],"curies":[{"name":"wp","href":"https:\/\/api.w.org\/{rel}","templated":true}]}}