{"id":412,"date":"2024-07-04T15:03:00","date_gmt":"2024-07-04T13:03:00","guid":{"rendered":"https:\/\/agangece-advert.sprint-service.be\/?post_type=product&#038;p=412"},"modified":"2026-03-05T18:25:23","modified_gmt":"2026-03-05T17:25:23","slug":"ligaflex-sangles-claviculaires-junior","status":"publish","type":"product","link":"http:\/\/hcc-and-co.com\/fr_fr\/product\/ligaflex-sangles-claviculaires-junior\/","title":{"rendered":"Ligaflex\u00ae sangles claviculaires junior"},"content":{"rendered":"<h1><strong>Ligaflex<\/strong><sup>\u00ae<\/sup>\u00a0sangles claviculaires\u00a0<em>junior<\/em><\/h1>\n<h2><strong>Sangles d&rsquo;immobilisation claviculaire<\/strong><\/h2>\n<p><u>Indiqu\u00e9e pour<\/u>\u00a0: Fractures non chirurgicales de la clavicule.<\/p>\n<p><strong>\u00c0 RETENIR<\/strong><\/p>\n<p><strong>Stabilisation<\/strong>\u00a0: deux sangles dorsales crois\u00e9es fix\u00e9es sur un ancrage rembourr\u00e9.<br \/>\n<strong>Adaptabilit\u00e9\u00a0<\/strong>: sangles ajustables par d\u00e9coupe en fonction de la taille du patient.<br \/>\n<strong>Facilit\u00e9 de mise en place<\/strong>\u00a0: serrage simultan\u00e9 des sangles permet de stabiliser les clavicules.<\/p>\n","protected":false},"excerpt":{"rendered":"<p>Ligaflex\u00ae\u00a0sangles claviculaires\u00a0juniorSangles d&rsquo;immobilisation claviculaireIndiqu\u00e9e pour\u00a0: Fractures non chirurgicales de la clavicule.<\/p>\n","protected":false},"featured_media":458,"comment_status":"open","ping_status":"closed","template":"","meta":{"_joinchat":[]},"product_brand":[],"product_cat":[98],"product_tag":[],"class_list":{"0":"post-412","1":"product","2":"type-product","3":"status-publish","4":"has-post-thumbnail","6":"product_cat-bras-epaule-et-coude","8":"first","9":"instock","10":"sale","11":"shipping-taxable","12":"purchasable","13":"product-type-simple"},"_links":{"self":[{"href":"http:\/\/hcc-and-co.com\/fr_fr\/wp-json\/wp\/v2\/product\/412","targetHints":{"allow":["GET"]}}],"collection":[{"href":"http:\/\/hcc-and-co.com\/fr_fr\/wp-json\/wp\/v2\/product"}],"about":[{"href":"http:\/\/hcc-and-co.com\/fr_fr\/wp-json\/wp\/v2\/types\/product"}],"replies":[{"embeddable":true,"href":"http:\/\/hcc-and-co.com\/fr_fr\/wp-json\/wp\/v2\/comments?post=412"}],"wp:featuredmedia":[{"embeddable":true,"href":"http:\/\/hcc-and-co.com\/fr_fr\/wp-json\/wp\/v2\/media\/458"}],"wp:attachment":[{"href":"http:\/\/hcc-and-co.com\/fr_fr\/wp-json\/wp\/v2\/media?parent=412"}],"wp:term":[{"taxonomy":"product_brand","embeddable":true,"href":"http:\/\/hcc-and-co.com\/fr_fr\/wp-json\/wp\/v2\/product_brand?post=412"},{"taxonomy":"product_cat","embeddable":true,"href":"http:\/\/hcc-and-co.com\/fr_fr\/wp-json\/wp\/v2\/product_cat?post=412"},{"taxonomy":"product_tag","embeddable":true,"href":"http:\/\/hcc-and-co.com\/fr_fr\/wp-json\/wp\/v2\/product_tag?post=412"}],"curies":[{"name":"wp","href":"https:\/\/api.w.org\/{rel}","templated":true}]}}