{"id":439,"date":"2024-07-04T15:03:21","date_gmt":"2024-07-04T13:03:21","guid":{"rendered":"https:\/\/agangece-advert.sprint-service.be\/?post_type=product&#038;p=439"},"modified":"2024-07-04T15:03:48","modified_gmt":"2024-07-04T13:03:48","slug":"creme-jour-anti-age","status":"publish","type":"product","link":"http:\/\/hcc-and-co.com\/fr_fr\/product\/creme-jour-anti-age\/","title":{"rendered":"Cr\u00e8me jour anti-\u00e2ge"},"content":{"rendered":"<p>Une cr\u00e8me ultra onctueuse, une combinaison riche<br \/>\nen actifs puissants anti-\u00e2ge et hydratant, qui lui<br \/>\ngarantissent la r\u00e9duction durable et en profondeur<br \/>\ndes rides et le ralentissement de leur apparition<br \/>\ngr\u00e2ce \u00e0 l\u2019effet botox.<\/p>\n<p>Notre conseil : La cr\u00e8me puissante doit \u00eatre<br \/>\nappliqu\u00e9e tous les matins sur le visage et le cou<br \/>\nnettoy\u00e9s.<br \/>\nPour une efficacit\u00e9 optimale, elle peut \u00eatre<br \/>\nappliqu\u00e9e apr\u00e8s le s\u00e9rum puissant.<\/p>\n","protected":false},"excerpt":{"rendered":"<p>Une cr\u00e8me ultra onctueuse, une combinaison riche<br \/>\nen actifs puissants anti-\u00e2ge et hydratant, qui lui<br \/>\ngarantissent la r\u00e9duction durable et en profondeur<br \/>\ndes rides et le ralentissement de leur apparition<br \/>\ngr\u00e2ce \u00e0 l\u2019effet botox.<\/p>\n","protected":false},"featured_media":486,"comment_status":"open","ping_status":"closed","template":"","meta":{"_joinchat":[]},"product_brand":[],"product_cat":[84,86],"product_tag":[],"class_list":{"0":"post-439","1":"product","2":"type-product","3":"status-publish","4":"has-post-thumbnail","6":"product_cat-game-hcc","7":"product_cat-soins-anti-age","9":"first","10":"instock","11":"shipping-taxable","12":"purchasable","13":"product-type-simple"},"_links":{"self":[{"href":"http:\/\/hcc-and-co.com\/fr_fr\/wp-json\/wp\/v2\/product\/439","targetHints":{"allow":["GET"]}}],"collection":[{"href":"http:\/\/hcc-and-co.com\/fr_fr\/wp-json\/wp\/v2\/product"}],"about":[{"href":"http:\/\/hcc-and-co.com\/fr_fr\/wp-json\/wp\/v2\/types\/product"}],"replies":[{"embeddable":true,"href":"http:\/\/hcc-and-co.com\/fr_fr\/wp-json\/wp\/v2\/comments?post=439"}],"wp:featuredmedia":[{"embeddable":true,"href":"http:\/\/hcc-and-co.com\/fr_fr\/wp-json\/wp\/v2\/media\/486"}],"wp:attachment":[{"href":"http:\/\/hcc-and-co.com\/fr_fr\/wp-json\/wp\/v2\/media?parent=439"}],"wp:term":[{"taxonomy":"product_brand","embeddable":true,"href":"http:\/\/hcc-and-co.com\/fr_fr\/wp-json\/wp\/v2\/product_brand?post=439"},{"taxonomy":"product_cat","embeddable":true,"href":"http:\/\/hcc-and-co.com\/fr_fr\/wp-json\/wp\/v2\/product_cat?post=439"},{"taxonomy":"product_tag","embeddable":true,"href":"http:\/\/hcc-and-co.com\/fr_fr\/wp-json\/wp\/v2\/product_tag?post=439"}],"curies":[{"name":"wp","href":"https:\/\/api.w.org\/{rel}","templated":true}]}}