{"id":440,"date":"2024-07-04T15:03:21","date_gmt":"2024-07-04T13:03:21","guid":{"rendered":"https:\/\/agangece-advert.sprint-service.be\/?post_type=product&#038;p=440"},"modified":"2024-07-04T15:03:49","modified_gmt":"2024-07-04T13:03:49","slug":"creme-nuit-anti-age","status":"publish","type":"product","link":"http:\/\/hcc-and-co.com\/fr_fr\/product\/creme-nuit-anti-age\/","title":{"rendered":"Cr\u00e8me nuit anti-\u00e2ge"},"content":{"rendered":"<p>Anti-\u00e2ge \u2013 Hydratation renforc\u00e9e <\/p>\n<p>Une cr\u00e8me hautement r\u00e9g\u00e9n\u00e9rante avec une texture ultra onctueuse qui combine des<br \/>\nagents hydratants et r\u00e9parateurs associ\u00e9s \u00e0 l\u2019acide hyaluronique de bas poids mol\u00e9culaire<br \/>\n(AHBPM) pour apporter \u00e0 la peau une souplesse, et an\u00e9antir les signes ext\u00e9rieurs de<br \/>\nvieillesse.<\/p>\n<p>Notre conseil : La cr\u00e8me puissante doit \u00eatre appliqu\u00e9e tous les matins sur le visage et le cou<br \/>\nnettoy\u00e9s, apr\u00e8s le s\u00e9rum puissant.<\/p>\n","protected":false},"excerpt":{"rendered":"<p>Anti-\u00e2ge \u2013 Hydratation renforc\u00e9e <\/p>\n<p>Une cr\u00e8me hautement r\u00e9g\u00e9n\u00e9rante avec une texture ultra onctueuse qui combine des<br \/>\nagents hydratants et r\u00e9parateurs associ\u00e9s \u00e0 l\u2019acide hyaluronique de bas poids mol\u00e9culaire<br \/>\n(AHBPM) pour apporter \u00e0 la peau une souplesse, et an\u00e9antir les signes ext\u00e9rieurs de<br \/>\nvieillesse.<\/p>\n","protected":false},"featured_media":487,"comment_status":"open","ping_status":"closed","template":"","meta":{"_joinchat":[]},"product_brand":[],"product_cat":[84,86],"product_tag":[],"class_list":{"0":"post-440","1":"product","2":"type-product","3":"status-publish","4":"has-post-thumbnail","6":"product_cat-game-hcc","7":"product_cat-soins-anti-age","9":"first","10":"instock","11":"featured","12":"shipping-taxable","13":"purchasable","14":"product-type-simple"},"_links":{"self":[{"href":"http:\/\/hcc-and-co.com\/fr_fr\/wp-json\/wp\/v2\/product\/440","targetHints":{"allow":["GET"]}}],"collection":[{"href":"http:\/\/hcc-and-co.com\/fr_fr\/wp-json\/wp\/v2\/product"}],"about":[{"href":"http:\/\/hcc-and-co.com\/fr_fr\/wp-json\/wp\/v2\/types\/product"}],"replies":[{"embeddable":true,"href":"http:\/\/hcc-and-co.com\/fr_fr\/wp-json\/wp\/v2\/comments?post=440"}],"wp:featuredmedia":[{"embeddable":true,"href":"http:\/\/hcc-and-co.com\/fr_fr\/wp-json\/wp\/v2\/media\/487"}],"wp:attachment":[{"href":"http:\/\/hcc-and-co.com\/fr_fr\/wp-json\/wp\/v2\/media?parent=440"}],"wp:term":[{"taxonomy":"product_brand","embeddable":true,"href":"http:\/\/hcc-and-co.com\/fr_fr\/wp-json\/wp\/v2\/product_brand?post=440"},{"taxonomy":"product_cat","embeddable":true,"href":"http:\/\/hcc-and-co.com\/fr_fr\/wp-json\/wp\/v2\/product_cat?post=440"},{"taxonomy":"product_tag","embeddable":true,"href":"http:\/\/hcc-and-co.com\/fr_fr\/wp-json\/wp\/v2\/product_tag?post=440"}],"curies":[{"name":"wp","href":"https:\/\/api.w.org\/{rel}","templated":true}]}}