{"id":468,"date":"2024-07-04T15:03:43","date_gmt":"2024-07-04T13:03:43","guid":{"rendered":"https:\/\/agangece-advert.sprint-service.be\/?post_type=product&#038;p=468"},"modified":"2026-03-05T17:55:47","modified_gmt":"2026-03-05T16:55:47","slug":"lombacross-activity","status":"publish","type":"product","link":"http:\/\/hcc-and-co.com\/fr_fr\/product\/lombacross-activity\/","title":{"rendered":"LOMBACROSS ACTIVITY"},"content":{"rendered":"<h1><strong>Lomba<\/strong>cross Activity<\/h1>\n<h2><strong>Ceinture de soutien lombaire renforc\u00e9e<\/strong><\/h2>\n<p><u>Indiqu\u00e9e pour<\/u>\u00a0: Lombalgies communes non sp\u00e9cifiques (stades aigu, subaigu et chronique) &#8211; Canal lombaire \u00e9troit<br \/>\n<u>Patient cible<\/u>\u00a0: Patient avec activit\u00e9s intenses, travailleur de force (port de<br \/>\ncharges lourdes\u2026)<\/p>\n<p><strong>\u00c0 RETENIR<\/strong><\/p>\n<p><strong>1 &#8211; Forte compression &amp; maintien renforc\u00e9\u00a0<\/strong>: sangle additionnelle renforc\u00e9e<br \/>\n<strong>2 &#8211; Confort\u00a0<\/strong>: d\u00e9coupes anatomiques au niveau des hanches et des c\u00f4tes<br \/>\n<strong>3 &#8211; Respirabilit\u00e9<\/strong>\u00a0: \u00e9vacue l\u2019humidit\u00e9 gr\u00e2ce au tissu Combitex (brevet\u00e9)<br \/>\n<strong>4 &#8211; Facilit\u00e9 d\u2019entretien<\/strong><\/p>\n","protected":false},"excerpt":{"rendered":"<h2><strong>Ceinture de soutien lombaire renforc\u00e9e<\/strong><\/h2>\n<p><u>Indiqu\u00e9e pour<\/u>\u00a0: Lombalgies communes non sp\u00e9cifiques (stades aigu, subaigu et chronique) &#8211; Canal lombaire \u00e9troit<br \/>\n<u>Patient cible<\/u>\u00a0: Patient avec activit\u00e9s intenses, travailleur de force (port de<br \/>\ncharges lourdes\u2026)<\/p>\n","protected":false},"featured_media":497,"comment_status":"open","ping_status":"closed","template":"","meta":{"_joinchat":[]},"product_brand":[],"product_cat":[96],"product_tag":[],"class_list":{"0":"post-468","1":"product","2":"type-product","3":"status-publish","4":"has-post-thumbnail","6":"product_cat-dos","8":"first","9":"instock","10":"sale","11":"shipping-taxable","12":"purchasable","13":"product-type-simple"},"_links":{"self":[{"href":"http:\/\/hcc-and-co.com\/fr_fr\/wp-json\/wp\/v2\/product\/468","targetHints":{"allow":["GET"]}}],"collection":[{"href":"http:\/\/hcc-and-co.com\/fr_fr\/wp-json\/wp\/v2\/product"}],"about":[{"href":"http:\/\/hcc-and-co.com\/fr_fr\/wp-json\/wp\/v2\/types\/product"}],"replies":[{"embeddable":true,"href":"http:\/\/hcc-and-co.com\/fr_fr\/wp-json\/wp\/v2\/comments?post=468"}],"wp:featuredmedia":[{"embeddable":true,"href":"http:\/\/hcc-and-co.com\/fr_fr\/wp-json\/wp\/v2\/media\/497"}],"wp:attachment":[{"href":"http:\/\/hcc-and-co.com\/fr_fr\/wp-json\/wp\/v2\/media?parent=468"}],"wp:term":[{"taxonomy":"product_brand","embeddable":true,"href":"http:\/\/hcc-and-co.com\/fr_fr\/wp-json\/wp\/v2\/product_brand?post=468"},{"taxonomy":"product_cat","embeddable":true,"href":"http:\/\/hcc-and-co.com\/fr_fr\/wp-json\/wp\/v2\/product_cat?post=468"},{"taxonomy":"product_tag","embeddable":true,"href":"http:\/\/hcc-and-co.com\/fr_fr\/wp-json\/wp\/v2\/product_tag?post=468"}],"curies":[{"name":"wp","href":"https:\/\/api.w.org\/{rel}","templated":true}]}}