{"id":469,"date":"2024-07-04T15:03:43","date_gmt":"2024-07-04T13:03:43","guid":{"rendered":"https:\/\/agangece-advert.sprint-service.be\/?post_type=product&#038;p=469"},"modified":"2026-03-05T17:58:30","modified_gmt":"2026-03-05T16:58:30","slug":"lombamum","status":"publish","type":"product","link":"http:\/\/hcc-and-co.com\/fr_fr\/product\/lombamum\/","title":{"rendered":"LOMBAMUM&rsquo;\u00ae"},"content":{"rendered":"<div class=\"page__title d-none d-sm-flex\">\n<h4 role=\"heading\"><strong style=\"font-size: 2em;\">Lomba<\/strong><span style=\"font-size: 2em; font-weight: bold;\">mum\u2019<\/span><sup style=\"font-weight: bold;\">\u00ae<\/sup><\/h4>\n<\/div>\n<div class=\"clearfix text-formatted field field--name-body field--type-text-with-summary field--label-hidden field__item\" data-vk-read-more-label=\"LIRE PLUS\" data-vk-read-more=\"wrapper\">\n<div id=\"read-more-0\" aria-hidden=\"false\" data-vk-read-more=\"expand\">\n<p>Ceinture lombaire de maternit\u00e9<\/p>\n<p><strong><u>Indiqu\u00e9e pour<\/u>\u00a0:<\/strong>\u00a0Douleurs lombaires li\u00e9es \u00e0 la grossesse, douleurs pelviennes li\u00e9es \u00e0 la grossesse (douleurs pelviennes post\u00e9rieures, douleurs sacro-iliaques, douleurs symphysaires).<\/p>\n<p><strong>\u00c0 RETENIR<\/strong><\/p>\n<p><strong>1 &#8211; Evolutive tout au long de la grossesse<\/strong>\u00a0: 2 bandeaux de soutien abdominal<br \/>\n<strong>2 &#8211; Maintien adaptable<\/strong>\u00a0: sangles additionnelles<br \/>\n<strong>3 &#8211; Confort\u00a0<\/strong>: doublure en fibre de bambou<br \/>\n<strong>Facilit\u00e9 d\u2019entretien<\/strong><\/p>\n<\/div>\n<\/div>\n","protected":false},"excerpt":{"rendered":"<div class=\"page__title d-none d-sm-flex\">\n<h4 role=\"heading\"><strong style=\"font-size: 2em;\">Lomba<\/strong><span style=\"font-size: 2em; font-weight: bold;\">mum\u2019<\/span><sup style=\"font-weight: bold;\">\u00ae<\/sup><\/h4>\n<\/div>\n<div class=\"clearfix text-formatted field field--name-body field--type-text-with-summary field--label-hidden field__item\" data-vk-read-more-label=\"LIRE PLUS\" data-vk-read-more=\"wrapper\">\n<div id=\"read-more-0\" aria-hidden=\"false\" data-vk-read-more=\"expand\">\n<p>Ceinture lombaire de maternit\u00e9<\/p>\n<p><strong><u>Indiqu\u00e9e pour<\/u>\u00a0:<\/strong>\u00a0Douleurs lombaires li\u00e9es \u00e0 la grossesse, douleurs pelviennes li\u00e9es \u00e0 la grossesse (douleurs pelviennes post\u00e9rieures, douleurs sacro-iliaques, douleurs symphysaires).<\/p>\n<\/div>\n<\/div>\n","protected":false},"featured_media":498,"comment_status":"open","ping_status":"closed","template":"","meta":{"_joinchat":[]},"product_brand":[],"product_cat":[96],"product_tag":[],"class_list":{"0":"post-469","1":"product","2":"type-product","3":"status-publish","4":"has-post-thumbnail","6":"product_cat-dos","8":"first","9":"instock","10":"sale","11":"shipping-taxable","12":"purchasable","13":"product-type-simple"},"_links":{"self":[{"href":"http:\/\/hcc-and-co.com\/fr_fr\/wp-json\/wp\/v2\/product\/469","targetHints":{"allow":["GET"]}}],"collection":[{"href":"http:\/\/hcc-and-co.com\/fr_fr\/wp-json\/wp\/v2\/product"}],"about":[{"href":"http:\/\/hcc-and-co.com\/fr_fr\/wp-json\/wp\/v2\/types\/product"}],"replies":[{"embeddable":true,"href":"http:\/\/hcc-and-co.com\/fr_fr\/wp-json\/wp\/v2\/comments?post=469"}],"wp:featuredmedia":[{"embeddable":true,"href":"http:\/\/hcc-and-co.com\/fr_fr\/wp-json\/wp\/v2\/media\/498"}],"wp:attachment":[{"href":"http:\/\/hcc-and-co.com\/fr_fr\/wp-json\/wp\/v2\/media?parent=469"}],"wp:term":[{"taxonomy":"product_brand","embeddable":true,"href":"http:\/\/hcc-and-co.com\/fr_fr\/wp-json\/wp\/v2\/product_brand?post=469"},{"taxonomy":"product_cat","embeddable":true,"href":"http:\/\/hcc-and-co.com\/fr_fr\/wp-json\/wp\/v2\/product_cat?post=469"},{"taxonomy":"product_tag","embeddable":true,"href":"http:\/\/hcc-and-co.com\/fr_fr\/wp-json\/wp\/v2\/product_tag?post=469"}],"curies":[{"name":"wp","href":"https:\/\/api.w.org\/{rel}","templated":true}]}}