{"id":471,"date":"2024-07-04T15:03:43","date_gmt":"2024-07-04T13:03:43","guid":{"rendered":"https:\/\/agangece-advert.sprint-service.be\/?post_type=product&#038;p=471"},"modified":"2026-03-05T17:59:43","modified_gmt":"2026-03-05T16:59:43","slug":"lombax-original","status":"publish","type":"product","link":"http:\/\/hcc-and-co.com\/fr_fr\/product\/lombax-original\/","title":{"rendered":"LOMBAX ORIGINAL"},"content":{"rendered":"<div class=\"page__title d-none d-sm-flex\">\n<h4 role=\"heading\"><strong style=\"font-size: 2em;\">Lombax <\/strong><span style=\"font-size: 2em; font-weight: bold;\">Original<\/span><\/h4>\n<\/div>\n<div class=\"clearfix text-formatted field field--name-body field--type-text-with-summary field--label-hidden field__item\" data-vk-read-more-label=\"LIRE PLUS\" data-vk-read-more=\"wrapper\">\n<div id=\"read-more-0\" aria-hidden=\"false\" data-vk-read-more=\"expand\">\n<h2><strong>Ceinture pour un port occasionnel<\/strong><\/h2>\n<p><u>Indiqu\u00e9e pour<\/u>\u00a0: Lombalgies communes non sp\u00e9cifiques<br \/>\n(stades aigu, subaigu et chronique) &#8211; Canal lombaire \u00e9troit<br \/>\n<u>Patient cible<\/u>\u00a0: Patients avec activit\u00e9 mod\u00e9r\u00e9e, port occasionnel<\/p>\n<p><strong>\u00c0 RETENIR<\/strong><\/p>\n<p><strong>compression \u00e9lastique forte et robustesse<\/strong>: tissu Lombax<br \/>\n<strong>Confort et respirabilit\u00e9\u00a0<\/strong>: plastron dorsalen tricot 3D<br \/>\n<strong>Facilit\u00e9 de mise en place<\/strong>\u00a0: fermeture en deux parties<br \/>\n<strong>Facilit\u00e9 d\u2019entretien<\/strong><\/p>\n<\/div>\n<\/div>\n","protected":false},"excerpt":{"rendered":"<div class=\"page__title d-none d-sm-flex\">\n<h4 role=\"heading\"><strong style=\"font-size: 2em;\">Lombax <\/strong><span style=\"font-size: 2em; font-weight: bold;\">Original<\/span><\/h4>\n<\/div>\n<div class=\"clearfix text-formatted field field--name-body field--type-text-with-summary field--label-hidden field__item\" data-vk-read-more-label=\"LIRE PLUS\" data-vk-read-more=\"wrapper\">\n<div id=\"read-more-0\" aria-hidden=\"false\" data-vk-read-more=\"expand\">\n<h2><strong>Ceinture pour un port occasionnel<\/strong><\/h2>\n<p><u>Indiqu\u00e9e pour<\/u>\u00a0: Lombalgies communes non sp\u00e9cifiques<br \/>\n(stades aigu, subaigu et chronique) &#8211; Canal lombaire \u00e9troit<br \/>\n<u>Patient cible<\/u>\u00a0: Patients avec activit\u00e9 mod\u00e9r\u00e9e, port occasionnel<\/p>\n<\/div>\n<\/div>\n","protected":false},"featured_media":500,"comment_status":"open","ping_status":"closed","template":"","meta":{"_joinchat":[]},"product_brand":[],"product_cat":[96],"product_tag":[],"class_list":{"0":"post-471","1":"product","2":"type-product","3":"status-publish","4":"has-post-thumbnail","6":"product_cat-dos","8":"first","9":"instock","10":"sale","11":"shipping-taxable","12":"purchasable","13":"product-type-simple"},"_links":{"self":[{"href":"http:\/\/hcc-and-co.com\/fr_fr\/wp-json\/wp\/v2\/product\/471","targetHints":{"allow":["GET"]}}],"collection":[{"href":"http:\/\/hcc-and-co.com\/fr_fr\/wp-json\/wp\/v2\/product"}],"about":[{"href":"http:\/\/hcc-and-co.com\/fr_fr\/wp-json\/wp\/v2\/types\/product"}],"replies":[{"embeddable":true,"href":"http:\/\/hcc-and-co.com\/fr_fr\/wp-json\/wp\/v2\/comments?post=471"}],"wp:featuredmedia":[{"embeddable":true,"href":"http:\/\/hcc-and-co.com\/fr_fr\/wp-json\/wp\/v2\/media\/500"}],"wp:attachment":[{"href":"http:\/\/hcc-and-co.com\/fr_fr\/wp-json\/wp\/v2\/media?parent=471"}],"wp:term":[{"taxonomy":"product_brand","embeddable":true,"href":"http:\/\/hcc-and-co.com\/fr_fr\/wp-json\/wp\/v2\/product_brand?post=471"},{"taxonomy":"product_cat","embeddable":true,"href":"http:\/\/hcc-and-co.com\/fr_fr\/wp-json\/wp\/v2\/product_cat?post=471"},{"taxonomy":"product_tag","embeddable":true,"href":"http:\/\/hcc-and-co.com\/fr_fr\/wp-json\/wp\/v2\/product_tag?post=471"}],"curies":[{"name":"wp","href":"https:\/\/api.w.org\/{rel}","templated":true}]}}