{"id":472,"date":"2024-07-04T15:03:43","date_gmt":"2024-07-04T13:03:43","guid":{"rendered":"https:\/\/agangece-advert.sprint-service.be\/?post_type=product&#038;p=472"},"modified":"2026-03-05T18:00:13","modified_gmt":"2026-03-05T17:00:13","slug":"stomex","status":"publish","type":"product","link":"http:\/\/hcc-and-co.com\/fr_fr\/product\/stomex\/","title":{"rendered":"Stomex"},"content":{"rendered":"<h1><strong>Stomex<\/strong><\/h1>\n<h1>Ceinture de soutien abdominal<\/h1>\n<p>Indiqu\u00e9e pour : Stomie<br \/>\nConditions abdominales post-op\u00e9ratoires<\/p>\n<p><strong>\u00c0 RETENIR<\/strong><\/p>\n<p><strong>Facilit\u00e9 d\u2019utilisation\u00a0<\/strong>: plastron ant\u00e9rieur en tissu ind\u00e9maillable, pour le passage des drains et poches de stomie<br \/>\n<strong>Forte compression et ciblage pr\u00e9cis de la zone abdominale douloureuse\u00a0<\/strong>: tissu \u00e9lastique. Adaptable \u00e0 diff\u00e9rentes<br \/>\nmorphologies et soutien flexible : baleines souples abdominales et dorsales amovibles.<br \/>\n<strong>Facilit\u00e9 de mise en place<\/strong>\u00a0: gr\u00e2ce aux passe-pouces.<br \/>\n<strong>Facilit\u00e9 d\u2019entretien<\/strong><\/p>\n","protected":false},"excerpt":{"rendered":"<h1><strong>Stomex<\/strong><\/h1>\n<h1>Ceinture de soutien abdominal<\/h1>\n<p>Indiqu\u00e9e pour : Stomie<br \/>\nConditions abdominales post-op\u00e9ratoires<\/p>\n","protected":false},"featured_media":520,"comment_status":"open","ping_status":"closed","template":"","meta":{"_joinchat":[]},"product_brand":[],"product_cat":[96],"product_tag":[],"class_list":{"0":"post-472","1":"product","2":"type-product","3":"status-publish","4":"has-post-thumbnail","6":"product_cat-dos","8":"first","9":"instock","10":"sale","11":"shipping-taxable","12":"purchasable","13":"product-type-simple"},"_links":{"self":[{"href":"http:\/\/hcc-and-co.com\/fr_fr\/wp-json\/wp\/v2\/product\/472","targetHints":{"allow":["GET"]}}],"collection":[{"href":"http:\/\/hcc-and-co.com\/fr_fr\/wp-json\/wp\/v2\/product"}],"about":[{"href":"http:\/\/hcc-and-co.com\/fr_fr\/wp-json\/wp\/v2\/types\/product"}],"replies":[{"embeddable":true,"href":"http:\/\/hcc-and-co.com\/fr_fr\/wp-json\/wp\/v2\/comments?post=472"}],"wp:featuredmedia":[{"embeddable":true,"href":"http:\/\/hcc-and-co.com\/fr_fr\/wp-json\/wp\/v2\/media\/520"}],"wp:attachment":[{"href":"http:\/\/hcc-and-co.com\/fr_fr\/wp-json\/wp\/v2\/media?parent=472"}],"wp:term":[{"taxonomy":"product_brand","embeddable":true,"href":"http:\/\/hcc-and-co.com\/fr_fr\/wp-json\/wp\/v2\/product_brand?post=472"},{"taxonomy":"product_cat","embeddable":true,"href":"http:\/\/hcc-and-co.com\/fr_fr\/wp-json\/wp\/v2\/product_cat?post=472"},{"taxonomy":"product_tag","embeddable":true,"href":"http:\/\/hcc-and-co.com\/fr_fr\/wp-json\/wp\/v2\/product_tag?post=472"}],"curies":[{"name":"wp","href":"https:\/\/api.w.org\/{rel}","templated":true}]}}