{"id":473,"date":"2024-07-04T15:03:43","date_gmt":"2024-07-04T13:03:43","guid":{"rendered":"https:\/\/agangece-advert.sprint-service.be\/?post_type=product&#038;p=473"},"modified":"2026-03-05T18:01:38","modified_gmt":"2026-03-05T17:01:38","slug":"ortel-p","status":"publish","type":"product","link":"http:\/\/hcc-and-co.com\/fr_fr\/product\/ortel-p\/","title":{"rendered":"Ortel\u00a0P"},"content":{"rendered":"<h1><strong>Ortel<\/strong>\u00a0P<\/h1>\n<p>Ceinture pelvienne<\/p>\n<p><u>Indiqu\u00e9e pour<\/u>\u00a0: Douleurs lombaires, douleurs pelviennes li\u00e9es \u00e0 la grossesse (douleurs pelviennes post\u00e9rieures, douleurs sacro-iliaques,<br \/>\ndouleurs symphysaires).<\/p>\n<p><strong>\u00c0 RETENIR<\/strong><\/p>\n<p><strong>Forte compression adaptable<\/strong>\u00a0: tissu \u00e9lastique et sangleadditionnelle<br \/>\n<strong>Confort\u00a0<\/strong>: doublure en tissu-\u00e9ponge doux<br \/>\n<strong>Entretien facilit\u00e9<\/strong><\/p>\n","protected":false},"excerpt":{"rendered":"<h1><strong>Ortel<\/strong>\u00a0P<\/h1>\n<p>Ceinture pelvienne<\/p>\n<p><u>Indiqu\u00e9e pour<\/u>\u00a0: Douleurs lombaires, douleurs pelviennes li\u00e9es \u00e0 la grossesse (douleurs pelviennes post\u00e9rieures, douleurs sacro-iliaques,<br \/>\ndouleurs symphysaires).<\/p>\n<p>&nbsp;<\/p>\n","protected":false},"featured_media":521,"comment_status":"open","ping_status":"closed","template":"","meta":{"_joinchat":[]},"product_brand":[],"product_cat":[96],"product_tag":[],"class_list":{"0":"post-473","1":"product","2":"type-product","3":"status-publish","4":"has-post-thumbnail","6":"product_cat-dos","8":"first","9":"instock","10":"sale","11":"shipping-taxable","12":"purchasable","13":"product-type-simple"},"_links":{"self":[{"href":"http:\/\/hcc-and-co.com\/fr_fr\/wp-json\/wp\/v2\/product\/473","targetHints":{"allow":["GET"]}}],"collection":[{"href":"http:\/\/hcc-and-co.com\/fr_fr\/wp-json\/wp\/v2\/product"}],"about":[{"href":"http:\/\/hcc-and-co.com\/fr_fr\/wp-json\/wp\/v2\/types\/product"}],"replies":[{"embeddable":true,"href":"http:\/\/hcc-and-co.com\/fr_fr\/wp-json\/wp\/v2\/comments?post=473"}],"wp:featuredmedia":[{"embeddable":true,"href":"http:\/\/hcc-and-co.com\/fr_fr\/wp-json\/wp\/v2\/media\/521"}],"wp:attachment":[{"href":"http:\/\/hcc-and-co.com\/fr_fr\/wp-json\/wp\/v2\/media?parent=473"}],"wp:term":[{"taxonomy":"product_brand","embeddable":true,"href":"http:\/\/hcc-and-co.com\/fr_fr\/wp-json\/wp\/v2\/product_brand?post=473"},{"taxonomy":"product_cat","embeddable":true,"href":"http:\/\/hcc-and-co.com\/fr_fr\/wp-json\/wp\/v2\/product_cat?post=473"},{"taxonomy":"product_tag","embeddable":true,"href":"http:\/\/hcc-and-co.com\/fr_fr\/wp-json\/wp\/v2\/product_tag?post=473"}],"curies":[{"name":"wp","href":"https:\/\/api.w.org\/{rel}","templated":true}]}}