{"id":478,"date":"2024-07-04T15:03:43","date_gmt":"2024-07-04T13:03:43","guid":{"rendered":"https:\/\/agangece-advert.sprint-service.be\/?post_type=product&#038;p=478"},"modified":"2026-03-05T18:08:39","modified_gmt":"2026-03-05T17:08:39","slug":"lombastab-dorso","status":"publish","type":"product","link":"http:\/\/hcc-and-co.com\/fr_fr\/product\/lombastab-dorso\/","title":{"rendered":"LombaStab Dorso"},"content":{"rendered":"<p><strong>LombaStab Dorso<\/strong><br \/>\nCeinture de soutien thoraco-lombaire<\/p>\n<p>Indiqu\u00e9e pour : Lombalgies communes non sp\u00e9cifiques (aigu\u00eb, subaigu\u00eb, chronique) &#8211; Troubles statiques (cyphose ou lordose) &#8211; Fracture vert\u00e9brale stable &#8211; Maladie de Scheuermann<\/p>\n<p><strong>\u00c0 RETENIR<\/strong><br \/>\n<strong>LE PLUS<\/strong>\u00a0LombaStab dorso<\/p>\n<p><strong>Adaptable \u00e0 la taille du patient <\/strong>avec l\u2019attelle dorsale en aluminium conformable qui se r\u00e8gle en hauteur de 36 cm \u00e0 61 cm<br \/>\n<strong>Confortable<\/strong>\u00a0: la forme des bretelles lib\u00e8re les aisselles<br \/>\n<strong>Maintien du patient en hyperextension<\/strong>\u00a0avec le soutien sternal et les bretelles<\/p>\n","protected":false},"excerpt":{"rendered":"<p><strong>LombaStab Dorso<\/strong><br \/>\nCeinture de soutien thoraco-lombaire<\/p>\n<p>Indiqu\u00e9e pour : Lombalgies communes non sp\u00e9cifiques (aigu\u00eb, subaigu\u00eb, chronique) &#8211; Troubles statiques (cyphose ou lordose) &#8211; Fracture vert\u00e9brale stable &#8211; Maladie de Scheuermann<\/p>\n<p>&nbsp;<\/p>\n","protected":false},"featured_media":526,"comment_status":"open","ping_status":"closed","template":"","meta":{"_joinchat":[]},"product_brand":[],"product_cat":[96],"product_tag":[],"class_list":{"0":"post-478","1":"product","2":"type-product","3":"status-publish","4":"has-post-thumbnail","6":"product_cat-dos","8":"first","9":"instock","10":"sale","11":"shipping-taxable","12":"purchasable","13":"product-type-simple"},"_links":{"self":[{"href":"http:\/\/hcc-and-co.com\/fr_fr\/wp-json\/wp\/v2\/product\/478","targetHints":{"allow":["GET"]}}],"collection":[{"href":"http:\/\/hcc-and-co.com\/fr_fr\/wp-json\/wp\/v2\/product"}],"about":[{"href":"http:\/\/hcc-and-co.com\/fr_fr\/wp-json\/wp\/v2\/types\/product"}],"replies":[{"embeddable":true,"href":"http:\/\/hcc-and-co.com\/fr_fr\/wp-json\/wp\/v2\/comments?post=478"}],"wp:featuredmedia":[{"embeddable":true,"href":"http:\/\/hcc-and-co.com\/fr_fr\/wp-json\/wp\/v2\/media\/526"}],"wp:attachment":[{"href":"http:\/\/hcc-and-co.com\/fr_fr\/wp-json\/wp\/v2\/media?parent=478"}],"wp:term":[{"taxonomy":"product_brand","embeddable":true,"href":"http:\/\/hcc-and-co.com\/fr_fr\/wp-json\/wp\/v2\/product_brand?post=478"},{"taxonomy":"product_cat","embeddable":true,"href":"http:\/\/hcc-and-co.com\/fr_fr\/wp-json\/wp\/v2\/product_cat?post=478"},{"taxonomy":"product_tag","embeddable":true,"href":"http:\/\/hcc-and-co.com\/fr_fr\/wp-json\/wp\/v2\/product_tag?post=478"}],"curies":[{"name":"wp","href":"https:\/\/api.w.org\/{rel}","templated":true}]}}