{"id":545,"date":"2024-07-04T15:04:17","date_gmt":"2024-07-04T13:04:17","guid":{"rendered":"https:\/\/agangece-advert.sprint-service.be\/?post_type=product&#038;p=545"},"modified":"2024-07-04T15:04:33","modified_gmt":"2024-07-04T13:04:33","slug":"the-ordinary-acide-azaleique-suspension-10-t-30ml","status":"publish","type":"product","link":"http:\/\/hcc-and-co.com\/fr_fr\/product\/the-ordinary-acide-azaleique-suspension-10-t-30ml\/","title":{"rendered":"THE ORDINARY ACIDE AZALEIQUE SUSPENSION 10% T\/30ml"},"content":{"rendered":"<p>Nom du produit : The Ordinary Acide Az\u00e9la\u00efque Suspension 10%-30 ml<\/p>\n<p>Description : The Ordinary Acide Az\u00e9la\u00efque Suspension est une solution \u00e0 10% pour une peau plus saine et plus lumineuse. Il contient de l&rsquo;acide az\u00e9la\u00efque, un ingr\u00e9dient actif connu pour ses propri\u00e9t\u00e9s anti-inflammatoires et antioxydantes. Ce produit est con\u00e7u pour am\u00e9liorer l&rsquo;apparence de la peau en r\u00e9duisant les signes de l&rsquo;acn\u00e9, de l&rsquo;irritation et des taches brunes. Il est \u00e9galement efficace pour lisser les ridules et am\u00e9liorer la texture de la peau.<\/p>\n<p>B\u00e9n\u00e9fices cl\u00e9s :<\/p>\n<p>Traite les signes de l&rsquo;acn\u00e9 et des taches brunes<br \/>\nAm\u00e9liore la texture de la peau<br \/>\nR\u00e9duit les rides et ridules<br \/>\nAntioxydant et anti-inflammatoire<br \/>\nFormul\u00e9 sans parab\u00e8nes, sulfates et phtalates<br \/>\nUtilisation : Apr\u00e8s avoir nettoy\u00e9 et s\u00e9ch\u00e9 votre peau, appliquez une petite quantit\u00e9 de The Ordinary Acide Az\u00e9la\u00efque Suspension sur les zones \u00e0 traiter. Laisser s\u00e9cher pendant environ 2 minutes avant d&rsquo;appliquer d&rsquo;autres produits de soin de la peau. Utiliser une \u00e0 deux fois par jour pour de meilleurs r\u00e9sultats.<\/p>\n<p>Conseils : Ce produit est destin\u00e9 \u00e0 un usage externe uniquement. \u00c9vitez tout contact avec les yeux. Si une irritation se produit, arr\u00eatez imm\u00e9diatement l&rsquo;utilisation. Consultez un m\u00e9decin si n\u00e9cessaire.<\/p>\n","protected":false},"excerpt":{"rendered":"<p>Nom du produit : The Ordinary Acide Az\u00e9la\u00efque Suspension 10%-30 ml<\/p>\n<p>Description : The Ordinary Acide Az\u00e9la\u00efque Suspension est une solution \u00e0 10% pour une peau plus saine et plus lumineuse. Il contient de l&rsquo;acide az\u00e9la\u00efque, un ingr\u00e9dient actif connu pour ses propri\u00e9t\u00e9s anti-inflammatoires et antioxydantes. Ce produit est con\u00e7u pour am\u00e9liorer l&rsquo;apparence de la peau en r\u00e9duisant les signes de l&rsquo;acn\u00e9, de l&rsquo;irritation et des taches brunes. Il est \u00e9galement efficace pour lisser les ridules et am\u00e9liorer la texture de la peau.<\/p>\n","protected":false},"featured_media":561,"comment_status":"open","ping_status":"closed","template":"","meta":{"_joinchat":[]},"product_brand":[],"product_cat":[106],"product_tag":[],"class_list":{"0":"post-545","1":"product","2":"type-product","3":"status-publish","4":"has-post-thumbnail","6":"product_cat-ordinary","8":"first","9":"instock","10":"sale","11":"shipping-taxable","12":"purchasable","13":"product-type-simple"},"_links":{"self":[{"href":"http:\/\/hcc-and-co.com\/fr_fr\/wp-json\/wp\/v2\/product\/545","targetHints":{"allow":["GET"]}}],"collection":[{"href":"http:\/\/hcc-and-co.com\/fr_fr\/wp-json\/wp\/v2\/product"}],"about":[{"href":"http:\/\/hcc-and-co.com\/fr_fr\/wp-json\/wp\/v2\/types\/product"}],"replies":[{"embeddable":true,"href":"http:\/\/hcc-and-co.com\/fr_fr\/wp-json\/wp\/v2\/comments?post=545"}],"wp:featuredmedia":[{"embeddable":true,"href":"http:\/\/hcc-and-co.com\/fr_fr\/wp-json\/wp\/v2\/media\/561"}],"wp:attachment":[{"href":"http:\/\/hcc-and-co.com\/fr_fr\/wp-json\/wp\/v2\/media?parent=545"}],"wp:term":[{"taxonomy":"product_brand","embeddable":true,"href":"http:\/\/hcc-and-co.com\/fr_fr\/wp-json\/wp\/v2\/product_brand?post=545"},{"taxonomy":"product_cat","embeddable":true,"href":"http:\/\/hcc-and-co.com\/fr_fr\/wp-json\/wp\/v2\/product_cat?post=545"},{"taxonomy":"product_tag","embeddable":true,"href":"http:\/\/hcc-and-co.com\/fr_fr\/wp-json\/wp\/v2\/product_tag?post=545"}],"curies":[{"name":"wp","href":"https:\/\/api.w.org\/{rel}","templated":true}]}}