{"id":549,"date":"2024-07-04T15:04:17","date_gmt":"2024-07-04T13:04:17","guid":{"rendered":"https:\/\/agangece-advert.sprint-service.be\/?post_type=product&#038;p=549"},"modified":"2024-07-04T15:05:00","modified_gmt":"2024-07-04T13:05:00","slug":"the-ordinary-acide-hyaluronique-2-b5-fl-30ml","status":"publish","type":"product","link":"http:\/\/hcc-and-co.com\/fr_fr\/product\/the-ordinary-acide-hyaluronique-2-b5-fl-30ml\/","title":{"rendered":"THE ORDINARY ACIDE HYALURONIQUE 2% + B5 Fl\/30ml"},"content":{"rendered":"<p>Titre : The Ordinary Acide Hyaluronique 2% + B5 &#8211; S\u00e9rum Hydratant<\/p>\n<p>Description : Ce s\u00e9rum hydrate en profondeur et nourrit la peau gr\u00e2ce \u00e0 l&rsquo;acide hyaluronique 2% et \u00e0 la vitamine B5. Ce produit permet d&rsquo;obtenir une peau plus lumineuse, plus hydrat\u00e9e et plus jeune. Il convient \u00e0 tous les types de peau et peut \u00eatre utilis\u00e9 matin et soir pour de meilleurs r\u00e9sultats.<\/p>\n<p>B\u00e9n\u00e9fices cl\u00e9s :<\/p>\n<p>Hydrate la peau en profondeur<br \/>\nAm\u00e9liore la luminosit\u00e9 de la peau<br \/>\nNourrit la peau avec la vitamine B5<br \/>\nConvient \u00e0 tous les types de peau<br \/>\nPeut \u00eatre utilis\u00e9 matin et soir pour de meilleurs r\u00e9sultats<br \/>\nIngr\u00e9dients : Acide Hyaluronique 2% et Vitamine B5<\/p>\n<p>Format : Flacon de 30 ml<\/p>\n<p>Utilisation : Appliquez une petite quantit\u00e9 sur votre visage propre et sec en \u00e9vitant le contour des yeux. Massez d\u00e9licatement jusqu&rsquo;\u00e0 ce que le s\u00e9rum soit compl\u00e8tement absorb\u00e9. Utilisez matin et soir pour de meilleurs r\u00e9sultats.<\/p>\n<p>Mots-cl\u00e9s : Acide Hyaluronique, S\u00e9rum Hydratant, Vitamine B5, Hydratation, Luminosit\u00e9, Peau plus jeune.<\/p>\n","protected":false},"excerpt":{"rendered":"<p>Titre : The Ordinary Acide Hyaluronique 2% + B5 &#8211; S\u00e9rum Hydratant<\/p>\n<p>Description : Ce s\u00e9rum hydrate en profondeur et nourrit la peau gr\u00e2ce \u00e0 l&rsquo;acide hyaluronique 2% et \u00e0 la vitamine B5. Ce produit permet d&rsquo;obtenir une peau plus lumineuse, plus hydrat\u00e9e et plus jeune. Il convient \u00e0 tous les types de peau et peut \u00eatre utilis\u00e9 matin et soir pour de meilleurs r\u00e9sultats.<\/p>\n","protected":false},"featured_media":569,"comment_status":"open","ping_status":"closed","template":"","meta":{"_joinchat":[]},"product_brand":[],"product_cat":[106],"product_tag":[],"class_list":{"0":"post-549","1":"product","2":"type-product","3":"status-publish","4":"has-post-thumbnail","6":"product_cat-ordinary","8":"first","9":"instock","10":"sale","11":"shipping-taxable","12":"purchasable","13":"product-type-simple"},"_links":{"self":[{"href":"http:\/\/hcc-and-co.com\/fr_fr\/wp-json\/wp\/v2\/product\/549","targetHints":{"allow":["GET"]}}],"collection":[{"href":"http:\/\/hcc-and-co.com\/fr_fr\/wp-json\/wp\/v2\/product"}],"about":[{"href":"http:\/\/hcc-and-co.com\/fr_fr\/wp-json\/wp\/v2\/types\/product"}],"replies":[{"embeddable":true,"href":"http:\/\/hcc-and-co.com\/fr_fr\/wp-json\/wp\/v2\/comments?post=549"}],"wp:featuredmedia":[{"embeddable":true,"href":"http:\/\/hcc-and-co.com\/fr_fr\/wp-json\/wp\/v2\/media\/569"}],"wp:attachment":[{"href":"http:\/\/hcc-and-co.com\/fr_fr\/wp-json\/wp\/v2\/media?parent=549"}],"wp:term":[{"taxonomy":"product_brand","embeddable":true,"href":"http:\/\/hcc-and-co.com\/fr_fr\/wp-json\/wp\/v2\/product_brand?post=549"},{"taxonomy":"product_cat","embeddable":true,"href":"http:\/\/hcc-and-co.com\/fr_fr\/wp-json\/wp\/v2\/product_cat?post=549"},{"taxonomy":"product_tag","embeddable":true,"href":"http:\/\/hcc-and-co.com\/fr_fr\/wp-json\/wp\/v2\/product_tag?post=549"}],"curies":[{"name":"wp","href":"https:\/\/api.w.org\/{rel}","templated":true}]}}