{"id":553,"date":"2024-07-04T15:04:18","date_gmt":"2024-07-04T13:04:18","guid":{"rendered":"https:\/\/agangece-advert.sprint-service.be\/?post_type=product&#038;p=553"},"modified":"2024-07-04T15:05:14","modified_gmt":"2024-07-04T13:05:14","slug":"the-ordinary-hydratation-ha-t-100ml","status":"publish","type":"product","link":"http:\/\/hcc-and-co.com\/fr_fr\/product\/the-ordinary-hydratation-ha-t-100ml\/","title":{"rendered":"THE ORDINARY HYDRATATION + HA T\/100ml"},"content":{"rendered":"<p>The Ordinary Natural Moisturizing Factors + HA 100 ml &#8211; Hydrate et nourrisse votre peau en profondeur<\/p>\n<p>Description : The Ordinary Natural Moisturizing Factors + HA 100 ml est une formule hydratante hautement concentr\u00e9e qui apporte \u00e0 votre peau une hydratation intense et une nutrition profonde. Con\u00e7u pour tous les types de peau, ce produit contient des facteurs d&rsquo;hydratation naturels et de l&rsquo;acide hyaluronique pour aider \u00e0 maintenir l&rsquo;\u00e9quilibre hydrique de votre peau et \u00e0 am\u00e9liorer son apparence g\u00e9n\u00e9rale.<\/p>\n<p>Les avantages cl\u00e9s :<\/p>\n<p>Hydrate votre peau en profondeur<br \/>\nNourrit votre peau pour une apparence plus jeune et plus saine<br \/>\nContient des facteurs d&rsquo;hydratation naturels pour maintenir l&rsquo;\u00e9quilibre hydrique de votre peau<br \/>\nConvient \u00e0 tous les types de peau<br \/>\nAbsorption rapide et non collante<br \/>\nConseils d&rsquo;utilisation : Appliquez une petite quantit\u00e9 de The Ordinary Natural Moisturizing Factors + HA 100 ml sur le visage et le cou propres et secs, le matin et le soir. Masser d\u00e9licatement pour faire p\u00e9n\u00e9trer la formule dans votre peau. Utilisez seul ou en combinaison avec d&rsquo;autres produits de soins de la peau pour obtenir les meilleurs r\u00e9sultats.<\/p>\n<p>Pour une peau plus hydrat\u00e9e et plus nourrie, choisissez The Ordinary Natural Moisturizing Factors + HA 100 ml. Commandez d\u00e8s maintenant !<\/p>\n","protected":false},"excerpt":{"rendered":"<p>The Ordinary Natural Moisturizing Factors + HA 100 ml est une formule hydratante hautement concentr\u00e9e qui apporte \u00e0 votre peau une hydratation intense et une nutrition profonde. Con\u00e7u pour tous les types de peau, ce produit contient des facteurs d&rsquo;hydratation naturels et de l&rsquo;acide hyaluronique pour aider \u00e0 maintenir l&rsquo;\u00e9quilibre hydrique de votre peau et \u00e0 am\u00e9liorer son apparence g\u00e9n\u00e9rale.<\/p>\n","protected":false},"featured_media":575,"comment_status":"open","ping_status":"closed","template":"","meta":{"_joinchat":[]},"product_brand":[],"product_cat":[106],"product_tag":[],"class_list":{"0":"post-553","1":"product","2":"type-product","3":"status-publish","4":"has-post-thumbnail","6":"product_cat-ordinary","8":"first","9":"instock","10":"sale","11":"shipping-taxable","12":"purchasable","13":"product-type-simple"},"_links":{"self":[{"href":"http:\/\/hcc-and-co.com\/fr_fr\/wp-json\/wp\/v2\/product\/553","targetHints":{"allow":["GET"]}}],"collection":[{"href":"http:\/\/hcc-and-co.com\/fr_fr\/wp-json\/wp\/v2\/product"}],"about":[{"href":"http:\/\/hcc-and-co.com\/fr_fr\/wp-json\/wp\/v2\/types\/product"}],"replies":[{"embeddable":true,"href":"http:\/\/hcc-and-co.com\/fr_fr\/wp-json\/wp\/v2\/comments?post=553"}],"wp:featuredmedia":[{"embeddable":true,"href":"http:\/\/hcc-and-co.com\/fr_fr\/wp-json\/wp\/v2\/media\/575"}],"wp:attachment":[{"href":"http:\/\/hcc-and-co.com\/fr_fr\/wp-json\/wp\/v2\/media?parent=553"}],"wp:term":[{"taxonomy":"product_brand","embeddable":true,"href":"http:\/\/hcc-and-co.com\/fr_fr\/wp-json\/wp\/v2\/product_brand?post=553"},{"taxonomy":"product_cat","embeddable":true,"href":"http:\/\/hcc-and-co.com\/fr_fr\/wp-json\/wp\/v2\/product_cat?post=553"},{"taxonomy":"product_tag","embeddable":true,"href":"http:\/\/hcc-and-co.com\/fr_fr\/wp-json\/wp\/v2\/product_tag?post=553"}],"curies":[{"name":"wp","href":"https:\/\/api.w.org\/{rel}","templated":true}]}}