{"id":825,"date":"2024-08-29T03:40:35","date_gmt":"2024-08-29T01:40:35","guid":{"rendered":"https:\/\/agangece-advert.sprint-service.be\/?post_type=product&#038;p=825"},"modified":"2024-08-29T03:40:35","modified_gmt":"2024-08-29T01:40:35","slug":"maxi-control","status":"publish","type":"product","link":"http:\/\/hcc-and-co.com\/fr_fr\/product\/maxi-control\/","title":{"rendered":"MAXI CONTROL"},"content":{"rendered":"<p>Ce compl\u00e9ment alimentaire est sp\u00e9cialement con\u00e7u pour les hommes confront\u00e9s \u00e0 des d\u00e9fis tels que\u00a0<strong>l&rsquo;\u00e9jaculation pr\u00e9coce, une endurance r\u00e9duite ou le stress associ\u00e9 \u00e0 la performance sexuelle.<\/strong><br \/>\n<strong>Avantages de MaxiControl :<\/strong><br \/>\nRiche en ingr\u00e9dients naturels tels que l&rsquo;Asparagus racemosus, la Rhodiola, le Tribulus et le Ginseng, MaxiControl\u00a0<strong>vise \u00e0 am\u00e9liorer l&rsquo;endurance sexuelle, att\u00e9nuer le stress et favoriser un \u00e9quilibre \u00e9motionnel.<\/strong><\/p>\n<p>Extrait d\u2019Asparagus racemosus (shatavari), Extrait de Rhodiola (Sedum roseum), Extrait de Tribulus (Tribulus terrestris), Extrait de Ginseng (Panax Ginseng Meyer), Anti-agglom\u00e9rants : Sels de Magn\u00e9sium d\u2019acides gras, Pyridoxine (Vitamine B6), Chlorhydrate de Thiamine (Vitamine B1), Acide Folique (Vitamine B9). G\u00e9lule v\u00e9g\u00e9tale (Hydroxypropylm\u00e9thylcellulose).<br \/>\nValeurs nutritionnelles pour 2 g\u00e9lules :<br \/>\nComposant \u00a0\u00a0\u00a0 \u00a0\u00a0\u00a0\u00a0\u00a0\u00a0\u00a0\u00a0\u00a0\u00a0\u00a0\u00a0\u00a0\u00a0\u00a0\u00a0\u00a0\u00a0\u00a0\u00a0\u00a0\u00a0\u00a0\u00a0\u00a0\u00a0\u00a0\u00a0\u00a0\u00a0\u00a0\u00a0\u00a0\u00a0\u00a0\u00a0\u00a0\u00a0\u00a0\u00a0\u00a0\u00a0\u00a0\u00a0\u00a0\u00a0\u00a0\u00a0\u00a0\u00a0\u00a0\u00a0\u00a0\u00a0\u00a0\u00a0\u00a0\u00a0\u00a0\u00a0\u00a0\u00a0\u00a0\u00a0\u00a0\u00a0 Valeur<br \/>\nExtrait d\u2019Asparagus racemosus (racine)200\u00a0\u00a0\u00a0 200 mg<br \/>\nExtrait de Rhodiola (racine)200 \u00a0\u00a0\u00a0 \u00a0\u00a0\u00a0\u00a0\u00a0\u00a0\u00a0\u00a0\u00a0\u00a0\u00a0\u00a0\u00a0\u00a0\u00a0\u00a0\u00a0\u00a0\u00a0\u00a0\u00a0\u00a0\u00a0 200 mg<br \/>\nExtrait de Tribulus (fruit)150 \u00a0\u00a0\u00a0 \u00a0\u00a0\u00a0\u00a0\u00a0\u00a0\u00a0\u00a0\u00a0\u00a0\u00a0\u00a0\u00a0\u00a0\u00a0\u00a0\u00a0\u00a0\u00a0\u00a0\u00a0\u00a0\u00a0\u00a0\u00a0\u00a0\u00a0\u00a0\u00a0\u00a0\u00a0\u00a0 150 mg<br \/>\nExtrait de Ginseng (racine)100 \u00a0\u00a0\u00a0 \u00a0\u00a0\u00a0\u00a0\u00a0\u00a0\u00a0\u00a0\u00a0\u00a0\u00a0\u00a0\u00a0\u00a0\u00a0\u00a0\u00a0\u00a0\u00a0\u00a0\u00a0\u00a0\u00a0\u00a0\u00a0 100 mg<br \/>\nVitamine B1 (100% AR*)1,1 \u00a0\u00a0\u00a0 \u00a0\u00a0\u00a0\u00a0\u00a0\u00a0\u00a0\u00a0\u00a0\u00a0\u00a0\u00a0\u00a0\u00a0\u00a0\u00a0\u00a0\u00a0\u00a0\u00a0\u00a0\u00a0\u00a0\u00a0\u00a0\u00a0\u00a0\u00a0\u00a0\u00a0\u00a0\u00a0\u00a0\u00a0\u00a0\u00a0\u00a0\u00a0\u00a0 1,1 mg<br \/>\nVitamine B6 (100% AR*)1,4 \u00a0\u00a0\u00a0 \u00a0\u00a0\u00a0\u00a0\u00a0\u00a0\u00a0\u00a0\u00a0\u00a0\u00a0\u00a0\u00a0\u00a0\u00a0\u00a0\u00a0\u00a0\u00a0\u00a0\u00a0\u00a0\u00a0\u00a0\u00a0\u00a0\u00a0\u00a0\u00a0\u00a0\u00a0\u00a0\u00a0 \u00a0 1,4 mg<br \/>\nVitamine B9 (100% AR*)200 \u00a0\u00a0\u00a0 \u00a0\u00a0\u00a0\u00a0\u00a0\u00a0\u00a0\u00a0\u00a0\u00a0\u00a0\u00a0\u00a0\u00a0\u00a0\u00a0\u00a0\u00a0\u00a0\u00a0\u00a0\u00a0\u00a0\u00a0\u00a0\u00a0\u00a0\u00a0\u00a0 200 \u00b5g<\/p>\n<p>Pour des r\u00e9sultats optimaux,\u00a0<strong>la prise de deux g\u00e9lules par jour pendant au moins trois mois est recommand\u00e9e.<\/strong><\/p>\n","protected":false},"excerpt":{"rendered":"<p>MaxiControl est un compl\u00e9ment alimentaire en g\u00e9lules d\u00e9velopp\u00e9 par Labophyto.<br \/>\nCon\u00e7u pour<strong>\u00a0les hommes qui souhaitent am\u00e9liorer leur endurance sexuelle et g\u00e9rer efficacement le stress li\u00e9 \u00e0 la performance, ce produit est une solution naturelle pour une vie intime plus \u00e9panouissante.<br \/>\n<\/strong><\/p>\n","protected":false},"featured_media":816,"comment_status":"open","ping_status":"closed","template":"","meta":{"_joinchat":[]},"product_brand":[],"product_cat":[107],"product_tag":[],"class_list":{"0":"post-825","1":"product","2":"type-product","3":"status-publish","4":"has-post-thumbnail","6":"product_cat-sexualite","8":"first","9":"instock","10":"sale","11":"shipping-taxable","12":"purchasable","13":"product-type-simple"},"_links":{"self":[{"href":"http:\/\/hcc-and-co.com\/fr_fr\/wp-json\/wp\/v2\/product\/825","targetHints":{"allow":["GET"]}}],"collection":[{"href":"http:\/\/hcc-and-co.com\/fr_fr\/wp-json\/wp\/v2\/product"}],"about":[{"href":"http:\/\/hcc-and-co.com\/fr_fr\/wp-json\/wp\/v2\/types\/product"}],"replies":[{"embeddable":true,"href":"http:\/\/hcc-and-co.com\/fr_fr\/wp-json\/wp\/v2\/comments?post=825"}],"wp:featuredmedia":[{"embeddable":true,"href":"http:\/\/hcc-and-co.com\/fr_fr\/wp-json\/wp\/v2\/media\/816"}],"wp:attachment":[{"href":"http:\/\/hcc-and-co.com\/fr_fr\/wp-json\/wp\/v2\/media?parent=825"}],"wp:term":[{"taxonomy":"product_brand","embeddable":true,"href":"http:\/\/hcc-and-co.com\/fr_fr\/wp-json\/wp\/v2\/product_brand?post=825"},{"taxonomy":"product_cat","embeddable":true,"href":"http:\/\/hcc-and-co.com\/fr_fr\/wp-json\/wp\/v2\/product_cat?post=825"},{"taxonomy":"product_tag","embeddable":true,"href":"http:\/\/hcc-and-co.com\/fr_fr\/wp-json\/wp\/v2\/product_tag?post=825"}],"curies":[{"name":"wp","href":"https:\/\/api.w.org\/{rel}","templated":true}]}}