{"id":863,"date":"2024-08-31T17:12:51","date_gmt":"2024-08-31T15:12:51","guid":{"rendered":"https:\/\/agangece-advert.sprint-service.be\/?post_type=product&#038;p=863"},"modified":"2024-08-31T17:12:51","modified_gmt":"2024-08-31T15:12:51","slug":"rivadouce-solution-nettoyante-sans-rincage","status":"publish","type":"product","link":"http:\/\/hcc-and-co.com\/fr_fr\/product\/rivadouce-solution-nettoyante-sans-rincage\/","title":{"rendered":"Rivadouce-Solution nettoyante sans rin\u00e7age"},"content":{"rendered":"<p>\u2714\ufe0f\u00a0<strong>ESPACER LES TOILETTES DU VISAGE ET DU CORPS :<\/strong>\u00a0La Solution nettoyante sans rin\u00e7age est sp\u00e9cialement formul\u00e9e pour les toilettes d\u2019appoint ou celles effectu\u00e9es au lit sans point d\u2019eau. Elle ne permet cependant pas de remplacer les toilettes.<br \/>\n\u2714\ufe0f<strong>\u00a0PARFUM DISCRET ET AGR\u00c9ABLE :<\/strong>\u00a0La Solution nettoyante sans rin\u00e7age \u00e0 l\u2019odeur r\u00e9confortante apporte apaisement et confort lors de la\u00a0<a href=\"https:\/\/www.rivadouce.fr\/page-hygiene-quotidienne.html\">toilette sans rin\u00e7age.<\/a><br \/>\n\u2714\ufe0f\u00a0<strong>PEAUX FRAGILES<\/strong>\u00a0: Elle a \u00e9t\u00e9 formul\u00e9e tout sp\u00e9cialement pour les \u00e9pidermes sensibles et fragiles.<br \/>\n\u2714\ufe0f<strong>\u00a096% D&rsquo;INGR\u00c9DIENTS D&rsquo;ORIGINE NATURELLE :\u00a0<\/strong>La Solution nettoyante sans rin\u00e7age est formul\u00e9e \u00e0 96% d\u2019ingr\u00e9dients d\u2019origine naturelle. Test\u00e9e sous contr\u00f4le dermatologique.<br \/>\n\u2714\ufe0f\u00a0<strong>FABRICATION AVEC AMOUR EN FRANCE :\u00a0<\/strong>Tous nos produits sont d\u00e9velopp\u00e9s et fabriqu\u00e9s depuis 50 ans dans notre Laboratoire situ\u00e9 \u00e0 Thouars en France. Une production locale pour un soin responsable !<\/p>\n","protected":false},"excerpt":{"rendered":"<p>Test\u00e9e sous contr\u00f4les dermatologique et gyn\u00e9cologique, la\u00a0<strong>Solution nettoyante sans rin\u00e7age<\/strong>\u00a0est le produit id\u00e9al pour la toilette sans rin\u00e7age des adultes alit\u00e9s ou d\u00e9pendants. Ce produit innovant permet d\u2019espacer les toilettes, sans les remplacer pour autant.<\/p>\n","protected":false},"featured_media":846,"comment_status":"open","ping_status":"closed","template":"","meta":{"_joinchat":[]},"product_brand":[],"product_cat":[112],"product_tag":[],"class_list":{"0":"post-863","1":"product","2":"type-product","3":"status-publish","4":"has-post-thumbnail","6":"product_cat-univers-bebe-enfants","8":"first","9":"instock","10":"sale","11":"shipping-taxable","12":"purchasable","13":"product-type-simple"},"_links":{"self":[{"href":"http:\/\/hcc-and-co.com\/fr_fr\/wp-json\/wp\/v2\/product\/863","targetHints":{"allow":["GET"]}}],"collection":[{"href":"http:\/\/hcc-and-co.com\/fr_fr\/wp-json\/wp\/v2\/product"}],"about":[{"href":"http:\/\/hcc-and-co.com\/fr_fr\/wp-json\/wp\/v2\/types\/product"}],"replies":[{"embeddable":true,"href":"http:\/\/hcc-and-co.com\/fr_fr\/wp-json\/wp\/v2\/comments?post=863"}],"wp:featuredmedia":[{"embeddable":true,"href":"http:\/\/hcc-and-co.com\/fr_fr\/wp-json\/wp\/v2\/media\/846"}],"wp:attachment":[{"href":"http:\/\/hcc-and-co.com\/fr_fr\/wp-json\/wp\/v2\/media?parent=863"}],"wp:term":[{"taxonomy":"product_brand","embeddable":true,"href":"http:\/\/hcc-and-co.com\/fr_fr\/wp-json\/wp\/v2\/product_brand?post=863"},{"taxonomy":"product_cat","embeddable":true,"href":"http:\/\/hcc-and-co.com\/fr_fr\/wp-json\/wp\/v2\/product_cat?post=863"},{"taxonomy":"product_tag","embeddable":true,"href":"http:\/\/hcc-and-co.com\/fr_fr\/wp-json\/wp\/v2\/product_tag?post=863"}],"curies":[{"name":"wp","href":"https:\/\/api.w.org\/{rel}","templated":true}]}}