{"id":895,"date":"2024-09-01T19:05:32","date_gmt":"2024-09-01T17:05:32","guid":{"rendered":"https:\/\/agangece-advert.sprint-service.be\/?post_type=product&#038;p=895"},"modified":"2024-09-01T19:05:32","modified_gmt":"2024-09-01T17:05:32","slug":"gel-douche-3en1-loupiots-cerise-sur-le-gateau","status":"publish","type":"product","link":"http:\/\/hcc-and-co.com\/fr_fr\/product\/gel-douche-3en1-loupiots-cerise-sur-le-gateau\/","title":{"rendered":"Gel douche 3en1 Loupiots Cerise sur le g\u00e2teau\u00a0"},"content":{"rendered":"<div class=\"my-4\">\n<div class=\"product-tabs-content\">\n<div class=\"tab-section active\" data-tab=\"1\">\n<div class=\"tab-content\">\n<p>\u2714\ufe0f\u00a0<strong>NETTOIE, HYDRATE ET PROT\u00c8GE<\/strong>\u00a0: le Gel douche 3 en 1 Cerise sur le g\u00e2teau nettoie le corps, le visage et les cheveux !<br \/>\n\u2714\ufe0f\u00a0<strong>FLACON 100% RECYCL\u00c9 &amp; RECYCLABLE<\/strong>\u00a0: 100% issu de plastique recycl\u00e9, et 100% recyclable.<br \/>\n\u2714\ufe0f\u00a0<strong>97% D&rsquo;INGR\u00c9DIENTS D&rsquo;ORIGINE NATURELLE<\/strong>\u00a0: le Gel douche Cerise sur le g\u00e2teau est compos\u00e9 de glyc\u00e9rine v\u00e9g\u00e9tale, naturellement hydratante et d\u2019un conditionneur issu des racines de chicor\u00e9e pour favoriser le d\u00e9m\u00ealage des cheveux. Test\u00e9 sous contr\u00f4le dermatologique.<br \/>\n\u2714\ufe0f\u00a0<strong>PARFUM GOURMAND D\u00c9VELOPP\u00c9 EN FRANCE<\/strong>\u00a0: parfum aux notes gourmandes de cerise et de caramel.<br \/>\n\u2714\ufe0f\u00a0<strong>FABRICATION AVEC AMOUR EN FRANCE\u00a0<\/strong>: tous nos produits sont d\u00e9velopp\u00e9s et fabriqu\u00e9s depuis 50 ans dans notre Laboratoire situ\u00e9 \u00e0 Thouars en France. Une production locale pour un soin responsable !<\/p>\n<\/div>\n<\/div>\n<div class=\"tab-section\" data-tab=\"2\"><\/div>\n<div class=\"tab-section\" data-tab=\"3\"><\/div>\n<div class=\"tab-section\" data-tab=\"4\"><\/div>\n<div class=\"tab-section\" data-tab=\"5\"><\/div>\n<div class=\"tab-section reviews\" data-tab=\"6\"><\/div>\n<div class=\"tab-section\" data-tab=\"7\"><\/div>\n<\/div>\n<\/div>\n<div class=\"recommendations\">\n<div class=\"product-carousel mt-3\">\n<div class=\"row justify-content-center my-3\" data-gtm-product-list=\"{&quot;event&quot;:&quot;impression&quot;,&quot;ecommerce&quot;:{&quot;impression&quot;:{&quot;products&quot;:[{&quot;id&quot;:&quot;79734&quot;,&quot;name&quot;:&quot;Shampoing d\u00e9m\u00ealant Loupiots Amand'douce 360ml&quot;,&quot;price&quot;:&quot;9.90&quot;,&quot;brand&quot;:&quot;Rivadouce&quot;,&quot;category&quot;:&quot;B\u00e9b\u00e9-Maternit\u00e9\/Enfant (d\u00e8s 3 ans)&quot;,&quot;quantity&quot;:1},{&quot;id&quot;:&quot;79732&quot;,&quot;name&quot;:&quot;Apr\u00e8s-shampoing d\u00e9m\u00ealant Loupiots Amand'douce 125ml&quot;,&quot;price&quot;:&quot;7.90&quot;,&quot;brand&quot;:&quot;Rivadouce&quot;,&quot;category&quot;:&quot;B\u00e9b\u00e9-Maternit\u00e9\/Enfant (d\u00e8s 3 ans)&quot;,&quot;quantity&quot;:1},{&quot;id&quot;:&quot;72726&quot;,&quot;name&quot;:&quot;GEL LAVANT DERMO PROTECTEUR 1000 ML&quot;,&quot;price&quot;:&quot;13.90&quot;,&quot;brand&quot;:&quot;Rivadouce&quot;,&quot;category&quot;:&quot;Corps et douche\/La douche&quot;,&quot;quantity&quot;:1},{&quot;id&quot;:&quot;79545&quot;,&quot;name&quot;:&quot;Cr\u00e8me hydratante douceur 75ml&quot;,&quot;price&quot;:&quot;10.90&quot;,&quot;brand&quot;:&quot;Rivadouce&quot;,&quot;category&quot;:&quot;Corps et douche\/Pour toute la famille&quot;,&quot;quantity&quot;:1}]}}}\"><\/div>\n<\/div>\n<\/div>\n","protected":false},"excerpt":{"rendered":"<p><strong>Le Gel douche 3 en 1<\/strong>\u00a0Cerise sur le g\u00e2teau, pour\u00a0<strong>laver en douceur\u00a0<\/strong>visage corps &amp; cheveux tout en faisant un geste pour la plan\u00e8te ! Son + ? Son parfum super gourmand aux notes de\u00a0<strong>cerise<\/strong>\u00a0et de\u00a0<strong>caramel<\/strong>.<\/p>\n<p><img decoding=\"async\" title=\"\" src=\"https:\/\/www.rivadouce.fr\/on\/demandware.static\/-\/Sites-rivadis-master\/default\/dw66c4f0fa\/PICTO_epure_97.jpg\" alt=\"\" width=\"80\" height=\"80\" \/><img decoding=\"async\" title=\"\" src=\"https:\/\/www.rivadouce.fr\/on\/demandware.static\/-\/Sites-rivadis-master\/default\/dw625b6a47\/PICTO_epure_flaconrecycle.jpg\" alt=\"\" width=\"80\" \/><img decoding=\"async\" title=\"\" src=\"https:\/\/www.rivadouce.fr\/on\/demandware.static\/-\/Sites-rivadis-master\/default\/dwf940ac22\/PICTO_epure_fab_en_france.jpg\" alt=\"\" width=\"80\" \/><\/p>\n","protected":false},"featured_media":856,"comment_status":"open","ping_status":"closed","template":"","meta":{"_joinchat":[]},"product_brand":[],"product_cat":[112],"product_tag":[],"class_list":{"0":"post-895","1":"product","2":"type-product","3":"status-publish","4":"has-post-thumbnail","6":"product_cat-univers-bebe-enfants","8":"first","9":"instock","10":"sale","11":"shipping-taxable","12":"purchasable","13":"product-type-simple"},"_links":{"self":[{"href":"http:\/\/hcc-and-co.com\/fr_fr\/wp-json\/wp\/v2\/product\/895","targetHints":{"allow":["GET"]}}],"collection":[{"href":"http:\/\/hcc-and-co.com\/fr_fr\/wp-json\/wp\/v2\/product"}],"about":[{"href":"http:\/\/hcc-and-co.com\/fr_fr\/wp-json\/wp\/v2\/types\/product"}],"replies":[{"embeddable":true,"href":"http:\/\/hcc-and-co.com\/fr_fr\/wp-json\/wp\/v2\/comments?post=895"}],"wp:featuredmedia":[{"embeddable":true,"href":"http:\/\/hcc-and-co.com\/fr_fr\/wp-json\/wp\/v2\/media\/856"}],"wp:attachment":[{"href":"http:\/\/hcc-and-co.com\/fr_fr\/wp-json\/wp\/v2\/media?parent=895"}],"wp:term":[{"taxonomy":"product_brand","embeddable":true,"href":"http:\/\/hcc-and-co.com\/fr_fr\/wp-json\/wp\/v2\/product_brand?post=895"},{"taxonomy":"product_cat","embeddable":true,"href":"http:\/\/hcc-and-co.com\/fr_fr\/wp-json\/wp\/v2\/product_cat?post=895"},{"taxonomy":"product_tag","embeddable":true,"href":"http:\/\/hcc-and-co.com\/fr_fr\/wp-json\/wp\/v2\/product_tag?post=895"}],"curies":[{"name":"wp","href":"https:\/\/api.w.org\/{rel}","templated":true}]}}