{"id":903,"date":"2024-09-02T14:13:43","date_gmt":"2024-09-02T12:13:43","guid":{"rendered":"https:\/\/agangece-advert.sprint-service.be\/?post_type=product&#038;p=903"},"modified":"2024-09-02T14:13:43","modified_gmt":"2024-09-02T12:13:43","slug":"creme-de-change-bebe","status":"publish","type":"product","link":"http:\/\/hcc-and-co.com\/fr_fr\/product\/creme-de-change-bebe\/","title":{"rendered":"Cr\u00e8me de change b\u00e9b\u00e9"},"content":{"rendered":"<p>\u2714\ufe0f\u00a0<strong>R\u00c9PARATION ET PROTECTION :<\/strong>\u00a0la Cr\u00e8me change B\u00e9b\u00e9 certifi\u00e9e Bio Rivadouce est sp\u00e9cialement formul\u00e9e pour apaiser, prot\u00e9ger et aider \u00e0 r\u00e9parer la zone sensible et d\u00e9licate du si\u00e8ge. Avec sa texture riche et \u00e9paisse, elle cr\u00e9e une v\u00e9ritable barri\u00e8re protectrice qui isole les fesses de B\u00e9b\u00e9 de l\u2019humidit\u00e9 et du frottement des couches.<br \/>\n\u2714\ufe0f\u00a0<strong>ACTION CONTRE LES ROUGEURS :<\/strong>\u00a0d\u00e8s la premi\u00e8re application, la Cr\u00e8me change B\u00e9b\u00e9\u00a0 pr\u00e9vient et att\u00e9nue les rougeurs, elle apaise \u00e9galement les sensations d\u2019inconfort.<br \/>\n\u2714\ufe0f\u00a0<strong>CHOIX N\u00b01 DES MATERNIT\u00c9S :<\/strong>\u00a0la formulation des produits B\u00e9b\u00e9 Rivadouce adapt\u00e9e aux peaux les plus sensibles en fait des produits s\u00fbrs pour la peau des b\u00e9b\u00e9s et pour l\u2019environnement. Notre gamme est utilis\u00e9e par le personnel soignant en maternit\u00e9s depuis plus de 50 ans.<br \/>\n\u2714\ufe0f<strong>\u00a0CERTIFI\u00c9E BIO ET 100% D&rsquo;INGR\u00c9DIENTS D&rsquo;ORIGINE NATURELLE :<\/strong>\u00a0certifi\u00e9e par COSMOS ORGANIC\u00a9, la Cr\u00e8me change B\u00e9b\u00e9\u00a0est compos\u00e9e d&rsquo;un extrait de lotus Bio. Elle est aussi riche en zinc et cire d\u2019abeille, v\u00e9ritable bouclier protecteur pour la peau. Test\u00e9e sous contr\u00f4le dermatologique.<br \/>\n\u2714\ufe0f\u00a0<strong>FABRICATION AVEC AMOUR EN FRANCE :<\/strong>\u00a0tous nos produits sont d\u00e9velopp\u00e9s et fabriqu\u00e9s depuis 50 ans dans notre Laboratoire situ\u00e9 \u00e0 Thouars en France. Une production locale pour un soin responsable !<\/p>\n","protected":false},"excerpt":{"rendered":"<p>La\u00a0<strong>Cr\u00e8me change B\u00e9b\u00e9\u00a0<\/strong>certifi\u00e9e Bio est un v\u00e9ritable bouclier pour les fesses de B\u00e9b\u00e9 ! Elle est sp\u00e9cialement formul\u00e9e pour\u00a0<strong>r\u00e9parer et prot\u00e9ger la zone d\u00e9licate du si\u00e8ge<\/strong>\u00a0de l\u2019humidit\u00e9 et du frottement des couches.<\/p>\n<p><img decoding=\"async\" title=\"\" src=\"https:\/\/www.rivadouce.fr\/on\/demandware.static\/-\/Sites-rivadis-master\/default\/dwf24eb766\/PICTO_epure_100.jpg\" alt=\"\" width=\"80\" height=\"80\" \/><img decoding=\"async\" title=\"\" src=\"https:\/\/www.rivadouce.fr\/on\/demandware.static\/-\/Sites-rivadis-master\/default\/dwf940ac22\/PICTO_epure_fab_en_france.jpg\" alt=\"\" width=\"80\" \/><img decoding=\"async\" title=\"\" src=\"https:\/\/www.rivadouce.fr\/on\/demandware.static\/-\/Sites-rivadis-master\/default\/dw6d5c9c4c\/PICTO_epure_94.jpg\" alt=\"\" width=\"80\" \/><\/p>\n","protected":false},"featured_media":870,"comment_status":"open","ping_status":"closed","template":"","meta":{"_joinchat":[]},"product_brand":[],"product_cat":[112],"product_tag":[],"class_list":{"0":"post-903","1":"product","2":"type-product","3":"status-publish","4":"has-post-thumbnail","6":"product_cat-univers-bebe-enfants","8":"first","9":"instock","10":"sale","11":"shipping-taxable","12":"purchasable","13":"product-type-simple"},"_links":{"self":[{"href":"http:\/\/hcc-and-co.com\/fr_fr\/wp-json\/wp\/v2\/product\/903","targetHints":{"allow":["GET"]}}],"collection":[{"href":"http:\/\/hcc-and-co.com\/fr_fr\/wp-json\/wp\/v2\/product"}],"about":[{"href":"http:\/\/hcc-and-co.com\/fr_fr\/wp-json\/wp\/v2\/types\/product"}],"replies":[{"embeddable":true,"href":"http:\/\/hcc-and-co.com\/fr_fr\/wp-json\/wp\/v2\/comments?post=903"}],"wp:featuredmedia":[{"embeddable":true,"href":"http:\/\/hcc-and-co.com\/fr_fr\/wp-json\/wp\/v2\/media\/870"}],"wp:attachment":[{"href":"http:\/\/hcc-and-co.com\/fr_fr\/wp-json\/wp\/v2\/media?parent=903"}],"wp:term":[{"taxonomy":"product_brand","embeddable":true,"href":"http:\/\/hcc-and-co.com\/fr_fr\/wp-json\/wp\/v2\/product_brand?post=903"},{"taxonomy":"product_cat","embeddable":true,"href":"http:\/\/hcc-and-co.com\/fr_fr\/wp-json\/wp\/v2\/product_cat?post=903"},{"taxonomy":"product_tag","embeddable":true,"href":"http:\/\/hcc-and-co.com\/fr_fr\/wp-json\/wp\/v2\/product_tag?post=903"}],"curies":[{"name":"wp","href":"https:\/\/api.w.org\/{rel}","templated":true}]}}