{"id":907,"date":"2024-09-02T14:37:52","date_gmt":"2024-09-02T12:37:52","guid":{"rendered":"https:\/\/agangece-advert.sprint-service.be\/?post_type=product&#038;p=907"},"modified":"2024-09-02T14:37:53","modified_gmt":"2024-09-02T12:37:53","slug":"neutraderm-gel-douche-surgras-dermo-protecteur","status":"publish","type":"product","link":"http:\/\/hcc-and-co.com\/fr_fr\/product\/neutraderm-gel-douche-surgras-dermo-protecteur\/","title":{"rendered":"NEUTRADERM-Gel douche surgras Dermo-Protecteur"},"content":{"rendered":"<p>Soin quotidien de toute la famille, le Gel Douche Surgras Dermo-Protecteur\u00a0<strong>nettoie la peau en douceur<\/strong>\u00a0et\u00a0<strong>respecte le film hydrolipidique<\/strong>.<\/p>\n<p>Il renforce la barri\u00e8re cutan\u00e9e et prot\u00e8ge l\u2019\u00e9piderme des effets dess\u00e9chants du calcaire. La peau ne\u00a0<strong>tiraille pas<\/strong>, elle est plus confortable, nourrie et douce.<\/p>\n<p>Son\u00a0<strong>parfum l\u00e9ger<\/strong>\u00a0laisse la peau d\u00e9licatement parfum\u00e9e.<\/p>\n","protected":false},"excerpt":{"rendered":"<h2>Nettoie en douceur, apaise et hydrate<sup>1<\/sup>, anti-dess\u00e8chement et tiraillements.<\/h2>\n<ul class=\"d-flex\">\n<li>\n<h3><img decoding=\"async\" class=\"\" src=\"https:\/\/www.laboratoire-neutraderm.com\/wp-content\/uploads\/2023\/08\/NEM-picto-active_oligosking.svg\" alt=\"pictogramme complexe oligo skin neutraderm\" width=\"99\" height=\"99\" \/><img decoding=\"async\" class=\"\" style=\"font-size: 16px;\" src=\"https:\/\/www.laboratoire-neutraderm.com\/wp-content\/uploads\/2023\/03\/NEM-picto-ingredients_biodegradables_96-2.svg\" alt=\"pictogramme 96% ingredients d'origine biodegradables neutraderm\" width=\"85\" height=\"85\" \/><img decoding=\"async\" class=\"\" style=\"font-size: 16px;\" src=\"https:\/\/www.laboratoire-neutraderm.com\/wp-content\/uploads\/2023\/03\/NEM-picto-anti_tiraillement-2.svg\" alt=\"pictogramme anti tiraillement neutraderm\" width=\"66\" height=\"66\" \/><\/h3>\n<\/li>\n<\/ul>\n","protected":false},"featured_media":875,"comment_status":"open","ping_status":"closed","template":"","meta":{"_joinchat":[]},"product_brand":[],"product_cat":[112],"product_tag":[],"class_list":{"0":"post-907","1":"product","2":"type-product","3":"status-publish","4":"has-post-thumbnail","6":"product_cat-univers-bebe-enfants","8":"first","9":"instock","10":"sale","11":"shipping-taxable","12":"purchasable","13":"product-type-simple"},"_links":{"self":[{"href":"http:\/\/hcc-and-co.com\/fr_fr\/wp-json\/wp\/v2\/product\/907","targetHints":{"allow":["GET"]}}],"collection":[{"href":"http:\/\/hcc-and-co.com\/fr_fr\/wp-json\/wp\/v2\/product"}],"about":[{"href":"http:\/\/hcc-and-co.com\/fr_fr\/wp-json\/wp\/v2\/types\/product"}],"replies":[{"embeddable":true,"href":"http:\/\/hcc-and-co.com\/fr_fr\/wp-json\/wp\/v2\/comments?post=907"}],"wp:featuredmedia":[{"embeddable":true,"href":"http:\/\/hcc-and-co.com\/fr_fr\/wp-json\/wp\/v2\/media\/875"}],"wp:attachment":[{"href":"http:\/\/hcc-and-co.com\/fr_fr\/wp-json\/wp\/v2\/media?parent=907"}],"wp:term":[{"taxonomy":"product_brand","embeddable":true,"href":"http:\/\/hcc-and-co.com\/fr_fr\/wp-json\/wp\/v2\/product_brand?post=907"},{"taxonomy":"product_cat","embeddable":true,"href":"http:\/\/hcc-and-co.com\/fr_fr\/wp-json\/wp\/v2\/product_cat?post=907"},{"taxonomy":"product_tag","embeddable":true,"href":"http:\/\/hcc-and-co.com\/fr_fr\/wp-json\/wp\/v2\/product_tag?post=907"}],"curies":[{"name":"wp","href":"https:\/\/api.w.org\/{rel}","templated":true}]}}