{"id":911,"date":"2024-09-02T15:34:49","date_gmt":"2024-09-02T13:34:49","guid":{"rendered":"https:\/\/agangece-advert.sprint-service.be\/?post_type=product&#038;p=911"},"modified":"2024-09-02T15:34:50","modified_gmt":"2024-09-02T13:34:50","slug":"neutraderm-huile-lavante-relipidante","status":"publish","type":"product","link":"http:\/\/hcc-and-co.com\/fr_fr\/product\/neutraderm-huile-lavante-relipidante\/","title":{"rendered":"NEUTRADERM &#8211; Huile lavante relipidante"},"content":{"rendered":"<p>L\u2019Huile Lavante Relipidante RELIPID+ est une\u00a0<strong>huile lavante<\/strong>\u00a0qui nettoie et respecte la peau tout en pr\u00e9servant son film hydrolipidique. Elle\u00a0<strong>pr\u00e9vient des irritations<\/strong>\u00a0et des\u00a0<strong>d\u00e9mangeaisons<\/strong>, prot\u00e8ge des agressions ext\u00e9rieures et du dess\u00e9chement cutan\u00e9.<\/p>\n<p>Sa texture agr\u00e9able permet un nettoyage en douceur pour un v\u00e9ritable\u00a0<strong>plaisir d\u2019utilisation<\/strong>. La peau est hydrat\u00e9e<sup>1<\/sup>\u00a0pour 24H,\u00a0<strong>apais\u00e9e<\/strong>, de\u00a0<strong>nouveau confortable<\/strong>,\u00a0<strong>souple<\/strong>\u00a0et\u00a0<strong>douce<\/strong>.<\/p>\n<p>Sa\u00a0<strong>formule hypoallerg\u00e9nique<\/strong><sup>2\u00a0<\/sup>est compos\u00e9e d\u2019actifs et d\u2019ingr\u00e9dients qui respectent l\u2019\u00e9quilibre de votre peau :<\/p>\n<ul>\n<li><strong>L\u2019agent pr\u00e9biotique<\/strong>\u00a0<strong>prot\u00e8ge<\/strong>, stimule les d\u00e9fenses naturelles de la peau.<\/li>\n<li><strong>L\u2019extrait de feuilles d\u2019oliviers tonifie\u00a0<\/strong>et purifie la peau.<\/li>\n<li><strong>Le d\u00e9riv\u00e9 de beurre de karit\u00e9<\/strong>\u00a0poss\u00e8de des propri\u00e9t\u00e9s\u00a0<strong>hydratantes<\/strong>\u00a0et\u00a0<strong>relipidantes<\/strong>.<\/li>\n<\/ul>\n","protected":false},"excerpt":{"rendered":"<h2>Nettoie en douceur, hydrate 24h<sup>1<\/sup>, anti-d\u00e9mangeaisons et irritations.<\/h2>\n<ul class=\"d-flex\">\n<li>\n<h3><img decoding=\"async\" class=\"\" style=\"font-size: 16px;\" src=\"https:\/\/www.laboratoire-neutraderm.com\/wp-content\/uploads\/2023\/03\/NEM-picto-ingredients_biodegradables_92-2.svg\" alt=\"pictogramme 92% ingredients d'origine biodegradables neutraderm\" width=\"109\" height=\"109\" \/><img decoding=\"async\" class=\"\" src=\"https:\/\/www.laboratoire-neutraderm.com\/wp-content\/uploads\/2023\/08\/NEM-picto-active_oligosking.svg\" alt=\"pictogramme complexe oligo skin neutraderm\" width=\"73\" height=\"73\" \/><img decoding=\"async\" class=\"\" style=\"font-size: 16px;\" src=\"https:\/\/www.laboratoire-neutraderm.com\/wp-content\/uploads\/2023\/03\/NEM-picto-panti_demangeaison-2.svg\" alt=\"pictogramme anti d\u00e9mangeaisons neutraderm\" width=\"93\" height=\"93\" \/><\/h3>\n<\/li>\n<\/ul>\n","protected":false},"featured_media":880,"comment_status":"open","ping_status":"closed","template":"","meta":{"_joinchat":[]},"product_brand":[],"product_cat":[112],"product_tag":[],"class_list":{"0":"post-911","1":"product","2":"type-product","3":"status-publish","4":"has-post-thumbnail","6":"product_cat-univers-bebe-enfants","8":"first","9":"instock","10":"sale","11":"shipping-taxable","12":"purchasable","13":"product-type-simple"},"_links":{"self":[{"href":"http:\/\/hcc-and-co.com\/fr_fr\/wp-json\/wp\/v2\/product\/911","targetHints":{"allow":["GET"]}}],"collection":[{"href":"http:\/\/hcc-and-co.com\/fr_fr\/wp-json\/wp\/v2\/product"}],"about":[{"href":"http:\/\/hcc-and-co.com\/fr_fr\/wp-json\/wp\/v2\/types\/product"}],"replies":[{"embeddable":true,"href":"http:\/\/hcc-and-co.com\/fr_fr\/wp-json\/wp\/v2\/comments?post=911"}],"wp:featuredmedia":[{"embeddable":true,"href":"http:\/\/hcc-and-co.com\/fr_fr\/wp-json\/wp\/v2\/media\/880"}],"wp:attachment":[{"href":"http:\/\/hcc-and-co.com\/fr_fr\/wp-json\/wp\/v2\/media?parent=911"}],"wp:term":[{"taxonomy":"product_brand","embeddable":true,"href":"http:\/\/hcc-and-co.com\/fr_fr\/wp-json\/wp\/v2\/product_brand?post=911"},{"taxonomy":"product_cat","embeddable":true,"href":"http:\/\/hcc-and-co.com\/fr_fr\/wp-json\/wp\/v2\/product_cat?post=911"},{"taxonomy":"product_tag","embeddable":true,"href":"http:\/\/hcc-and-co.com\/fr_fr\/wp-json\/wp\/v2\/product_tag?post=911"}],"curies":[{"name":"wp","href":"https:\/\/api.w.org\/{rel}","templated":true}]}}