{"id":1471,"date":"2026-02-15T00:27:25","date_gmt":"2026-02-14T23:27:25","guid":{"rendered":"https:\/\/hcc-and-co.com\/?post_type=product&#038;p=1471"},"modified":"2026-02-15T10:00:08","modified_gmt":"2026-02-15T09:00:08","slug":"night-peel-clairial","status":"publish","type":"product","link":"https:\/\/hcc-and-co.com\/en\/product\/night-peel-clairial\/","title":{"rendered":"Night Peel Clairial"},"content":{"rendered":"<p><strong>FORMUL\u00c9 POUR<\/strong><br \/>\nToutes les peaux sensibles. Pour tous les types de taches brunes li\u00e9es au vieillissement cutan\u00e9, au teint irr\u00e9gulier, aux marques d\u2019imperfections, au soleil ou induite par la grossesse.<br \/>\nVisage. Adulte.<br \/>\n<strong>TEST\u00c9 SOUS CONTR\u00d4LE DERMATOLOGIQUE<\/strong><br \/>\n<strong>TEST\u00c9 SANS EFFET SUR LES M\u00c9CANISMES ENDOCRINIENS<\/strong><br \/>\nTests r\u00e9alis\u00e9s sur les axes oestrog\u00e9niques, androg\u00e9niques et thyro\u00efdiens par un laboratoire ind\u00e9pendant, sp\u00e9cialiste de la perturbation endocrinienne.<\/p>\n<p><strong>APPLIQUEZ LE SOIR<\/strong><br \/>\nTournez l\u2019embout du pinceau sur ON et appliquez Clairial Night Peel d\u2019un coup de pinceau en couche fine.<br \/>\nPour le nettoyer, tournez le pinceau sur off.<br \/>\n<strong>ATTENTION<\/strong>\u00a0:<br \/>\nEn cas de sensations d\u2019inconfort (picotements, \u00e9chauffement, \u2026), adapter le soin \u00e0 votre peau en espa\u00e7ant les applications. \u00c9viter le contour des yeux.<br \/>\nEn cas de contact avec les yeux, rincer abondamment. \u00c9viter les expositions solaires. En cas d\u2019exposition au soleil, prot\u00e9ger votre peau avec une tr\u00e8s haute protection solaire.<\/p>\n<section id=\"shopify-section-template--22087213777221__product_info_zfyBc8\" class=\"shopify-section container-fluid\">\n<div class=\"product-info\">\n<div class=\"row lg:!gap-x-7 lg:mb-10 mb-3\">\n<div class=\"col-span-full lg:col-span-7\">\n<h2 class=\"font-medium text-[32px] lg:text-[36px] mb-4\">INGR\u00c9DIENTS<\/h2>\n<div>\n<h3 class=\"text-h5 mb-2\">COMPLEXE D\u00c9PIGMENTANT<\/h3>\n<p class=\"text-alternative-base lg:text-[18px] text-big\">Anti-taches: corrige et r\u00e9duit les taches existantes dont celles induites par la lumi\u00e8re bleue, et pr\u00e9vient leur r\u00e9apparition.<\/p>\n<h3 class=\"text-h5 mb-2\">ENZYME DE PAPAYE<\/h3>\n<p class=\"text-alternative-base lg:text-[18px] text-big\">Exfoliant: agit en douceur et acc\u00e9l\u00e8re la d\u00e9pigmentation.<\/p>\n<h3 class=\"text-h5 mb-2\">NIACINAMIDE + LEVURES ANTI-STRESS<\/h3>\n<p class=\"text-alternative-base lg:text-[18px] text-big\">Renouvellement : Dynamisent la capacit\u00e9 de r\u00e9cup\u00e9ration de la barri\u00e8re cutan\u00e9e.<\/p>\n<div class=\"product__ingredients\">\n<h3 class=\"text-h5\"><\/h3>\n<\/div>\n<\/div>\n<\/div>\n<\/div>\n<\/div>\n<\/section>\n<section id=\"shopify-section-template--22087213777221__product_info_zxikrB\" class=\"shopify-section container-fluid\">\n<div class=\"product-info\">\n<div class=\"row lg:!gap-x-7 lg:mb-10 mb-3\">\n<div class=\"col-span-full lg:col-span-5 lg:col-start-1\">\n<div class=\"lg:sticky lg:top-[var(--offset)]\">\n<div class=\"aspect-[var(--1\/1)]\"><\/div>\n<\/div>\n<\/div>\n<\/div>\n<\/div>\n<\/section>\n<p>&nbsp;<\/p>","protected":false},"excerpt":{"rendered":"<p>Offrez \u00e0 votre peau une correction en toute douceur avec le Clairial Night Peel, la solution nocturne pour des taches pigmentaires att\u00e9nu\u00e9es. Ce peeling doux associe le complexe d\u00e9pigmentant Clairial \u00e0 une enzyme de papaye qui, gr\u00e2ce \u00e0 son action k\u00e9ratolytique de surface, estompe les taches. Le petit plus ? Son applicateur pinceau expert qui permet une application homog\u00e8ne et pr\u00e9cise. Nuit apr\u00e8s nuit, les taches sont moins visibles, la peau est plus homog\u00e8ne et \u00e9clatante.<\/p>","protected":false},"featured_media":1460,"comment_status":"open","ping_status":"closed","template":"","meta":{"_joinchat":[]},"product_brand":[],"product_cat":[128],"product_tag":[],"class_list":{"0":"post-1471","1":"product","2":"type-product","3":"status-publish","4":"has-post-thumbnail","6":"product_cat-s-v-r","8":"first","9":"instock","10":"sale","11":"shipping-taxable","12":"purchasable","13":"product-type-simple"},"_links":{"self":[{"href":"https:\/\/hcc-and-co.com\/en\/wp-json\/wp\/v2\/product\/1471","targetHints":{"allow":["GET"]}}],"collection":[{"href":"https:\/\/hcc-and-co.com\/en\/wp-json\/wp\/v2\/product"}],"about":[{"href":"https:\/\/hcc-and-co.com\/en\/wp-json\/wp\/v2\/types\/product"}],"replies":[{"embeddable":true,"href":"https:\/\/hcc-and-co.com\/en\/wp-json\/wp\/v2\/comments?post=1471"}],"wp:featuredmedia":[{"embeddable":true,"href":"https:\/\/hcc-and-co.com\/en\/wp-json\/wp\/v2\/media\/1460"}],"wp:attachment":[{"href":"https:\/\/hcc-and-co.com\/en\/wp-json\/wp\/v2\/media?parent=1471"}],"wp:term":[{"taxonomy":"product_brand","embeddable":true,"href":"https:\/\/hcc-and-co.com\/en\/wp-json\/wp\/v2\/product_brand?post=1471"},{"taxonomy":"product_cat","embeddable":true,"href":"https:\/\/hcc-and-co.com\/en\/wp-json\/wp\/v2\/product_cat?post=1471"},{"taxonomy":"product_tag","embeddable":true,"href":"https:\/\/hcc-and-co.com\/en\/wp-json\/wp\/v2\/product_tag?post=1471"}],"curies":[{"name":"wp","href":"https:\/\/api.w.org\/{rel}","templated":true}]}}