{"id":1474,"date":"2026-02-15T10:16:35","date_gmt":"2026-02-15T09:16:35","guid":{"rendered":"https:\/\/hcc-and-co.com\/?post_type=product&#038;p=1474"},"modified":"2026-02-15T10:16:35","modified_gmt":"2026-02-15T09:16:35","slug":"gelee-moussante-physiopure","status":"publish","type":"product","link":"https:\/\/hcc-and-co.com\/en\/product\/gelee-moussante-physiopure\/","title":{"rendered":"Gel\u00e9e Moussante PHYSIOPURE"},"content":{"rendered":"<p><strong>FORMUL\u00c9 POUR<\/strong><br \/>\nPour toutes les peaux sensibles. Visage. pH physiologique.<br \/>\n<strong>TEST\u00c9 SOUS CONTR\u00d4LE DERMATOLOGIQUE<\/strong><br \/>\nTest\u00e9 sur peaux sensibles sous contr\u00f4le dermatologique et ophtalmologique. Hypoallerg\u00e9nique.<\/p>\n<p><strong>APPLIQUEZ MATIN ET\/OU SOIR<\/strong><br \/>\nSur visage humide. S\u00e9cher en tapotant sans frotter.<br \/>\n<strong>RINCEZ ABONDAMENT<\/strong><br \/>\nEn cas de contact avec les yeux, rincer.<\/p>\n<p>\ud83d\udc9a<strong>UNE FORMULE NATURELLE<\/strong><br \/>\n98% d\u2019ingr\u00e9dients d\u2019origine naturelle.<br \/>\n\u267b\ufe0f\u00a0<strong>RECYCLABILIT\u00c9 ET R\u00c9-EMPLOI<\/strong><br \/>\nQualit\u00e9s et caract\u00e9ristiques environnementales : Physiopure Gel\u00e9e Moussante existe en diff\u00e9rents formats :<br \/>\n&#8211; Le tube 200mL all\u00e9g\u00e9 en plastique avec -51% de plastique gr\u00e2ce \u00e0 son nouveau pack \u00e9co-fusion top. Il est recyclable et doit \u00eatre jet\u00e9 dans le bac de tri.<br \/>\n&#8211; Le flacon 400ml est recyclable et doit se jeter dans le bac de tri. La pompe doit \u00eatre s\u00e9par\u00e9e et se jette \u00e9galement dans le bac de tri.<br \/>\nLes consignes de tri peuvent varier localement.<\/p>\n<section id=\"shopify-section-template--22087213777221__product_info_zfyBc8\" class=\"shopify-section container-fluid\">\n<div class=\"product-info\">\n<div class=\"row lg:!gap-x-7 lg:mb-10 mb-3\">\n<div class=\"col-span-full lg:col-span-7\">\n<h2 class=\"font-medium text-[32px] lg:text-[36px] mb-4\">INGR\u00c9DIENTS<\/h2>\n<div>\n<h3 class=\"text-h5 mb-2\">MAGN\u00c9SIUM OXYG\u00c9NANT<\/h3>\n<p class=\"text-alternative-base lg:text-[18px] text-big\">Energise et r\u00e9-oxyg\u00e8ne les cellules tout en d\u00e9toxifiant la peau.<\/p>\n<p class=\"text-alternative-base lg:text-[18px] text-big\">ASSOCIATION DE TENSIOACTIFS DOUX<\/p>\n<p class=\"text-alternative-base lg:text-[18px] text-big\">Nettoie sans agresser la peau. Sans savon.<\/p>\n<div class=\"product__ingredients\">\n<h3 class=\"text-h5\">Voir la liste des ingr\u00e9dients<\/h3>\n<div class=\"mt-3 product__ingredients--list is-active:block is-active\">\n<div>AB21.39\/A.24 &#8211; INGREDIENTS : AQUA\/WATER\/EAU, GLYCERIN, DISODIUM COCOYL GLUTAMATE, DECYL GLUCOSIDE, XANTHAN GUM, COCO-BETAINE, MAGNESIUM PCA, CITRIC ACID, POTASSIUM SORBATE, SODIUM BENZOATE, PARFUM \/FRAGRANCE<\/div>\n<div class=\"mt-3\">La liste des ingr\u00e9dients peut \u00eatre soumise \u00e0 des modifications, nous vous conseillons de v\u00e9rifier la liste figurant sur le produit achet\u00e9.<\/div>\n<\/div>\n<\/div>\n<\/div>\n<\/div>\n<\/div>\n<\/div>\n<\/section>\n<section id=\"shopify-section-template--22087213777221__product_info_zxikrB\" class=\"shopify-section container-fluid\">\n<div class=\"product-info\">\n<div class=\"row lg:!gap-x-7 lg:mb-10 mb-3\">\n<div class=\"col-span-full lg:col-span-5 lg:col-start-1\">\n<div class=\"lg:sticky lg:top-[var(--offset)]\">\n<div class=\"aspect-[var(--1\/1)]\"><\/div>\n<\/div>\n<\/div>\n<\/div>\n<\/div>\n<\/section>","protected":false},"excerpt":{"rendered":"<p>Physiopure Gel\u00e9e Moussante purifie et nettoie toutes les peaux, m\u00eame les peaux sensibles, sans dess\u00e9cher gr\u00e2ce \u00e0 sa gel\u00e9e qui se transforme en une mousse onctueuse et \u00e9limine les impuret\u00e9s, la pollution, et toutes les traces de maquillage m\u00eame waterproof. Parfaitement nette, la peau est fraiche et purifi\u00e9e. Pour un nettoyage de la peau facile et plaisir, m\u00eames pour les peaux les plus sensibles ! \ud83e\udee7<\/p>","protected":false},"featured_media":1463,"comment_status":"open","ping_status":"closed","template":"","meta":{"_joinchat":[]},"product_brand":[],"product_cat":[128],"product_tag":[],"class_list":{"0":"post-1474","1":"product","2":"type-product","3":"status-publish","4":"has-post-thumbnail","6":"product_cat-s-v-r","8":"first","9":"instock","10":"sale","11":"shipping-taxable","12":"purchasable","13":"product-type-simple"},"_links":{"self":[{"href":"https:\/\/hcc-and-co.com\/en\/wp-json\/wp\/v2\/product\/1474","targetHints":{"allow":["GET"]}}],"collection":[{"href":"https:\/\/hcc-and-co.com\/en\/wp-json\/wp\/v2\/product"}],"about":[{"href":"https:\/\/hcc-and-co.com\/en\/wp-json\/wp\/v2\/types\/product"}],"replies":[{"embeddable":true,"href":"https:\/\/hcc-and-co.com\/en\/wp-json\/wp\/v2\/comments?post=1474"}],"wp:featuredmedia":[{"embeddable":true,"href":"https:\/\/hcc-and-co.com\/en\/wp-json\/wp\/v2\/media\/1463"}],"wp:attachment":[{"href":"https:\/\/hcc-and-co.com\/en\/wp-json\/wp\/v2\/media?parent=1474"}],"wp:term":[{"taxonomy":"product_brand","embeddable":true,"href":"https:\/\/hcc-and-co.com\/en\/wp-json\/wp\/v2\/product_brand?post=1474"},{"taxonomy":"product_cat","embeddable":true,"href":"https:\/\/hcc-and-co.com\/en\/wp-json\/wp\/v2\/product_cat?post=1474"},{"taxonomy":"product_tag","embeddable":true,"href":"https:\/\/hcc-and-co.com\/en\/wp-json\/wp\/v2\/product_tag?post=1474"}],"curies":[{"name":"wp","href":"https:\/\/api.w.org\/{rel}","templated":true}]}}