{"id":369,"date":"2024-07-04T15:02:37","date_gmt":"2024-07-04T13:02:37","guid":{"rendered":"https:\/\/agangece-advert.sprint-service.be\/?post_type=product&#038;p=369"},"modified":"2025-07-25T12:18:34","modified_gmt":"2025-07-25T10:18:34","slug":"intensive-gel-moussant","status":"publish","type":"product","link":"https:\/\/hcc-and-co.com\/en\/product\/intensive-gel-moussant\/","title":{"rendered":"Intensive Gel moussant"},"content":{"rendered":"<p>B\u00c9N\u00c9FICES<br \/>\nNettoie, relipide, prot\u00e8ge;<br \/>\nApaise les sensations d&rsquo;inconfort;<br \/>\nCalme les d\u00e9mangeaisons;<br \/>\nProt\u00e8ge de la s\u00e9cheresse cutan\u00e9e;<br \/>\nRespecte l\u2019\u00e9quilibre de la peau gr\u00e2ce \u00e0 sa base nettoyante surgrasse;<br \/>\nTr\u00e8s bonne tol\u00e9rance;<br \/>\nSans savon;<br \/>\nNon parfum\u00e9;<br \/>\nNon com\u00e9dog\u00e8ne.<\/p>","protected":false},"excerpt":{"rendered":"<p>Le gel nettoyant douceur, purifiant et anti-d\u00e9mangeaisons.<\/p>","protected":false},"featured_media":399,"comment_status":"open","ping_status":"closed","template":"","meta":{"_joinchat":[]},"product_brand":[],"product_cat":[91],"product_tag":[],"class_list":{"0":"post-369","1":"product","2":"type-product","3":"status-publish","4":"has-post-thumbnail","6":"product_cat-bioderma","8":"first","9":"instock","10":"sale","11":"shipping-taxable","12":"purchasable","13":"product-type-simple"},"_links":{"self":[{"href":"https:\/\/hcc-and-co.com\/en\/wp-json\/wp\/v2\/product\/369","targetHints":{"allow":["GET"]}}],"collection":[{"href":"https:\/\/hcc-and-co.com\/en\/wp-json\/wp\/v2\/product"}],"about":[{"href":"https:\/\/hcc-and-co.com\/en\/wp-json\/wp\/v2\/types\/product"}],"replies":[{"embeddable":true,"href":"https:\/\/hcc-and-co.com\/en\/wp-json\/wp\/v2\/comments?post=369"}],"wp:featuredmedia":[{"embeddable":true,"href":"https:\/\/hcc-and-co.com\/en\/wp-json\/wp\/v2\/media\/399"}],"wp:attachment":[{"href":"https:\/\/hcc-and-co.com\/en\/wp-json\/wp\/v2\/media?parent=369"}],"wp:term":[{"taxonomy":"product_brand","embeddable":true,"href":"https:\/\/hcc-and-co.com\/en\/wp-json\/wp\/v2\/product_brand?post=369"},{"taxonomy":"product_cat","embeddable":true,"href":"https:\/\/hcc-and-co.com\/en\/wp-json\/wp\/v2\/product_cat?post=369"},{"taxonomy":"product_tag","embeddable":true,"href":"https:\/\/hcc-and-co.com\/en\/wp-json\/wp\/v2\/product_tag?post=369"}],"curies":[{"name":"wp","href":"https:\/\/api.w.org\/{rel}","templated":true}]}}