{"id":370,"date":"2024-07-04T15:02:37","date_gmt":"2024-07-04T13:02:37","guid":{"rendered":"https:\/\/agangece-advert.sprint-service.be\/?post_type=product&#038;p=370"},"modified":"2024-07-04T15:02:57","modified_gmt":"2024-07-04T13:02:57","slug":"shampooing-fluide","status":"publish","type":"product","link":"https:\/\/hcc-and-co.com\/en\/product\/shampooing-fluide\/","title":{"rendered":"Shampooing fluide"},"content":{"rendered":"<p>B\u00c9N\u00c9FICES<br \/>\nPour tous les types de cheveux<br \/>\nNettoie en douceur<\/p>\n<p>Redonne de l\u2019\u00e9clat et de la brillance aux cheveux<br \/>\nPeut \u00e9galement \u00eatre utilis\u00e9 comme traitement d\u2019entretien suite \u00e0 un traitement m\u00e9dical &#8211; Compatible avec le lissage br\u00e9silien &#8211; Formule parfum\u00e9e<\/p>\n<p>Bonne tol\u00e9rance capillaire et oculaire<\/p>","protected":false},"excerpt":{"rendered":"<p>Le shampooing fluide non d\u00e9tergent qui nettoie, respecte et prot\u00e8ge.<\/p>","protected":false},"featured_media":0,"comment_status":"open","ping_status":"closed","template":"","meta":{"_joinchat":[]},"product_brand":[],"product_cat":[91],"product_tag":[],"class_list":{"0":"post-370","1":"product","2":"type-product","3":"status-publish","5":"product_cat-bioderma","7":"first","8":"instock","9":"shipping-taxable","10":"purchasable","11":"product-type-simple"},"_links":{"self":[{"href":"https:\/\/hcc-and-co.com\/en\/wp-json\/wp\/v2\/product\/370","targetHints":{"allow":["GET"]}}],"collection":[{"href":"https:\/\/hcc-and-co.com\/en\/wp-json\/wp\/v2\/product"}],"about":[{"href":"https:\/\/hcc-and-co.com\/en\/wp-json\/wp\/v2\/types\/product"}],"replies":[{"embeddable":true,"href":"https:\/\/hcc-and-co.com\/en\/wp-json\/wp\/v2\/comments?post=370"}],"wp:attachment":[{"href":"https:\/\/hcc-and-co.com\/en\/wp-json\/wp\/v2\/media?parent=370"}],"wp:term":[{"taxonomy":"product_brand","embeddable":true,"href":"https:\/\/hcc-and-co.com\/en\/wp-json\/wp\/v2\/product_brand?post=370"},{"taxonomy":"product_cat","embeddable":true,"href":"https:\/\/hcc-and-co.com\/en\/wp-json\/wp\/v2\/product_cat?post=370"},{"taxonomy":"product_tag","embeddable":true,"href":"https:\/\/hcc-and-co.com\/en\/wp-json\/wp\/v2\/product_tag?post=370"}],"curies":[{"name":"wp","href":"https:\/\/api.w.org\/{rel}","templated":true}]}}