{"id":371,"date":"2024-07-04T15:02:37","date_gmt":"2024-07-04T13:02:37","guid":{"rendered":"https:\/\/agangece-advert.sprint-service.be\/?post_type=product&#038;p=371"},"modified":"2025-07-25T12:19:57","modified_gmt":"2025-07-25T10:19:57","slug":"gel-moussant-crealine","status":"publish","type":"product","link":"https:\/\/hcc-and-co.com\/en\/product\/gel-moussant-crealine\/","title":{"rendered":"Gel moussant &#8211; Cr\u00e9aline"},"content":{"rendered":"<ul>\n<li style=\"list-style-type: none;\">\n<ul>\n<li style=\"list-style-type: none;\">\n<ul>B\u00c9N\u00c9FICES<\/ul>\n<\/li>\n<li style=\"list-style-type: none;\">\n<ul>Nettoie et d\u00e9maquille le visage et les yeux en douceur;<\/ul>\n<\/li>\n<li style=\"list-style-type: none;\">\n<ul>Hydrate*;<\/ul>\n<\/li>\n<li style=\"list-style-type: none;\">\n<ul>Apaise;<\/ul>\n<\/li>\n<li style=\"list-style-type: none;\">\n<ul>Tr\u00e8s bonne tol\u00e9rance cutan\u00e9e et oculaire;<\/ul>\n<\/li>\n<li style=\"list-style-type: none;\">\n<ul>Non com\u00e9dog\u00e8ne ;<\/ul>\n<\/li>\n<li style=\"list-style-type: none;\">\n<ul>Sans savon;<\/ul>\n<\/li>\n<li style=\"list-style-type: none;\">\n<ul>Non parfum\u00e9;<\/ul>\n<\/li>\n<\/ul>\n<\/li>\n<\/ul>\n<p>pH physiologique.<\/p>","protected":false},"excerpt":{"rendered":"<p>Le gel moussant micellaire qui renforce l&rsquo;hydratation naturelle de la peau.<\/p>","protected":false},"featured_media":400,"comment_status":"open","ping_status":"closed","template":"","meta":{"_joinchat":[]},"product_brand":[],"product_cat":[91],"product_tag":[],"class_list":{"0":"post-371","1":"product","2":"type-product","3":"status-publish","4":"has-post-thumbnail","6":"product_cat-bioderma","8":"first","9":"instock","10":"sale","11":"shipping-taxable","12":"purchasable","13":"product-type-simple"},"_links":{"self":[{"href":"https:\/\/hcc-and-co.com\/en\/wp-json\/wp\/v2\/product\/371","targetHints":{"allow":["GET"]}}],"collection":[{"href":"https:\/\/hcc-and-co.com\/en\/wp-json\/wp\/v2\/product"}],"about":[{"href":"https:\/\/hcc-and-co.com\/en\/wp-json\/wp\/v2\/types\/product"}],"replies":[{"embeddable":true,"href":"https:\/\/hcc-and-co.com\/en\/wp-json\/wp\/v2\/comments?post=371"}],"wp:featuredmedia":[{"embeddable":true,"href":"https:\/\/hcc-and-co.com\/en\/wp-json\/wp\/v2\/media\/400"}],"wp:attachment":[{"href":"https:\/\/hcc-and-co.com\/en\/wp-json\/wp\/v2\/media?parent=371"}],"wp:term":[{"taxonomy":"product_brand","embeddable":true,"href":"https:\/\/hcc-and-co.com\/en\/wp-json\/wp\/v2\/product_brand?post=371"},{"taxonomy":"product_cat","embeddable":true,"href":"https:\/\/hcc-and-co.com\/en\/wp-json\/wp\/v2\/product_cat?post=371"},{"taxonomy":"product_tag","embeddable":true,"href":"https:\/\/hcc-and-co.com\/en\/wp-json\/wp\/v2\/product_tag?post=371"}],"curies":[{"name":"wp","href":"https:\/\/api.w.org\/{rel}","templated":true}]}}