{"id":383,"date":"2024-07-04T15:02:38","date_gmt":"2024-07-04T13:02:38","guid":{"rendered":"https:\/\/agangece-advert.sprint-service.be\/?post_type=product&#038;p=383"},"modified":"2025-07-25T12:21:40","modified_gmt":"2025-07-25T10:21:40","slug":"gelee-purifiante","status":"publish","type":"product","link":"https:\/\/hcc-and-co.com\/en\/product\/gelee-purifiante\/","title":{"rendered":"Gel\u00e9e Purifiante"},"content":{"rendered":"<p>Gel\u00e9e Purifiante Micro-Exfoliante, Aquabella 150 ml<br \/>\nNettoyant visage<br \/>\nPeaux mixtes<\/p>\n<p>88% d&rsquo;ingr\u00e9dients d&rsquo;origine naturelle<\/p>","protected":false},"excerpt":{"rendered":"<p>Gel\u00e9e Purifiante Micro-Exfoliante, Aquabella 150 ml<br \/>\nGel\u00e9e Purifiante Micro-Exfoliante, Aquabella 150 ml<\/p>\n<p>Portrait<br \/>\nCe nettoyant visage peaux mixtes gorg\u00e9 de micro-billes bleues naturelles nettoie en profondeur sans dess\u00e9cher la peau. La Gel\u00e9e Purifiante \u00e9limine quotidiennement l&rsquo;exc\u00e8s de s\u00e9bum et gomme les irr\u00e9gularit\u00e9s pour une peau plus nette, fra\u00eeche et lumineuse.<\/p>\n<p>Tous les \u00e2ges, id\u00e9al pour les 18-25 ans.<\/p>\n<p>Conseils beaut\u00e9<\/p>\n<p>Formule<\/p>\n<p>Qualit\u00e9s et caract\u00e9ristiques environnementales<br \/>\nGel\u00e9e Purifiante Micro-Exfoliante, Aquabella 150 ml<br \/>\nNettoyant visage<br \/>\nPeaux mixtes<\/p>\n<p>88% d&rsquo;ingr\u00e9dients d&rsquo;origine naturelle<\/p>","protected":false},"featured_media":426,"comment_status":"open","ping_status":"closed","template":"","meta":{"_joinchat":[]},"product_brand":[],"product_cat":[93],"product_tag":[],"class_list":{"0":"post-383","1":"product","2":"type-product","3":"status-publish","4":"has-post-thumbnail","6":"product_cat-nuxe","8":"first","9":"instock","10":"sale","11":"shipping-taxable","12":"purchasable","13":"product-type-simple"},"_links":{"self":[{"href":"https:\/\/hcc-and-co.com\/en\/wp-json\/wp\/v2\/product\/383","targetHints":{"allow":["GET"]}}],"collection":[{"href":"https:\/\/hcc-and-co.com\/en\/wp-json\/wp\/v2\/product"}],"about":[{"href":"https:\/\/hcc-and-co.com\/en\/wp-json\/wp\/v2\/types\/product"}],"replies":[{"embeddable":true,"href":"https:\/\/hcc-and-co.com\/en\/wp-json\/wp\/v2\/comments?post=383"}],"wp:featuredmedia":[{"embeddable":true,"href":"https:\/\/hcc-and-co.com\/en\/wp-json\/wp\/v2\/media\/426"}],"wp:attachment":[{"href":"https:\/\/hcc-and-co.com\/en\/wp-json\/wp\/v2\/media?parent=383"}],"wp:term":[{"taxonomy":"product_brand","embeddable":true,"href":"https:\/\/hcc-and-co.com\/en\/wp-json\/wp\/v2\/product_brand?post=383"},{"taxonomy":"product_cat","embeddable":true,"href":"https:\/\/hcc-and-co.com\/en\/wp-json\/wp\/v2\/product_cat?post=383"},{"taxonomy":"product_tag","embeddable":true,"href":"https:\/\/hcc-and-co.com\/en\/wp-json\/wp\/v2\/product_tag?post=383"}],"curies":[{"name":"wp","href":"https:\/\/api.w.org\/{rel}","templated":true}]}}