{"id":445,"date":"2024-07-04T15:03:21","date_gmt":"2024-07-04T13:03:21","guid":{"rendered":"https:\/\/agangece-advert.sprint-service.be\/?post_type=product&#038;p=445"},"modified":"2024-07-04T15:03:54","modified_gmt":"2024-07-04T13:03:54","slug":"lotion-purifiante","status":"publish","type":"product","link":"https:\/\/hcc-and-co.com\/en\/product\/lotion-purifiante\/","title":{"rendered":"Lotion purifiante"},"content":{"rendered":"<p>Sa composition riche en agents purifiants et s\u00e9bor\u00e9gulateur<br \/>\nlui conf\u00e8re des propri\u00e9t\u00e9s assainissantes pour les peaux<br \/>\ngrasses \u00e0 mixtes et\/ou \u00e0 tendance acn\u00e9iques. La peau est<br \/>\nfraiche, tonifi\u00e9e et purifi\u00e9<\/p>","protected":false},"excerpt":{"rendered":"<p>Sa composition riche en agents purifiants et s\u00e9bor\u00e9gulateur lui conf\u00e8re des propri\u00e9t\u00e9s assainissantes pour les peaux grasses \u00e0 mixtes et\/ou \u00e0 tendance acn\u00e9iques. La peau est fraiche, tonifi\u00e9e et purifi\u00e9<\/p>","protected":false},"featured_media":492,"comment_status":"open","ping_status":"closed","template":"","meta":{"_joinchat":[]},"product_brand":[],"product_cat":[84,88],"product_tag":[],"class_list":{"0":"post-445","1":"product","2":"type-product","3":"status-publish","4":"has-post-thumbnail","6":"product_cat-game-hcc","7":"product_cat-nettoyants","9":"first","10":"instock","11":"featured","12":"shipping-taxable","13":"purchasable","14":"product-type-simple"},"_links":{"self":[{"href":"https:\/\/hcc-and-co.com\/en\/wp-json\/wp\/v2\/product\/445","targetHints":{"allow":["GET"]}}],"collection":[{"href":"https:\/\/hcc-and-co.com\/en\/wp-json\/wp\/v2\/product"}],"about":[{"href":"https:\/\/hcc-and-co.com\/en\/wp-json\/wp\/v2\/types\/product"}],"replies":[{"embeddable":true,"href":"https:\/\/hcc-and-co.com\/en\/wp-json\/wp\/v2\/comments?post=445"}],"wp:featuredmedia":[{"embeddable":true,"href":"https:\/\/hcc-and-co.com\/en\/wp-json\/wp\/v2\/media\/492"}],"wp:attachment":[{"href":"https:\/\/hcc-and-co.com\/en\/wp-json\/wp\/v2\/media?parent=445"}],"wp:term":[{"taxonomy":"product_brand","embeddable":true,"href":"https:\/\/hcc-and-co.com\/en\/wp-json\/wp\/v2\/product_brand?post=445"},{"taxonomy":"product_cat","embeddable":true,"href":"https:\/\/hcc-and-co.com\/en\/wp-json\/wp\/v2\/product_cat?post=445"},{"taxonomy":"product_tag","embeddable":true,"href":"https:\/\/hcc-and-co.com\/en\/wp-json\/wp\/v2\/product_tag?post=445"}],"curies":[{"name":"wp","href":"https:\/\/api.w.org\/{rel}","templated":true}]}}