{"id":918,"date":"2024-09-02T16:14:33","date_gmt":"2024-09-02T14:14:33","guid":{"rendered":"https:\/\/agangece-advert.sprint-service.be\/?post_type=product&#038;p=918"},"modified":"2024-09-02T16:14:33","modified_gmt":"2024-09-02T14:14:33","slug":"mustela-baume-universel-certifie-bio-aux-3-extraits-davocat","status":"publish","type":"product","link":"https:\/\/hcc-and-co.com\/en\/product\/mustela-baume-universel-certifie-bio-aux-3-extraits-davocat\/","title":{"rendered":"MUSTELA &#8211; Baume Universel certifi\u00e9 BIO aux 3 extraits d&rsquo;avocat"},"content":{"rendered":"<h2>Comment l&rsquo;utiliser\u00c9tape1Appuyez sur le tube et versez au creux de la main (une petite quantit\u00e9 de baume suffit gr\u00e2ce \u00e0 sa texture ultra nourrissante).\u00c9tape2Appliquez sur les zones s\u00e8ches de la peau du b\u00e9b\u00e9, de l&rsquo;enfant ou de l&rsquo;adulte : visage, cou, bras, mains, coudes, genoux, pieds, etc.\u00c9tape3Renouvelez aussi souvent que n\u00e9cessaire.<br \/>\nLe tube est termin\u00e9 ?<br \/>\nPour permettre le recyclage, jetez le tube en aluminium ainsi que son \u00e9tui dans la poubelle de tri s\u00e9lectif.<\/h2>","protected":false},"excerpt":{"rendered":"<h2>Le\u00a0<strong>Baume Universel aux 3 Extraits d&rsquo;Avocat\u00a0<\/strong>nourrit, r\u00e9pare et prot\u00e8ge<strong>\u00a0toutes les zones s\u00e8ches<\/strong>\u00a0(visage, l\u00e8vres, mains, pieds, coudes, etc). Certifi\u00e9 Bio et \u00e0 99,7% d&rsquo;ingr\u00e9dients d&rsquo;origine naturelle, il peut \u00eatre utilis\u00e9 d\u00e8s la naissance* et par toute la famille. Sa couleur et son odeur uniques sont naturellement donn\u00e9es par l\u2019avocat.\u00a0<strong>Non parfum\u00e9, formule vegan<\/strong>**.<\/h2>","protected":false},"featured_media":890,"comment_status":"open","ping_status":"closed","template":"","meta":{"_joinchat":[]},"product_brand":[],"product_cat":[112],"product_tag":[],"class_list":{"0":"post-918","1":"product","2":"type-product","3":"status-publish","4":"has-post-thumbnail","6":"product_cat-univers-bebe-enfants","8":"first","9":"instock","10":"sale","11":"shipping-taxable","12":"purchasable","13":"product-type-simple"},"_links":{"self":[{"href":"https:\/\/hcc-and-co.com\/en\/wp-json\/wp\/v2\/product\/918","targetHints":{"allow":["GET"]}}],"collection":[{"href":"https:\/\/hcc-and-co.com\/en\/wp-json\/wp\/v2\/product"}],"about":[{"href":"https:\/\/hcc-and-co.com\/en\/wp-json\/wp\/v2\/types\/product"}],"replies":[{"embeddable":true,"href":"https:\/\/hcc-and-co.com\/en\/wp-json\/wp\/v2\/comments?post=918"}],"wp:featuredmedia":[{"embeddable":true,"href":"https:\/\/hcc-and-co.com\/en\/wp-json\/wp\/v2\/media\/890"}],"wp:attachment":[{"href":"https:\/\/hcc-and-co.com\/en\/wp-json\/wp\/v2\/media?parent=918"}],"wp:term":[{"taxonomy":"product_brand","embeddable":true,"href":"https:\/\/hcc-and-co.com\/en\/wp-json\/wp\/v2\/product_brand?post=918"},{"taxonomy":"product_cat","embeddable":true,"href":"https:\/\/hcc-and-co.com\/en\/wp-json\/wp\/v2\/product_cat?post=918"},{"taxonomy":"product_tag","embeddable":true,"href":"https:\/\/hcc-and-co.com\/en\/wp-json\/wp\/v2\/product_tag?post=918"}],"curies":[{"name":"wp","href":"https:\/\/api.w.org\/{rel}","templated":true}]}}