{"id":1393,"date":"2025-05-07T12:11:48","date_gmt":"2025-05-07T10:11:48","guid":{"rendered":"https:\/\/hcc-and-co.com\/?post_type=product&#038;p=1393"},"modified":"2025-05-07T12:11:48","modified_gmt":"2025-05-07T10:11:48","slug":"creme-nourrissante-visage-et-corps","status":"publish","type":"product","link":"https:\/\/hcc-and-co.com\/fr_fr\/product\/creme-nourrissante-visage-et-corps\/","title":{"rendered":"Cr\u00e8me nourrissante visage et corps"},"content":{"rendered":"<p class=\"accordion-toggle\" data-block-id=\"0\"><strong>BIENFAITS<\/strong><\/p>\n<div class=\"rte accordion-content\">La Cr\u00e8me contient du Panth\u00e9nol, des Huiles naturelles et Beurre de Karit\u00e9 qui agissent en synergie pour nourrir durablement la peau en profondeur, pour prot\u00e9ger la barri\u00e8re cutan\u00e9e contre la perte en eau trans\u00e9pidermique et pour apaiser les rougeurs et les prurits typiques des peaux s\u00e8ches.<\/div>\n<div><\/div>\n<div>\n<p class=\"accordion-toggle\" data-block-id=\"1\"><strong>CONSEILS D\u2019UTILISATION<\/strong><\/p>\n<div class=\"rte accordion-content\">Appliquer la cr\u00e8me selon les besoins en massant d\u00e9licatement jusqu\u2019\u00e0 absorption compl\u00e8te, particuli\u00e8rement apr\u00e8s le nettoyage. Id\u00e9ale pour nourrir intens\u00e9ment la peau tr\u00e8s s\u00e8che et d\u00e9shydrat\u00e9e, aussi en p\u00e9riode hivernale.<\/div>\n<\/div>\n<div><\/div>\n<div>\n<p class=\"accordion-toggle\" data-block-id=\"2\"><strong>INGR\u00c9DIENTS<\/strong><\/p>\n<div class=\"rte accordion-content\">\n<p>AQUA, GLYCERIN, CAPRYLIC\/CAPRIC TRIGLYCERIDE, OCTYLDODECANOL, BUTYROSPERMUM PARKII BUTTER, POLYGLYCERYL-3 DICITRATE\/STEARATE, CETEARYL ALCOHOL, C10-18 TRIGLYCERIDES, PANTHENOL, PRUNUS AMYGDALUS DULCIS OIL, MACADAMIA TERNIFOLIA SEED OIL, CAPRYLYL GLYCOL, CARBOMER, CELLULOSE GUM, DISODIUM EDTA, GLYCERYL BEHENATE, GLYCERYL DIBEHENATE, MICROCRYSTALLINE CELLULOSE, O-CYMEN-5-OL, PARFUM, PENTAERYTHRITYL TETRA-DI-T-BUTYL HYDROXYHYDROCINNAMATE, PHENOXYETHANOL, POTASSIUM CETYL PHOSPHATE, SODIUM HYDROXIDE, TRIBEHENIN.<\/p>\n<p class=\"accordion-toggle\" data-block-id=\"3\"><strong>S\u00e9curit\u00e9<\/strong><\/p>\n<div class=\"rte accordion-content\">\n<ul>\n<li>Test\u00e9 dermatologiquement sur peaux sensibles<\/li>\n<li>Formul\u00e9 pour r\u00e9duire les risques d&rsquo;allergie<\/li>\n<li>Nickel et Parab\u00e8nes &lt; 0,0001 % (1ppm)<\/li>\n<li>D\u00e9velopp\u00e9 en collaboration avec des Instituts Universitaires<\/li>\n<\/ul>\n<\/div>\n<\/div>\n<\/div>\n","protected":false},"excerpt":{"rendered":"<div class=\"product-item__abstract\"><strong>Cr\u00e8me ultra-riche.<\/strong><\/div>\n<div class=\"product-description rte\">\n<p>\u200bCr\u00e8me ultra-riche sp\u00e9cialement indiqu\u00e9e pour le soin des peaux s\u00e8ches \u00e0 tr\u00e8s s\u00e8ches du corps et du visage. L\u00e9g\u00e8rement parfum\u00e9e, elle est sans allerg\u00e8neset convient parfaitement aux peaux sensible.<\/p>\n<p><strong>Pot 450 ml<\/strong><\/p>\n<\/div>\n","protected":false},"featured_media":1394,"comment_status":"open","ping_status":"closed","template":"","meta":{"_joinchat":[]},"product_brand":[],"product_cat":[127],"product_tag":[],"class_list":{"0":"post-1393","1":"product","2":"type-product","3":"status-publish","4":"has-post-thumbnail","6":"product_cat-pharmacie-carbillet","8":"first","9":"instock","10":"sale","11":"shipping-taxable","12":"purchasable","13":"product-type-simple"},"_links":{"self":[{"href":"https:\/\/hcc-and-co.com\/fr_fr\/wp-json\/wp\/v2\/product\/1393","targetHints":{"allow":["GET"]}}],"collection":[{"href":"https:\/\/hcc-and-co.com\/fr_fr\/wp-json\/wp\/v2\/product"}],"about":[{"href":"https:\/\/hcc-and-co.com\/fr_fr\/wp-json\/wp\/v2\/types\/product"}],"replies":[{"embeddable":true,"href":"https:\/\/hcc-and-co.com\/fr_fr\/wp-json\/wp\/v2\/comments?post=1393"}],"wp:featuredmedia":[{"embeddable":true,"href":"https:\/\/hcc-and-co.com\/fr_fr\/wp-json\/wp\/v2\/media\/1394"}],"wp:attachment":[{"href":"https:\/\/hcc-and-co.com\/fr_fr\/wp-json\/wp\/v2\/media?parent=1393"}],"wp:term":[{"taxonomy":"product_brand","embeddable":true,"href":"https:\/\/hcc-and-co.com\/fr_fr\/wp-json\/wp\/v2\/product_brand?post=1393"},{"taxonomy":"product_cat","embeddable":true,"href":"https:\/\/hcc-and-co.com\/fr_fr\/wp-json\/wp\/v2\/product_cat?post=1393"},{"taxonomy":"product_tag","embeddable":true,"href":"https:\/\/hcc-and-co.com\/fr_fr\/wp-json\/wp\/v2\/product_tag?post=1393"}],"curies":[{"name":"wp","href":"https:\/\/api.w.org\/{rel}","templated":true}]}}