{"id":1403,"date":"2025-05-07T13:04:28","date_gmt":"2025-05-07T11:04:28","guid":{"rendered":"https:\/\/hcc-and-co.com\/?post_type=product&#038;p=1403"},"modified":"2025-09-09T02:30:39","modified_gmt":"2025-09-09T00:30:39","slug":"sublimateur-de-collagene","status":"publish","type":"product","link":"https:\/\/hcc-and-co.com\/fr_fr\/product\/sublimateur-de-collagene\/","title":{"rendered":"Sublimateur de collag\u00e8ne"},"content":{"rendered":"<p class=\"accordion-toggle\" data-block-id=\"0\"><strong>BIENFAITS<\/strong><\/p>\n<div class=\"rte accordion-content\">\n<p>\u200b\u200bSynergie d\u2019ingr\u00e9dients qui agit pour\u00a0<strong>augementer la production endog\u00e8ne de collag\u00e8ne<\/strong>\u00a0du corps, aidant ainsi \u00e0 garder la\u00a0<strong>peau jeune, souple et saine<\/strong>\u00a0en lui donnant une apparence plus\u00a0<strong>ferme.<\/strong><\/p>\n<p>Peut \u00e9galement favoriser la\u00a0<strong>sant\u00e9 des cheveux et des ongles<\/strong>, les rendant plus\u00a0<strong>forts et plus r\u00e9sistants.<\/strong><\/p>\n<p class=\"accordion-toggle\" data-block-id=\"1\"><strong>CONSEILS D\u2019UTILISATION<\/strong><\/p>\n<div class=\"rte accordion-content\">\n<p>Dose journali\u00e8re recommand\u00e9e : dissoudre 10 g (1 dose) dans 200 ml d\u2019eau, bien m\u00e9langer jusqu\u2019\u00e0 dissolution compl\u00e8te de la poudre.<\/p>\n<p class=\"accordion-toggle\" data-block-id=\"2\"><strong>INGR\u00c9DIENTS<\/strong><\/p>\n<div class=\"rte accordion-content\">\n<p>\u200bAC\u00c9ROLA, EXTRAIT SEC (MALPIGHIA GLABRA L., FRUIT ; ACIDE L-ASCORBIQUE) TITR\u00c9 \u00c0 50 % EN VITAMINE C; L-GLYCINE ; L-PROLINE ; L-ALANINE ; L-ARGININE ; ACIDE L-ASPARTIQUE ; ACIDE CITRIQUE ; AROME ; DIOXYDE DE SILICIUM ; GRENADE, FRUIT E.S. (PUNICA GRANATUM L.) TITR\u00c9 \u00c0 40 % MIN. EN ACIDE ELLAGIQUE ; POUDRE DE JUS D\u2019ORANGE ; NICOTINAMIDE (NIACINE) ; OLIVIER, FEUILLES E.S. (OLEA EUROPEA L.) TITR\u00c9 \u00c0 3 % MIN. EN OLEUROP\u00c9INE ; \u00c9DULCORANT : GLYCOSIDES DE ST\u00c9VIOL ; OXYDE DE ZINC (ZINC) ; PALMITATE DE R\u00c9TINYLE (VITAMINE A) ; RIBOFLAVINE (VITAMINE B2) ; D-BIOTINE (BIOTINE).<\/p>\n<p class=\"accordion-toggle\" data-block-id=\"3\"><strong>S\u00e9curit\u00e9<\/strong><\/p>\n<div class=\"rte accordion-content\">\n<p>\u2714 SANS\u00a0gluten<br \/>\n\u2714 SANS sucres ajout\u00e9s<\/p>\n<\/div>\n<\/div>\n<\/div>\n<\/div>\n","protected":false},"excerpt":{"rendered":"<div class=\"product-item__abstract\"><strong>\u200bCompl\u00e9ment alimentaire<\/strong><\/div>\n<div class=\"product-description rte\">\n<div class=\"product-description rte\">\n<p>\u200bCompl\u00e9ment alimentaire \u00e0 base d\u2019Acides Amin\u00e9s, Vitamines, Extraits de Grenade et Feuilles d\u2019Olivier.<\/p>\n<p><strong>Poudre 300 g<\/strong><\/p>\n<\/div>\n<\/div>\n","protected":false},"featured_media":1405,"comment_status":"open","ping_status":"closed","template":"","meta":{"_joinchat":[]},"product_brand":[],"product_cat":[127],"product_tag":[],"class_list":{"0":"post-1403","1":"product","2":"type-product","3":"status-publish","4":"has-post-thumbnail","6":"product_cat-pharmacie-carbillet","8":"first","9":"instock","10":"sale","11":"shipping-taxable","12":"purchasable","13":"product-type-simple"},"_links":{"self":[{"href":"https:\/\/hcc-and-co.com\/fr_fr\/wp-json\/wp\/v2\/product\/1403","targetHints":{"allow":["GET"]}}],"collection":[{"href":"https:\/\/hcc-and-co.com\/fr_fr\/wp-json\/wp\/v2\/product"}],"about":[{"href":"https:\/\/hcc-and-co.com\/fr_fr\/wp-json\/wp\/v2\/types\/product"}],"replies":[{"embeddable":true,"href":"https:\/\/hcc-and-co.com\/fr_fr\/wp-json\/wp\/v2\/comments?post=1403"}],"wp:featuredmedia":[{"embeddable":true,"href":"https:\/\/hcc-and-co.com\/fr_fr\/wp-json\/wp\/v2\/media\/1405"}],"wp:attachment":[{"href":"https:\/\/hcc-and-co.com\/fr_fr\/wp-json\/wp\/v2\/media?parent=1403"}],"wp:term":[{"taxonomy":"product_brand","embeddable":true,"href":"https:\/\/hcc-and-co.com\/fr_fr\/wp-json\/wp\/v2\/product_brand?post=1403"},{"taxonomy":"product_cat","embeddable":true,"href":"https:\/\/hcc-and-co.com\/fr_fr\/wp-json\/wp\/v2\/product_cat?post=1403"},{"taxonomy":"product_tag","embeddable":true,"href":"https:\/\/hcc-and-co.com\/fr_fr\/wp-json\/wp\/v2\/product_tag?post=1403"}],"curies":[{"name":"wp","href":"https:\/\/api.w.org\/{rel}","templated":true}]}}