{"id":1406,"date":"2025-05-07T13:08:37","date_gmt":"2025-05-07T11:08:37","guid":{"rendered":"https:\/\/hcc-and-co.com\/?post_type=product&#038;p=1406"},"modified":"2025-10-06T10:37:13","modified_gmt":"2025-10-06T08:37:13","slug":"eclairant-anti-taches","status":"publish","type":"product","link":"https:\/\/hcc-and-co.com\/fr_fr\/product\/eclairant-anti-taches\/","title":{"rendered":"\u00c9CLAIRANT ANTI-TACHES"},"content":{"rendered":"<p class=\"accordion-toggle\" data-block-id=\"0\"><strong>BIENFAITS<\/strong><\/p>\n<div class=\"rte accordion-content\">\n<p><strong>\u200bTest\u00e9 cliniquement,<\/strong>\u00a0ce compl\u00e9ment alimentaire a prouv\u00e9 son efficacit\u00e9 dans la\u00a0<strong>diminution des taches brunes<\/strong>\u00a0sur le\u00a0<strong>visage<\/strong>, les\u00a0<strong>mains\u00a0<\/strong>et le\u00a0<strong>cou<\/strong>, aussi bien chez les hommes que chez les femme.<\/p>\n<p class=\"accordion-toggle\" data-block-id=\"1\"><strong>CONSEILS D\u2019UTILISATION<\/strong><\/p>\n<div class=\"rte accordion-content\">\n<p>\u200bPrendre 1 comprim\u00e9 par jour avec un grand verre d\u2019eau, de pr\u00e9f\u00e9rence le matin. L\u2019utilisation combin\u00e9e avec les soins cosm\u00e9tiques est recommand\u00e9e.<\/p>\n<p class=\"accordion-toggle\" data-block-id=\"2\"><strong>INGR\u00c9DIENTS<\/strong><\/p>\n<div class=\"rte accordion-content\">\n<p>\u200bAGENTS DE CHARGE : CELLULOSE MICROCRISTALLINE, PHOSPHATE DICALCIQUE ; BELIGHT3\u2122 (VITIS VINIFERA L., GRAINES E.S. ; VITIS VINIFERA L., FRUITS E.S. ; GLYCYRRHIZA GLABRA L. RACINE E.S. ; ACIDE L-ASCORBIQUE) ; STABILISANTS : CARBOXYM\u00c9THYLCELLULOSE SODIQUE R\u00c9TICUL\u00c9E, MONO- ET DIGLYC\u00c9RIDES D&rsquo;ACIDES GRAS ; AGENTS D&rsquo;ENROBAGE : OXYDES ET HYDROXYDES DE FER, ALCOOL POLYVINYLIQUE, CARBONATE DE CALCIUM, POLY\u00c9THYL\u00c8NE GLYCOL, TALC ; AGENTS ANTIAGGLOM\u00c9RANTS : DIOXYDE DE SILICIUM, SELS DE MAGN\u00c9SIUM D&rsquo;ACIDES GRAS ; NICOTINAMIDE (NIACINE).<\/p>\n<p class=\"accordion-toggle\" data-block-id=\"3\"><strong>S\u00e9curit\u00e9<\/strong><\/p>\n<div class=\"rte accordion-content\">\n<div>\u2714 SANS gluten<\/div>\n<div>\u2714 SANS sucres<\/div>\n<div>\u2714 SANS conservateur<\/div>\n<\/div>\n<\/div>\n<\/div>\n<\/div>\n","protected":false},"excerpt":{"rendered":"<div class=\"product-item__abstract\">Compl\u00e9ment alimentaire<\/div>\n<div class=\"product-description rte\">\n<p>\u200bCompl\u00e9ment alimentaire\u00a0int\u00e9grant le complexe innovant Belight<sup>3<\/sup>\u2122 et de la Niacine sp\u00e9cifiquement con\u00e7us comme booster des deux soins cosm\u00e9tiques anti-taches : Protecteur UV Anti-Taches et\u00a0 Concentr\u00e9 Nuit Anti-taches.<\/p>\n<p><strong>30 comprim\u00e9s<\/strong><\/p>\n<\/div>\n","protected":false},"featured_media":1407,"comment_status":"open","ping_status":"closed","template":"","meta":{"_joinchat":[]},"product_brand":[],"product_cat":[127],"product_tag":[],"class_list":{"0":"post-1406","1":"product","2":"type-product","3":"status-publish","4":"has-post-thumbnail","6":"product_cat-pharmacie-carbillet","8":"first","9":"instock","10":"sale","11":"shipping-taxable","12":"purchasable","13":"product-type-simple"},"_links":{"self":[{"href":"https:\/\/hcc-and-co.com\/fr_fr\/wp-json\/wp\/v2\/product\/1406","targetHints":{"allow":["GET"]}}],"collection":[{"href":"https:\/\/hcc-and-co.com\/fr_fr\/wp-json\/wp\/v2\/product"}],"about":[{"href":"https:\/\/hcc-and-co.com\/fr_fr\/wp-json\/wp\/v2\/types\/product"}],"replies":[{"embeddable":true,"href":"https:\/\/hcc-and-co.com\/fr_fr\/wp-json\/wp\/v2\/comments?post=1406"}],"wp:featuredmedia":[{"embeddable":true,"href":"https:\/\/hcc-and-co.com\/fr_fr\/wp-json\/wp\/v2\/media\/1407"}],"wp:attachment":[{"href":"https:\/\/hcc-and-co.com\/fr_fr\/wp-json\/wp\/v2\/media?parent=1406"}],"wp:term":[{"taxonomy":"product_brand","embeddable":true,"href":"https:\/\/hcc-and-co.com\/fr_fr\/wp-json\/wp\/v2\/product_brand?post=1406"},{"taxonomy":"product_cat","embeddable":true,"href":"https:\/\/hcc-and-co.com\/fr_fr\/wp-json\/wp\/v2\/product_cat?post=1406"},{"taxonomy":"product_tag","embeddable":true,"href":"https:\/\/hcc-and-co.com\/fr_fr\/wp-json\/wp\/v2\/product_tag?post=1406"}],"curies":[{"name":"wp","href":"https:\/\/api.w.org\/{rel}","templated":true}]}}