{"id":1412,"date":"2025-05-07T13:28:39","date_gmt":"2025-05-07T11:28:39","guid":{"rendered":"https:\/\/hcc-and-co.com\/?post_type=product&#038;p=1412"},"modified":"2025-09-09T02:28:03","modified_gmt":"2025-09-09T00:28:03","slug":"concentre-nuit-anti-taches","status":"publish","type":"product","link":"https:\/\/hcc-and-co.com\/fr_fr\/product\/concentre-nuit-anti-taches\/","title":{"rendered":"Concentr\u00e9 Nuit Anti-taches"},"content":{"rendered":"<p class=\"accordion-toggle\" data-block-id=\"0\"><strong>BIENFAITS<\/strong><\/p>\n<div class=\"rte accordion-content\">\n<p>\u200bLes taches ponctuelles et les dyschromies diffuses s\u2019\u00e9claircissent\u00a0progressivement, le teint est uniformis\u00e9.<\/p>\n<p class=\"accordion-toggle\" data-block-id=\"1\"><strong>CONSEILS D\u2019UTILISATION<\/strong><\/p>\n<div class=\"rte accordion-content\">\n<p>\u200bAppliquer le soin sur le visage tous les soirs, avant la cr\u00e8me habituelle, ou sur le dos des mains. Peut \u00eatre utilis\u00e9 ponctuellement sur la tache \u00e0 traiter ou sur des zones plus \u00e9tendues dans le cas de taches diffuses. Pour une efficacit\u00e9 maximale, nous recommandons de combiner l\u2019utilisation du Concentr\u00e9, du Protecteur UV et du compl\u00e9ment alimentaire \u00c9clairant Anti-taches.<\/p>\n<p class=\"accordion-toggle\" data-block-id=\"2\"><strong>INGR\u00c9DIENTS<\/strong><\/p>\n<div class=\"rte accordion-content\">\n<p>\u200bAQUA, NIACINAMIDE, PROPANEDIOL, TRANEXAMIC ACID, 1,2-HEXANEDIOL, ISOPENTYLDIOL, PROPANEDIOL DICAPRYLATE, ABIES ALBA BARK EXTRACT, PINUS SYLVESTRIS BARK EXTRACT, VITIS VINIFERA BRANCH EXTRACT, SODIUM HYALURONATE, CAPRYLYL GLYCOL, CAPRYLYL METHICONE, CELLULOSE GUM, CITRIC ACID, DISTARCH PHOSPHATE, MICROCRYSTALLINE CELLULOSE, PENTAERYTHRITYL TETRA-DI-T-BUTYL HYDROXYHYDROCINNAMATE, SPHINGOMONAS FERMENT EXTRACT, TRISODIUM ETHYLENEDIAMINE DISUCCINATE, UNDECYLENOYL GLYCINE.<\/p>\n<p class=\"accordion-toggle\" data-block-id=\"3\"><strong>S\u00e9curit\u00e9<\/strong><\/p>\n<div class=\"rte accordion-content\">\n<div>\n<ul>\n<li>SANS PARFUM<\/li>\n<li>SANS ALCOOL<\/li>\n<li>TEST\u00c9 DERMATOLOGIQUEMENT SUR PEAUX SENSIBLES<\/li>\n<li>FORMUL\u00c9 POUR R\u00c9DUIRE LES RISQUES ALLERGIQUES<\/li>\n<li>NICKEL ET PARAB\u00c8NES &lt; 0,0001 % (1 ppm)<\/li>\n<\/ul>\n<\/div>\n<\/div>\n<\/div>\n<\/div>\n<\/div>\n","protected":false},"excerpt":{"rendered":"<div class=\"product__title__wrapper\">\n<div class=\"product-item__add-info components\">VITISBRIGHT\u2122, Niacinamide<\/div>\n<\/div>\n<div class=\"product__badge\"><a href=\"https:\/\/www.pharmacienspreparateurs.fr\/products\/concentr-e-nuit-anti-taches#reviews-scroll\">Aller aux avis<\/a><\/div>\n<div class=\"product-item__abstract\">\u200bSoin correcteur anti-taches et d\u00e9pigmentant intensif.<\/div>\n<div class=\"product-description rte\">\n<p>\u200bDistribu\u00e9 sous forme de gouttes, ce soin correcteur peut \u00eatre utilis\u00e9 de deux mani\u00e8res : en application localis\u00e9e pour une action cibl\u00e9e ou sur des zones plus \u00e9tendues en cas de dyschromies g\u00e9n\u00e9ralis\u00e9es. Id\u00e9al pour tous les phototypes et tous les types de peau, m\u00eame sensible. Sans alcool et sans parfum.<\/p>\n<div><strong>Flacon compte-gouttes en verre 30ml<\/strong><\/div>\n<\/div>\n","protected":false},"featured_media":1413,"comment_status":"open","ping_status":"closed","template":"","meta":{"_joinchat":[]},"product_brand":[],"product_cat":[127],"product_tag":[],"class_list":{"0":"post-1412","1":"product","2":"type-product","3":"status-publish","4":"has-post-thumbnail","6":"product_cat-pharmacie-carbillet","8":"first","9":"instock","10":"sale","11":"shipping-taxable","12":"purchasable","13":"product-type-simple"},"_links":{"self":[{"href":"https:\/\/hcc-and-co.com\/fr_fr\/wp-json\/wp\/v2\/product\/1412","targetHints":{"allow":["GET"]}}],"collection":[{"href":"https:\/\/hcc-and-co.com\/fr_fr\/wp-json\/wp\/v2\/product"}],"about":[{"href":"https:\/\/hcc-and-co.com\/fr_fr\/wp-json\/wp\/v2\/types\/product"}],"replies":[{"embeddable":true,"href":"https:\/\/hcc-and-co.com\/fr_fr\/wp-json\/wp\/v2\/comments?post=1412"}],"wp:featuredmedia":[{"embeddable":true,"href":"https:\/\/hcc-and-co.com\/fr_fr\/wp-json\/wp\/v2\/media\/1413"}],"wp:attachment":[{"href":"https:\/\/hcc-and-co.com\/fr_fr\/wp-json\/wp\/v2\/media?parent=1412"}],"wp:term":[{"taxonomy":"product_brand","embeddable":true,"href":"https:\/\/hcc-and-co.com\/fr_fr\/wp-json\/wp\/v2\/product_brand?post=1412"},{"taxonomy":"product_cat","embeddable":true,"href":"https:\/\/hcc-and-co.com\/fr_fr\/wp-json\/wp\/v2\/product_cat?post=1412"},{"taxonomy":"product_tag","embeddable":true,"href":"https:\/\/hcc-and-co.com\/fr_fr\/wp-json\/wp\/v2\/product_tag?post=1412"}],"curies":[{"name":"wp","href":"https:\/\/api.w.org\/{rel}","templated":true}]}}