{"id":1457,"date":"2026-02-14T23:30:43","date_gmt":"2026-02-14T22:30:43","guid":{"rendered":"https:\/\/hcc-and-co.com\/?post_type=product&#038;p=1457"},"modified":"2026-02-14T23:30:43","modified_gmt":"2026-02-14T22:30:43","slug":"creme-spf50-clairial","status":"publish","type":"product","link":"https:\/\/hcc-and-co.com\/fr_fr\/product\/creme-spf50-clairial\/","title":{"rendered":"Cr\u00e8me SPF50+ Clairial"},"content":{"rendered":"<p><strong>FORMUL\u00c9 POUR<\/strong><br \/>\nToutes les peaux sensibles. Pour tous types de taches brunes li\u00e9es au soleil, au vieillissement cutan\u00e9, \u00e0 la grossesse, au teint irr\u00e9gulier, aux marques d\u2019imperfections. Visage, d\u00e9collet\u00e9, mains. Adultes.<br \/>\nNon-com\u00e9dog\u00e8ne.<\/p>\n<p><strong>TEST\u00c9 SOUS CONTR\u00d4LE DERMATOLOGIQUE<\/strong><\/p>\n<p><strong>TEST\u00c9 SANS EFFET SUR LES M\u00c9CANISMES ENDOCRINIENS<\/strong><br \/>\nTests r\u00e9alis\u00e9s sur les axes oestrog\u00e9niques, androg\u00e9niques et thyro\u00efdiens par un laboratoire ind\u00e9pendant, sp\u00e9cialiste de la perturbation endocrinienne.<\/p>\n<div class=\"has-more cursor-pointer accordions__item-title__wrapper accordion-shared-12 is-expanded\" data-check-class=\"\" data-uniq=\"640\" data-toggle-target=\"#a-640&amp;this\" data-toggle-classname=\"is-expanded\" data-remove-target=\".accordion-shared-12:not([data-uniq='640'])\" data-remove-classname=\"is-expanded\">\n<div class=\"accordions__item-title\">\n<div class=\"prose-responsive max-w-full prose-prevent-my\">\n<h5>CONSEILS D&rsquo;UTILISATION<\/h5>\n<\/div>\n<\/div>\n<div class=\"accordions__item-title-icon__wrapper\"><strong>APPLIQUEZ LE MATIN<\/strong><\/div>\n<\/div>\n<div id=\"a-640\" class=\"content accordion-shared-12 is-expanded\" data-check-class=\"\" data-uniq=\"640\">\n<div class=\"accordions__item-content\">\n<div class=\"pt-4 [&amp;_*]:lg:text-[18px] text-alternative-base\">\n<div class=\"prose-responsive max-w-full \">\n<p>Sur les zones expos\u00e9es au soleil : Visage &#8211; D\u00e9collet\u00e9 &#8211; Mains.<br \/>\nRenouvelez fr\u00e9quemment l\u2019application.<br \/>\nConseil : la tr\u00e8s haute protection solaire SPF50+ est indispensable pour les p\u00e9riodes d\u2019exposition. En relais le reste du temps, vous pouvez utiliser la haute protection SPF30 de Clairial Day.<\/p>\n<p>Ne pas avaler, ne convient pas \u00e0 l\u2019usage m\u00e9dical. Tenir hors de port\u00e9e des enfants. Appliquer g\u00e9n\u00e9reusement et uniform\u00e9ment avant l\u2019exposition pour bien couvrir la surface expos\u00e9e.<\/p>\n<p>R\u00e9duire cette quantit\u00e9 diminue nettement le niveau de protection. Un produit solaire ne prot\u00e8ge jamais totalement. Renouveler fr\u00e9quemment l\u2019application pour maintenir la protection, surtout apr\u00e8s avoir transpir\u00e9, avoir nag\u00e9 ou s\u2019\u00eatre essuy\u00e9. Eviter l\u2019exposition solaire aux heures d\u2019ensoleillement maximales (entre 12 et 16h), sinon pr\u00e9voir une protection vestimentaire. Les coups de soleil sont dangereux, surtout chez l\u2019enfant.<\/p>\n<p>Utiliser des produits de protection solaire appropri\u00e9s \u00e0 votre type de peau. L\u2019utilisation de ce produit ne doit pas inciter \u00e0 s\u2019exposer longtemps au soleil.<\/p>\n<p>L\u2019abus de soleil est dangereux. Ne pas exposer les b\u00e9b\u00e9s et les jeunes enfants directement au soleil. Toujours utiliser des v\u00eatements de protection pour votre b\u00e9b\u00e9 et appliquer la protection solaire uniquement sur les zones expos\u00e9es.<\/p>\n<div class=\"swiper-slide swiper-slide-active\">\n<div class=\"justify-center items-center hidden lg:flex lg:w-[120px] lg:h-[120px]\"><img decoding=\"async\" class=\"w-full alignleft\" src=\"https:\/\/fr.svr.com\/cdn\/shop\/files\/PICTO_Site_100624_Plan_de_travail_1-05_-_copie_31497c18-ea09-451c-bb14-a15616f5645b.png?crop=center&amp;height=500&amp;v=1718188472&amp;width=500\" srcset=\"\/\/fr.svr.com\/cdn\/shop\/files\/PICTO_Site_100624_Plan_de_travail_1-05_-_copie_31497c18-ea09-451c-bb14-a15616f5645b.png?crop=center&amp;height=352&amp;v=1718188472&amp;width=352 352w, \/\/fr.svr.com\/cdn\/shop\/files\/PICTO_Site_100624_Plan_de_travail_1-05_-_copie_31497c18-ea09-451c-bb14-a15616f5645b.png?crop=center&amp;height=500&amp;v=1718188472&amp;width=500 500w\" alt=\"\" width=\"65\" height=\"65\" \/><img decoding=\"async\" class=\"w-full alignleft\" src=\"https:\/\/fr.svr.com\/cdn\/shop\/files\/PICTO_Site_100624_Plan_de_travail_1-02_1_-_copie.png?crop=center&amp;height=500&amp;v=1718188738&amp;width=500\" srcset=\"\/\/fr.svr.com\/cdn\/shop\/files\/PICTO_Site_100624_Plan_de_travail_1-02_1_-_copie.png?crop=center&amp;height=352&amp;v=1718188738&amp;width=352 352w, \/\/fr.svr.com\/cdn\/shop\/files\/PICTO_Site_100624_Plan_de_travail_1-02_1_-_copie.png?crop=center&amp;height=500&amp;v=1718188738&amp;width=500 500w\" alt=\"\" width=\"50\" height=\"50\" \/><img decoding=\"async\" class=\"w-full alignleft\" src=\"https:\/\/fr.svr.com\/cdn\/shop\/files\/PICTO_Site_100624_Plan_de_travail_1-04_-_copie.png?crop=center&amp;height=500&amp;v=1718188430&amp;width=500\" srcset=\"\/\/fr.svr.com\/cdn\/shop\/files\/PICTO_Site_100624_Plan_de_travail_1-04_-_copie.png?crop=center&amp;height=352&amp;v=1718188430&amp;width=352 352w, \/\/fr.svr.com\/cdn\/shop\/files\/PICTO_Site_100624_Plan_de_travail_1-04_-_copie.png?crop=center&amp;height=500&amp;v=1718188430&amp;width=500 500w\" alt=\"\" width=\"55\" height=\"55\" \/><img loading=\"lazy\" decoding=\"async\" class=\"w-full alignleft\" src=\"https:\/\/fr.svr.com\/cdn\/shop\/files\/PICTO_Site_100624_Plan_de_travail_1-03_-_copie.png?crop=center&amp;height=500&amp;v=1718188583&amp;width=500\" srcset=\"\/\/fr.svr.com\/cdn\/shop\/files\/PICTO_Site_100624_Plan_de_travail_1-03_-_copie.png?crop=center&amp;height=352&amp;v=1718188583&amp;width=352 352w, \/\/fr.svr.com\/cdn\/shop\/files\/PICTO_Site_100624_Plan_de_travail_1-03_-_copie.png?crop=center&amp;height=500&amp;v=1718188583&amp;width=500 500w\" alt=\"\" width=\"68\" height=\"68\" \/><\/div>\n<\/div>\n<\/div>\n<\/div>\n<\/div>\n<\/div>\n","protected":false},"excerpt":{"rendered":"<p style=\"text-align: left;\">Oubliez vos taches pigmentaires et prot\u00e9gez vous quotidiennement des rayons du soleil \u00e0 l\u2019aide de Clairial Cr\u00e8me SPF50+. Cette formule 2 en 1 associe un complexe d\u00e9pigmentant pour tous types de taches brunes li\u00e9es au soleil, au vieillissement cutan\u00e9, \u00e0 la grossesse, au teint irr\u00e9gulier, aux marques d\u2019imperfections et une tr\u00e8s haute protection solaire \u00e0 large spectre contre les UVB, les UVA, la lumi\u00e8re visible et les infrarouges. Sa texture fluide au fini mat est id\u00e9ale pour en appliquer tous les jours.<\/p>\n","protected":false},"featured_media":1458,"comment_status":"open","ping_status":"closed","template":"","meta":{"_joinchat":[]},"product_brand":[],"product_cat":[128],"product_tag":[],"class_list":{"0":"post-1457","1":"product","2":"type-product","3":"status-publish","4":"has-post-thumbnail","6":"product_cat-s-v-r","8":"first","9":"instock","10":"sale","11":"shipping-taxable","12":"purchasable","13":"product-type-simple"},"_links":{"self":[{"href":"https:\/\/hcc-and-co.com\/fr_fr\/wp-json\/wp\/v2\/product\/1457","targetHints":{"allow":["GET"]}}],"collection":[{"href":"https:\/\/hcc-and-co.com\/fr_fr\/wp-json\/wp\/v2\/product"}],"about":[{"href":"https:\/\/hcc-and-co.com\/fr_fr\/wp-json\/wp\/v2\/types\/product"}],"replies":[{"embeddable":true,"href":"https:\/\/hcc-and-co.com\/fr_fr\/wp-json\/wp\/v2\/comments?post=1457"}],"wp:featuredmedia":[{"embeddable":true,"href":"https:\/\/hcc-and-co.com\/fr_fr\/wp-json\/wp\/v2\/media\/1458"}],"wp:attachment":[{"href":"https:\/\/hcc-and-co.com\/fr_fr\/wp-json\/wp\/v2\/media?parent=1457"}],"wp:term":[{"taxonomy":"product_brand","embeddable":true,"href":"https:\/\/hcc-and-co.com\/fr_fr\/wp-json\/wp\/v2\/product_brand?post=1457"},{"taxonomy":"product_cat","embeddable":true,"href":"https:\/\/hcc-and-co.com\/fr_fr\/wp-json\/wp\/v2\/product_cat?post=1457"},{"taxonomy":"product_tag","embeddable":true,"href":"https:\/\/hcc-and-co.com\/fr_fr\/wp-json\/wp\/v2\/product_tag?post=1457"}],"curies":[{"name":"wp","href":"https:\/\/api.w.org\/{rel}","templated":true}]}}