{"id":1472,"date":"2026-02-15T00:36:17","date_gmt":"2026-02-14T23:36:17","guid":{"rendered":"https:\/\/hcc-and-co.com\/?post_type=product&#038;p=1472"},"modified":"2026-02-15T10:02:06","modified_gmt":"2026-02-15T09:02:06","slug":"tonique-physiopure","status":"publish","type":"product","link":"https:\/\/hcc-and-co.com\/fr_fr\/product\/tonique-physiopure\/","title":{"rendered":"Tonique PHYSIOPURE"},"content":{"rendered":"<p><strong>FORMUL\u00c9 POUR<\/strong><br \/>\nPour toutes les peaux sensibles. Visage.<br \/>\n<strong>TEST\u00c9 SOUS CONTR\u00d4LE DERMATOLOGIQUE<\/strong><br \/>\nTest\u00e9 sur peaux sensibles sous contr\u00f4le dermatologique et ophtalmologique. Hypoallerg\u00e9nique.<br \/>\n<strong>TEST\u00c9 SANS EFFET SUR LES M\u00c9CANISMES ENDOCRINIENS<\/strong><br \/>\nTests r\u00e9alis\u00e9s sur les axes oestrog\u00e9niques, androg\u00e9niques et thyro\u00efdiens par un laboratoire ind\u00e9pendant, sp\u00e9cialiste de la perturbation endocrinienne.<\/p>\n<p><strong>APPLIQUEZ MATIN ET\/OU SOIR<\/strong><br \/>\nVous pouvez l&rsquo;appliquez \u00e0 l\u2019aide d\u2019un coton, seul ou apr\u00e8s le d\u00e9maquillage.<\/p>\n<p>\ud83d\udc9a<strong>UNE FORMULE NATURELLE<\/strong><br \/>\n98% d\u2019ingr\u00e9dients d\u2019origine naturelle.<\/p>\n<p>\u267b\ufe0f\u00a0<strong>RECYCLABILIT\u00c9 ET R\u00c9-EMPLOI<\/strong><br \/>\nQualit\u00e9s et caract\u00e9ristiques environnementales : le flacon 200mL contient 25% de plastique recycl\u00e9, est recyclable et il doit se jeter dans le bac de tri. Les consignes de tri peuvent varier localement.<\/p>\n","protected":false},"excerpt":{"rendered":"<p>Physiopure Tonique est la derni\u00e8re \u00e9tape de votre routine de d\u00e9maquillage, adapt\u00e9 \u00e0 tous les types de peaux, m\u00eames les plus sensibles. 1\u00e8re gamme nettoyante au magn\u00e9sium oxyg\u00e9nant, un actif favorisant la respiration cellulaire pour une peau oxyg\u00e9n\u00e9e et purifi\u00e9e, accompagn\u00e9 d\u2019actifs hydratants. Un tonique qui pr\u00e9pare la peau \u00e0 recevoir ses soins en la laissant propre, hydrat\u00e9e, et r\u00e9-oxyg\u00e9n\u00e9e.\ud83e\udee7<\/p>\n","protected":false},"featured_media":1461,"comment_status":"open","ping_status":"closed","template":"","meta":{"_joinchat":[]},"product_brand":[],"product_cat":[128],"product_tag":[],"class_list":{"0":"post-1472","1":"product","2":"type-product","3":"status-publish","4":"has-post-thumbnail","6":"product_cat-s-v-r","8":"first","9":"instock","10":"sale","11":"shipping-taxable","12":"purchasable","13":"product-type-simple"},"_links":{"self":[{"href":"https:\/\/hcc-and-co.com\/fr_fr\/wp-json\/wp\/v2\/product\/1472","targetHints":{"allow":["GET"]}}],"collection":[{"href":"https:\/\/hcc-and-co.com\/fr_fr\/wp-json\/wp\/v2\/product"}],"about":[{"href":"https:\/\/hcc-and-co.com\/fr_fr\/wp-json\/wp\/v2\/types\/product"}],"replies":[{"embeddable":true,"href":"https:\/\/hcc-and-co.com\/fr_fr\/wp-json\/wp\/v2\/comments?post=1472"}],"wp:featuredmedia":[{"embeddable":true,"href":"https:\/\/hcc-and-co.com\/fr_fr\/wp-json\/wp\/v2\/media\/1461"}],"wp:attachment":[{"href":"https:\/\/hcc-and-co.com\/fr_fr\/wp-json\/wp\/v2\/media?parent=1472"}],"wp:term":[{"taxonomy":"product_brand","embeddable":true,"href":"https:\/\/hcc-and-co.com\/fr_fr\/wp-json\/wp\/v2\/product_brand?post=1472"},{"taxonomy":"product_cat","embeddable":true,"href":"https:\/\/hcc-and-co.com\/fr_fr\/wp-json\/wp\/v2\/product_cat?post=1472"},{"taxonomy":"product_tag","embeddable":true,"href":"https:\/\/hcc-and-co.com\/fr_fr\/wp-json\/wp\/v2\/product_tag?post=1472"}],"curies":[{"name":"wp","href":"https:\/\/api.w.org\/{rel}","templated":true}]}}