{"id":1473,"date":"2026-02-15T10:09:20","date_gmt":"2026-02-15T09:09:20","guid":{"rendered":"https:\/\/hcc-and-co.com\/?post_type=product&#038;p=1473"},"modified":"2026-02-15T10:09:20","modified_gmt":"2026-02-15T09:09:20","slug":"ampoule-clairial","status":"publish","type":"product","link":"https:\/\/hcc-and-co.com\/fr_fr\/product\/ampoule-clairial\/","title":{"rendered":"Ampoule Clairial"},"content":{"rendered":"<p><strong>FORMUL\u00c9 POUR<\/strong><br \/>\nLes taches brunes des peaux claires \u00e0 fonc\u00e9es li\u00e9es au soleil, au vieillissement cutan\u00e9, \u00e0 la grossesse, aux marques d\u2019imperfections, au teint irr\u00e9gulier. Convient \u00e0 toutes les peaux sensibles. Visage, d\u00e9collet\u00e9, mains. Adultes.<br \/>\n<strong>TEST\u00c9 SOUS CONTR\u00d4LE DERMATOLOGIQUE<\/strong><br \/>\n<strong>TEST\u00c9 SANS EFFET SUR LES M\u00c9CANISMES ENDOCRINIENS<\/strong><br \/>\nTests r\u00e9alis\u00e9s sur les axes oestrog\u00e9niques, androg\u00e9niques et thyro\u00efdiens par un laboratoire ind\u00e9pendant, sp\u00e9cialiste de la perturbation endocrinienne.<\/p>\n<p><strong>APPLIQUEZ MATIN ET SOIR<\/strong><br \/>\nAvant votre soin quotidien: visage, d\u00e9collet\u00e9, mains. \u00c9vitez le contact avec les yeux.<br \/>\nNe pas avaler, ne convient pas \u00e0 l\u2019usage m\u00e9dical<br \/>\nTenir hors de port\u00e9e des enfants.<\/p>\n<p>\ud83d\udc9a\u00a0<strong>UNE FORMULE D\u2019ORIGINE NATURELLE<\/strong><br \/>\n90% d\u2019ingr\u00e9dients d\u2019origine naturelle<\/p>\n<p>\u267b\ufe0f\u00a0<strong>RECYCLABILIT\u00c9 ET R\u00c9-EMPLOI<\/strong><br \/>\nQualit\u00e9s et caract\u00e9ristiques environnementales : le flacon en verre doit se jeter dans le bac de verre. La pipette doit \u00eatre s\u00e9par\u00e9e et jet\u00e9e dans le bac de tri avec l&rsquo;\u00e9tui. Les consignes de tri peuvent varier localement.<\/p>\n","protected":false},"excerpt":{"rendered":"<p>Dites adieu aux taches brunes et uniformisez votre teint gr\u00e2ce \u00e0 Clairial Ampoule.<br \/>\nCe concentr\u00e9 triple action corrige tous les types de taches brunes existantes (soleil, vieillissement, grossesse, marques d&rsquo;acn\u00e9 persistantes), pr\u00e9vient leur apparition et prot\u00e8ge contre la pollution. Sa texture lact\u00e9e l\u00e9g\u00e8re hydrate et p\u00e9n\u00e8tre rapidement tout en laissant un fini soyeux !<\/p>\n","protected":false},"featured_media":1462,"comment_status":"open","ping_status":"closed","template":"","meta":{"_joinchat":[]},"product_brand":[],"product_cat":[128],"product_tag":[],"class_list":{"0":"post-1473","1":"product","2":"type-product","3":"status-publish","4":"has-post-thumbnail","6":"product_cat-s-v-r","8":"first","9":"instock","10":"sale","11":"shipping-taxable","12":"purchasable","13":"product-type-simple"},"_links":{"self":[{"href":"https:\/\/hcc-and-co.com\/fr_fr\/wp-json\/wp\/v2\/product\/1473","targetHints":{"allow":["GET"]}}],"collection":[{"href":"https:\/\/hcc-and-co.com\/fr_fr\/wp-json\/wp\/v2\/product"}],"about":[{"href":"https:\/\/hcc-and-co.com\/fr_fr\/wp-json\/wp\/v2\/types\/product"}],"replies":[{"embeddable":true,"href":"https:\/\/hcc-and-co.com\/fr_fr\/wp-json\/wp\/v2\/comments?post=1473"}],"wp:featuredmedia":[{"embeddable":true,"href":"https:\/\/hcc-and-co.com\/fr_fr\/wp-json\/wp\/v2\/media\/1462"}],"wp:attachment":[{"href":"https:\/\/hcc-and-co.com\/fr_fr\/wp-json\/wp\/v2\/media?parent=1473"}],"wp:term":[{"taxonomy":"product_brand","embeddable":true,"href":"https:\/\/hcc-and-co.com\/fr_fr\/wp-json\/wp\/v2\/product_brand?post=1473"},{"taxonomy":"product_cat","embeddable":true,"href":"https:\/\/hcc-and-co.com\/fr_fr\/wp-json\/wp\/v2\/product_cat?post=1473"},{"taxonomy":"product_tag","embeddable":true,"href":"https:\/\/hcc-and-co.com\/fr_fr\/wp-json\/wp\/v2\/product_tag?post=1473"}],"curies":[{"name":"wp","href":"https:\/\/api.w.org\/{rel}","templated":true}]}}