{"id":1515,"date":"2026-02-15T21:10:39","date_gmt":"2026-02-15T20:10:39","guid":{"rendered":"https:\/\/hcc-and-co.com\/?post_type=product&#038;p=1515"},"modified":"2026-02-15T21:10:39","modified_gmt":"2026-02-15T20:10:39","slug":"10-lait-xerial","status":"publish","type":"product","link":"https:\/\/hcc-and-co.com\/fr_fr\/product\/10-lait-xerial\/","title":{"rendered":"10 Lait XERIAL"},"content":{"rendered":"<p><strong>FORMUL\u00c9 POUR<\/strong><br \/>\nToutes les peaux s\u00e8ches, rugueuses et squameuses, peau de croco, peau craquel\u00e9e.<br \/>\n<strong>ENFANT D\u00c8S 3 ANS, ADULTES<\/strong><br \/>\nConvient aux femmes enceintes et allaitantes.<br \/>\n<strong>TEXTURE FRA\u00ceCHE, FINI DOUX<\/strong><br \/>\nSa texture fra\u00eeche associ\u00e9e au panth\u00e9nol apaise les sensations de tiraillements et de d\u00e9mangeaisons. Enrichi en huiles et beurre v\u00e9g\u00e9taux, ce lait s\u2019applique facilement et enveloppe la peau sans laisser de fini collant.<br \/>\n<strong>PARFUM D\u00c9LICAT<\/strong><br \/>\n<strong>TEST\u00c9 SOUS CONTR\u00d4LE DERMATOLOGIQUE<\/strong><br \/>\nSur peaux sensibles tr\u00e8s s\u00e8ches squameuses et sur de la x\u00e9rose s\u00e9nile. Sous l\u2019avis d\u2019un professionnel de sant\u00e9, peut s\u2019utiliser en compl\u00e9ment d\u2019un traitement dess\u00e9chant.<\/p>\n<p>&nbsp;<\/p>\n","protected":false},"excerpt":{"rendered":"<p>Peau craquel\u00e9e ? Peau de croco ? Xerial 10 Lait est votre meilleur alli\u00e9 pour \u00e9liminer squames, rugosit\u00e9s et inconforts. Sa technologie brevet\u00e9e<sup>1<\/sup>\u00a0contenant 10% d\u2019ur\u00e9e pure lisse la peau d\u00e8s la premi\u00e8re utilisation. Sa texture fra\u00eeche associ\u00e9e au panth\u00e9nol apaise les sensations de tiraillements et de d\u00e9mangeaisons pour une peau intens\u00e9ment hydrat\u00e9e pendant 48h<sup>2<\/sup>. Riche en beurre de karit\u00e9 et huile de coco, il enveloppe votre peau de douceur sans fini collant.<\/p>\n","protected":false},"featured_media":1491,"comment_status":"open","ping_status":"closed","template":"","meta":{"_joinchat":[]},"product_brand":[],"product_cat":[90,128],"product_tag":[],"class_list":{"0":"post-1515","1":"product","2":"type-product","3":"status-publish","4":"has-post-thumbnail","6":"product_cat-espace-beaute-cosmetiques","7":"product_cat-s-v-r","9":"first","10":"instock","11":"sale","12":"shipping-taxable","13":"purchasable","14":"product-type-simple"},"_links":{"self":[{"href":"https:\/\/hcc-and-co.com\/fr_fr\/wp-json\/wp\/v2\/product\/1515","targetHints":{"allow":["GET"]}}],"collection":[{"href":"https:\/\/hcc-and-co.com\/fr_fr\/wp-json\/wp\/v2\/product"}],"about":[{"href":"https:\/\/hcc-and-co.com\/fr_fr\/wp-json\/wp\/v2\/types\/product"}],"replies":[{"embeddable":true,"href":"https:\/\/hcc-and-co.com\/fr_fr\/wp-json\/wp\/v2\/comments?post=1515"}],"wp:featuredmedia":[{"embeddable":true,"href":"https:\/\/hcc-and-co.com\/fr_fr\/wp-json\/wp\/v2\/media\/1491"}],"wp:attachment":[{"href":"https:\/\/hcc-and-co.com\/fr_fr\/wp-json\/wp\/v2\/media?parent=1515"}],"wp:term":[{"taxonomy":"product_brand","embeddable":true,"href":"https:\/\/hcc-and-co.com\/fr_fr\/wp-json\/wp\/v2\/product_brand?post=1515"},{"taxonomy":"product_cat","embeddable":true,"href":"https:\/\/hcc-and-co.com\/fr_fr\/wp-json\/wp\/v2\/product_cat?post=1515"},{"taxonomy":"product_tag","embeddable":true,"href":"https:\/\/hcc-and-co.com\/fr_fr\/wp-json\/wp\/v2\/product_tag?post=1515"}],"curies":[{"name":"wp","href":"https:\/\/api.w.org\/{rel}","templated":true}]}}