{"id":1524,"date":"2026-02-16T23:29:18","date_gmt":"2026-02-16T22:29:18","guid":{"rendered":"https:\/\/hcc-and-co.com\/?post_type=product&#038;p=1524"},"modified":"2026-02-16T23:29:18","modified_gmt":"2026-02-16T22:29:18","slug":"baume-lavant-topialyse","status":"publish","type":"product","link":"https:\/\/hcc-and-co.com\/fr_fr\/product\/baume-lavant-topialyse\/","title":{"rendered":"Baume Lavant TOPIALYSE"},"content":{"rendered":"<p><strong>FORMUL\u00c9 POUR<\/strong><br \/>\nToutes les peaux tr\u00e8s s\u00e8ches \u00e0 tendance atopique. Corps, visage, hygi\u00e8ne intime.<br \/>\n<strong>POUR TOUTE LA FAMILLE<\/strong><br \/>\nD\u00e8s la naissance, enfants, adultes. Convient aux femmes enceintes et allaitantes.<br \/>\n<strong>SANS PARFUM<\/strong><br \/>\nHypoallerg\u00e9nique. Pour respecter les peaux tr\u00e8s s\u00e8ches \u00e0 atopiques.<br \/>\n<strong>FORMULE BIOD\u00c9GRADABLE<sup>2<\/sup><\/strong><br \/>\n<strong>TEST\u00c9 SOUS CONTR\u00d4LE DERMATOLOGIQUE, P\u00c9DIATRIQUE, GYN\u00c9COLOGIQUE<\/strong><br \/>\nSur peaux sensibles.<br \/>\n<strong>TEST\u00c9 PERTURBATEURS ENDOCRINIENS<\/strong><br \/>\nTest\u00e9 sur les m\u00e9canismes endocriniens oestrog\u00e9niques, androg\u00e9niques et thyro\u00efdiens. Tests r\u00e9alis\u00e9s par un laboratoire ind\u00e9pendant, expert de la perturbation endocrinienne.<\/p>\n<p><strong>USAGE QUOTIDIEN<\/strong><br \/>\n\ud83d\udebfPour la douche\/ bain : Appliquer sur peau mouill\u00e9e, faire mousser, rincer puis s\u00e9cher d\u00e9licatement sans frotter. Corps,visage et hygi\u00e8ne intime.<br \/>\nConvient au cuir chevelu, ne pique pas les yeux.<\/p>\n<p>&nbsp;<\/p>\n","protected":false},"excerpt":{"rendered":"<div class=\"block\">\n<div class=\"mt-3\">\n<div class=\"hidden lg:block\">\n<div class=\"prose-responsive prose-prevent-my text-big text-alternative-base lg:text-[18px]\">Topialyse Baume Lavant, le soin lavant sans parfum apaisant, anti-s\u00e9cheresse et grattages s\u00e9v\u00e8res. Il apaise les d\u00e9mangeaisons et nourrit la peau. Sa texture cr\u00e9meuse et onctueuse maintient l&rsquo;hydratation pendant 24h<sup>1<\/sup>offrant un v\u00e9ritable moment de douceur d\u00e8s la sortie de la douche. Transformez votre rituel quotidien en un moment de pur plaisir.<\/div>\n<\/div>\n<\/div>\n<\/div>\n<div class=\"block\"><\/div>\n","protected":false},"featured_media":1500,"comment_status":"open","ping_status":"closed","template":"","meta":{"_joinchat":[]},"product_brand":[],"product_cat":[90,128],"product_tag":[],"class_list":{"0":"post-1524","1":"product","2":"type-product","3":"status-publish","4":"has-post-thumbnail","6":"product_cat-espace-beaute-cosmetiques","7":"product_cat-s-v-r","9":"first","10":"instock","11":"sale","12":"shipping-taxable","13":"purchasable","14":"product-type-simple"},"_links":{"self":[{"href":"https:\/\/hcc-and-co.com\/fr_fr\/wp-json\/wp\/v2\/product\/1524","targetHints":{"allow":["GET"]}}],"collection":[{"href":"https:\/\/hcc-and-co.com\/fr_fr\/wp-json\/wp\/v2\/product"}],"about":[{"href":"https:\/\/hcc-and-co.com\/fr_fr\/wp-json\/wp\/v2\/types\/product"}],"replies":[{"embeddable":true,"href":"https:\/\/hcc-and-co.com\/fr_fr\/wp-json\/wp\/v2\/comments?post=1524"}],"wp:featuredmedia":[{"embeddable":true,"href":"https:\/\/hcc-and-co.com\/fr_fr\/wp-json\/wp\/v2\/media\/1500"}],"wp:attachment":[{"href":"https:\/\/hcc-and-co.com\/fr_fr\/wp-json\/wp\/v2\/media?parent=1524"}],"wp:term":[{"taxonomy":"product_brand","embeddable":true,"href":"https:\/\/hcc-and-co.com\/fr_fr\/wp-json\/wp\/v2\/product_brand?post=1524"},{"taxonomy":"product_cat","embeddable":true,"href":"https:\/\/hcc-and-co.com\/fr_fr\/wp-json\/wp\/v2\/product_cat?post=1524"},{"taxonomy":"product_tag","embeddable":true,"href":"https:\/\/hcc-and-co.com\/fr_fr\/wp-json\/wp\/v2\/product_tag?post=1524"}],"curies":[{"name":"wp","href":"https:\/\/api.w.org\/{rel}","templated":true}]}}