{"id":361,"date":"2024-07-04T15:02:37","date_gmt":"2024-07-04T13:02:37","guid":{"rendered":"https:\/\/agangece-advert.sprint-service.be\/?post_type=product&#038;p=361"},"modified":"2024-10-14T20:54:28","modified_gmt":"2024-10-14T18:54:28","slug":"creme-lissante-yeux-et-levres","status":"publish","type":"product","link":"https:\/\/hcc-and-co.com\/fr_fr\/product\/creme-lissante-yeux-et-levres\/","title":{"rendered":"Cr\u00e8me Lissante Yeux et L\u00e8vres"},"content":{"rendered":"<p><strong>Notre conseil : <\/strong><em>La cr\u00e8me lissante doit \u00eatre appliqu\u00e9e matin et soir sur un visage propre autour des yeux et des l\u00e8vres en l\u00e9g\u00e8res pressions.<\/em><\/p>\n","protected":false},"excerpt":{"rendered":"<p><em>Rides \u2013 Poches &#8211; Cernes Airless de 15ml\u00a0<\/em><\/p>\n<p>La cr\u00e8me lissante est riche en actifs puissants qui lui procurent des propri\u00e9t\u00e9s Eyeliss : d\u00e9congestionnant et liftant. Elle laisse sur la peau un film ultra fin qui qui forme un bouclier contre la pollution et les agressions ext\u00e9rieures, emp\u00eachant ainsi le vieillissement pr\u00e9matur\u00e9 de la peau.<\/p>\n","protected":false},"featured_media":390,"comment_status":"open","ping_status":"closed","template":"","meta":{"_joinchat":[]},"product_brand":[],"product_cat":[84,86],"product_tag":[],"class_list":{"0":"post-361","1":"product","2":"type-product","3":"status-publish","4":"has-post-thumbnail","6":"product_cat-game-hcc","7":"product_cat-soins-anti-age","9":"first","10":"instock","11":"sale","12":"shipping-taxable","13":"purchasable","14":"product-type-simple"},"_links":{"self":[{"href":"https:\/\/hcc-and-co.com\/fr_fr\/wp-json\/wp\/v2\/product\/361","targetHints":{"allow":["GET"]}}],"collection":[{"href":"https:\/\/hcc-and-co.com\/fr_fr\/wp-json\/wp\/v2\/product"}],"about":[{"href":"https:\/\/hcc-and-co.com\/fr_fr\/wp-json\/wp\/v2\/types\/product"}],"replies":[{"embeddable":true,"href":"https:\/\/hcc-and-co.com\/fr_fr\/wp-json\/wp\/v2\/comments?post=361"}],"wp:featuredmedia":[{"embeddable":true,"href":"https:\/\/hcc-and-co.com\/fr_fr\/wp-json\/wp\/v2\/media\/390"}],"wp:attachment":[{"href":"https:\/\/hcc-and-co.com\/fr_fr\/wp-json\/wp\/v2\/media?parent=361"}],"wp:term":[{"taxonomy":"product_brand","embeddable":true,"href":"https:\/\/hcc-and-co.com\/fr_fr\/wp-json\/wp\/v2\/product_brand?post=361"},{"taxonomy":"product_cat","embeddable":true,"href":"https:\/\/hcc-and-co.com\/fr_fr\/wp-json\/wp\/v2\/product_cat?post=361"},{"taxonomy":"product_tag","embeddable":true,"href":"https:\/\/hcc-and-co.com\/fr_fr\/wp-json\/wp\/v2\/product_tag?post=361"}],"curies":[{"name":"wp","href":"https:\/\/api.w.org\/{rel}","templated":true}]}}