{"id":362,"date":"2024-07-04T15:02:37","date_gmt":"2024-07-04T13:02:37","guid":{"rendered":"https:\/\/agangece-advert.sprint-service.be\/?post_type=product&#038;p=362"},"modified":"2024-07-04T15:02:45","modified_gmt":"2024-07-04T13:02:45","slug":"huile-seche-huile-des-anges","status":"publish","type":"product","link":"https:\/\/hcc-and-co.com\/fr_fr\/product\/huile-seche-huile-des-anges\/","title":{"rendered":"Huile seche huile des anges"},"content":{"rendered":"<p><strong>Notre conseil : <\/strong><em>Usage quotidien sur le corps, le visage et les cheveux.<\/em><\/p>\n","protected":false},"excerpt":{"rendered":"<p><em>Huile parfum\u00e9e hydratante \u2013adoucissante Flacon de 100ml<\/em><\/p>\n<p>L\u2019huile s\u00e8che secr\u00e8te est un \u00e9lixir de bonheur, qui combine le pouvoir hydratant de plusieurs huiles v\u00e9g\u00e9tales pour donner une texture non grasse l\u00e9g\u00e8rement parfum\u00e9e aux notes de benjoin, de fleurs blanches et d\u2019encens. Il prend soin de votre peau en laissant un voile sur la peau pour l\u2019hydrater en<br \/>\nprofondeur.<br \/>\nQuelques pressions suffiront pour parer la peau d\u2019un voile satin\u00e9 subtil et d\u00e9licat.<\/p>\n","protected":false},"featured_media":391,"comment_status":"open","ping_status":"closed","template":"","meta":{"_joinchat":[]},"product_brand":[],"product_cat":[84,87],"product_tag":[63],"class_list":{"0":"post-362","1":"product","2":"type-product","3":"status-publish","4":"has-post-thumbnail","6":"product_cat-game-hcc","7":"product_cat-soins-du-corps","8":"product_tag-all","10":"first","11":"instock","12":"shipping-taxable","13":"purchasable","14":"product-type-simple"},"_links":{"self":[{"href":"https:\/\/hcc-and-co.com\/fr_fr\/wp-json\/wp\/v2\/product\/362","targetHints":{"allow":["GET"]}}],"collection":[{"href":"https:\/\/hcc-and-co.com\/fr_fr\/wp-json\/wp\/v2\/product"}],"about":[{"href":"https:\/\/hcc-and-co.com\/fr_fr\/wp-json\/wp\/v2\/types\/product"}],"replies":[{"embeddable":true,"href":"https:\/\/hcc-and-co.com\/fr_fr\/wp-json\/wp\/v2\/comments?post=362"}],"wp:featuredmedia":[{"embeddable":true,"href":"https:\/\/hcc-and-co.com\/fr_fr\/wp-json\/wp\/v2\/media\/391"}],"wp:attachment":[{"href":"https:\/\/hcc-and-co.com\/fr_fr\/wp-json\/wp\/v2\/media?parent=362"}],"wp:term":[{"taxonomy":"product_brand","embeddable":true,"href":"https:\/\/hcc-and-co.com\/fr_fr\/wp-json\/wp\/v2\/product_brand?post=362"},{"taxonomy":"product_cat","embeddable":true,"href":"https:\/\/hcc-and-co.com\/fr_fr\/wp-json\/wp\/v2\/product_cat?post=362"},{"taxonomy":"product_tag","embeddable":true,"href":"https:\/\/hcc-and-co.com\/fr_fr\/wp-json\/wp\/v2\/product_tag?post=362"}],"curies":[{"name":"wp","href":"https:\/\/api.w.org\/{rel}","templated":true}]}}