{"id":363,"date":"2024-07-04T15:02:37","date_gmt":"2024-07-04T13:02:37","guid":{"rendered":"https:\/\/agangece-advert.sprint-service.be\/?post_type=product&#038;p=363"},"modified":"2024-07-04T15:02:47","modified_gmt":"2024-07-04T13:02:47","slug":"lotion-tonique-bleu","status":"publish","type":"product","link":"https:\/\/hcc-and-co.com\/fr_fr\/product\/lotion-tonique-bleu\/","title":{"rendered":"Lotion tonique bleu"},"content":{"rendered":"<p><strong>Notre conseil : <\/strong><em><span style=\"font-size: 16px;\">Apr\u00e8s le lait d\u00e9maquillant, ou pour r\u00e9veiller le <\/span><span style=\"font-size: 16px;\">teint le matin, nettoyer d\u00e9licatement votre peau avec la lotion <\/span><span style=\"font-size: 16px;\">tonique en \u00e9vitant le contact direct avec les yeux.<\/span><\/em><\/p>\n","protected":false},"excerpt":{"rendered":"<p><em>Hydratante \u2013 apaisante &#8211; fraiche Flacon pompe de 200ml<\/em><\/p>\n<p>La pr\u00e9sence de la glyc\u00e9rine dans cette lotion tonique lui conf\u00e8re des propri\u00e9t\u00e9s hydratantes et adoucissantes. Elle laisse une peau fra\u00eeche douce et d\u00e9licatement parfum\u00e9e.<\/p>\n","protected":false},"featured_media":392,"comment_status":"open","ping_status":"closed","template":"","meta":{"_joinchat":[]},"product_brand":[],"product_cat":[84,88],"product_tag":[63],"class_list":{"0":"post-363","1":"product","2":"type-product","3":"status-publish","4":"has-post-thumbnail","6":"product_cat-game-hcc","7":"product_cat-nettoyants","8":"product_tag-all","10":"first","11":"instock","12":"shipping-taxable","13":"purchasable","14":"product-type-simple"},"_links":{"self":[{"href":"https:\/\/hcc-and-co.com\/fr_fr\/wp-json\/wp\/v2\/product\/363","targetHints":{"allow":["GET"]}}],"collection":[{"href":"https:\/\/hcc-and-co.com\/fr_fr\/wp-json\/wp\/v2\/product"}],"about":[{"href":"https:\/\/hcc-and-co.com\/fr_fr\/wp-json\/wp\/v2\/types\/product"}],"replies":[{"embeddable":true,"href":"https:\/\/hcc-and-co.com\/fr_fr\/wp-json\/wp\/v2\/comments?post=363"}],"wp:featuredmedia":[{"embeddable":true,"href":"https:\/\/hcc-and-co.com\/fr_fr\/wp-json\/wp\/v2\/media\/392"}],"wp:attachment":[{"href":"https:\/\/hcc-and-co.com\/fr_fr\/wp-json\/wp\/v2\/media?parent=363"}],"wp:term":[{"taxonomy":"product_brand","embeddable":true,"href":"https:\/\/hcc-and-co.com\/fr_fr\/wp-json\/wp\/v2\/product_brand?post=363"},{"taxonomy":"product_cat","embeddable":true,"href":"https:\/\/hcc-and-co.com\/fr_fr\/wp-json\/wp\/v2\/product_cat?post=363"},{"taxonomy":"product_tag","embeddable":true,"href":"https:\/\/hcc-and-co.com\/fr_fr\/wp-json\/wp\/v2\/product_tag?post=363"}],"curies":[{"name":"wp","href":"https:\/\/api.w.org\/{rel}","templated":true}]}}