{"id":364,"date":"2024-07-04T15:02:37","date_gmt":"2024-07-04T13:02:37","guid":{"rendered":"https:\/\/agangece-advert.sprint-service.be\/?post_type=product&#038;p=364"},"modified":"2025-07-25T12:54:48","modified_gmt":"2025-07-25T10:54:48","slug":"masque-eclat-a-la-pulpe-de-fraise","status":"publish","type":"product","link":"https:\/\/hcc-and-co.com\/fr_fr\/product\/masque-eclat-a-la-pulpe-de-fraise\/","title":{"rendered":"Masque \u00e9clat \u00e0 la pulpe de fraise"},"content":{"rendered":"<p><strong>Notre conseil :<\/strong><\/p>\n<p><em>Apr\u00e8s un nettoyage avec la lotion adapt\u00e9e, l\u2019exfoliation avec la gel\u00e9e lact\u00e9e, Le masque doit \u00eatre appliqu\u00e9 une \u00e0 deux fois par semaine sur le visage et le cou. <\/em><br \/>\n<em>Laisser agir 15 \u00e0 20 min puis rincer. Avant d\u2019appliquer la cr\u00e8me de jour.<\/em><\/p>\n<p>&nbsp;<\/p>\n","protected":false},"excerpt":{"rendered":"<p><em>Riche en vitamine C \u2013 anti-\u00e2ge Pot de 50ml<\/em><\/p>\n<p>Plus qu\u2019un masque, c\u2019est un \u00e9lixir de jouvence, une cure de plaisir, revitalisante riche en antioxydants, vitamine C et r\u00e9tinol. Ce masque am\u00e9liore l&rsquo;\u00e9clat du teint et emp\u00eachent le d\u00e9veloppement des bact\u00e9ries. Le grain de peau est affin\u00e9 et le teint est sublim\u00e9.<\/p>\n","protected":false},"featured_media":393,"comment_status":"open","ping_status":"closed","template":"","meta":{"_joinchat":[]},"product_brand":[],"product_cat":[84,89],"product_tag":[],"class_list":{"0":"post-364","1":"product","2":"type-product","3":"status-publish","4":"has-post-thumbnail","6":"product_cat-game-hcc","7":"product_cat-soins-complementaires","9":"first","10":"instock","11":"sale","12":"shipping-taxable","13":"purchasable","14":"product-type-simple"},"_links":{"self":[{"href":"https:\/\/hcc-and-co.com\/fr_fr\/wp-json\/wp\/v2\/product\/364","targetHints":{"allow":["GET"]}}],"collection":[{"href":"https:\/\/hcc-and-co.com\/fr_fr\/wp-json\/wp\/v2\/product"}],"about":[{"href":"https:\/\/hcc-and-co.com\/fr_fr\/wp-json\/wp\/v2\/types\/product"}],"replies":[{"embeddable":true,"href":"https:\/\/hcc-and-co.com\/fr_fr\/wp-json\/wp\/v2\/comments?post=364"}],"wp:featuredmedia":[{"embeddable":true,"href":"https:\/\/hcc-and-co.com\/fr_fr\/wp-json\/wp\/v2\/media\/393"}],"wp:attachment":[{"href":"https:\/\/hcc-and-co.com\/fr_fr\/wp-json\/wp\/v2\/media?parent=364"}],"wp:term":[{"taxonomy":"product_brand","embeddable":true,"href":"https:\/\/hcc-and-co.com\/fr_fr\/wp-json\/wp\/v2\/product_brand?post=364"},{"taxonomy":"product_cat","embeddable":true,"href":"https:\/\/hcc-and-co.com\/fr_fr\/wp-json\/wp\/v2\/product_cat?post=364"},{"taxonomy":"product_tag","embeddable":true,"href":"https:\/\/hcc-and-co.com\/fr_fr\/wp-json\/wp\/v2\/product_tag?post=364"}],"curies":[{"name":"wp","href":"https:\/\/api.w.org\/{rel}","templated":true}]}}