{"id":365,"date":"2024-07-04T15:02:37","date_gmt":"2024-07-04T13:02:37","guid":{"rendered":"https:\/\/agangece-advert.sprint-service.be\/?post_type=product&#038;p=365"},"modified":"2024-07-04T15:02:52","modified_gmt":"2024-07-04T13:02:52","slug":"masque-purifiant-a-largile","status":"publish","type":"product","link":"https:\/\/hcc-and-co.com\/fr_fr\/product\/masque-purifiant-a-largile\/","title":{"rendered":"Masque Purifiant \u00e0 l\u2019argile"},"content":{"rendered":"<p><strong>Notre conseil :<\/strong><\/p>\n<p><em>Sur une peau nettoy\u00e9e et exfoli\u00e9e, appliquer le masque en couche \u00e9paisse 1 \u00e0 2 fois par semaine.<\/em><br \/>\n<em>Laisser poser 20 min. puis retirer avec une \u00e9ponge humide. <\/em><br \/>\n<em>La cr\u00e8me lissante doit \u00eatre appliqu\u00e9e matin et soir sur un visage propre autour des yeux et des l\u00e8vres en l\u00e9g\u00e8res pressions.<\/em><\/p>\n","protected":false},"excerpt":{"rendered":"<p><em>Purifiant \u2013 Normalisant Pot de 50ml<\/em><\/p>\n<p>Un masque purifiant et assainissant pour une peau resplendissante sans imperfections. Destin\u00e9 aux eaux mixtes \u00e0 grasses et \u00e0 tendances acn\u00e9iques.<br \/>\nIl permet la dilatation des pores pour une d\u00e9sincrustation en profondeur, une meilleure r\u00e9gulation de la s\u00e9cr\u00e9tion du s\u00e9bum, \u00e9limination des d\u00e9chets et une hydratation optimale.<br \/>\nLa peau parait \u00e0 vue d\u2019\u0153il plus nette, le teint est frais, matifi\u00e9 et \u00e9clatant.<\/p>\n","protected":false},"featured_media":395,"comment_status":"open","ping_status":"closed","template":"","meta":{"_joinchat":[]},"product_brand":[],"product_cat":[84,89],"product_tag":[],"class_list":{"0":"post-365","1":"product","2":"type-product","3":"status-publish","4":"has-post-thumbnail","6":"product_cat-game-hcc","7":"product_cat-soins-complementaires","9":"first","10":"instock","11":"shipping-taxable","12":"purchasable","13":"product-type-simple"},"_links":{"self":[{"href":"https:\/\/hcc-and-co.com\/fr_fr\/wp-json\/wp\/v2\/product\/365","targetHints":{"allow":["GET"]}}],"collection":[{"href":"https:\/\/hcc-and-co.com\/fr_fr\/wp-json\/wp\/v2\/product"}],"about":[{"href":"https:\/\/hcc-and-co.com\/fr_fr\/wp-json\/wp\/v2\/types\/product"}],"replies":[{"embeddable":true,"href":"https:\/\/hcc-and-co.com\/fr_fr\/wp-json\/wp\/v2\/comments?post=365"}],"wp:featuredmedia":[{"embeddable":true,"href":"https:\/\/hcc-and-co.com\/fr_fr\/wp-json\/wp\/v2\/media\/395"}],"wp:attachment":[{"href":"https:\/\/hcc-and-co.com\/fr_fr\/wp-json\/wp\/v2\/media?parent=365"}],"wp:term":[{"taxonomy":"product_brand","embeddable":true,"href":"https:\/\/hcc-and-co.com\/fr_fr\/wp-json\/wp\/v2\/product_brand?post=365"},{"taxonomy":"product_cat","embeddable":true,"href":"https:\/\/hcc-and-co.com\/fr_fr\/wp-json\/wp\/v2\/product_cat?post=365"},{"taxonomy":"product_tag","embeddable":true,"href":"https:\/\/hcc-and-co.com\/fr_fr\/wp-json\/wp\/v2\/product_tag?post=365"}],"curies":[{"name":"wp","href":"https:\/\/api.w.org\/{rel}","templated":true}]}}