{"id":367,"date":"2024-07-04T15:02:37","date_gmt":"2024-07-04T13:02:37","guid":{"rendered":"https:\/\/agangece-advert.sprint-service.be\/?post_type=product&#038;p=367"},"modified":"2024-07-04T15:02:55","modified_gmt":"2024-07-04T13:02:55","slug":"creme-de-douche","status":"publish","type":"product","link":"https:\/\/hcc-and-co.com\/fr_fr\/product\/creme-de-douche\/","title":{"rendered":"Cr\u00e8me de douche"},"content":{"rendered":"<p>B\u00c9N\u00c9FICES<br \/>\nNouvelle formule enrichie en agents hydratants<\/p>\n<p>Nettoie en douceur, prot\u00e8ge;<br \/>\nHydrate la peau d\u00e8s le nettoyage gr\u00e2ce \u00e0 sa texture cr\u00e8me onctueuse;<br \/>\nLaisse la peau douce apr\u00e8s la douche;<br \/>\nProcure une sensation de bien-\u00eatre;<br \/>\nTr\u00e8s bonne tol\u00e9rance cutan\u00e9e et oculaire;<br \/>\nSans savon;<br \/>\nParfum d\u00e9licat.<\/p>\n","protected":false},"excerpt":{"rendered":"<p>L\u2019hygi\u00e8ne quotidienne nutri-protectrice qui pr\u00e9vient le dess\u00e8chement cutan\u00e9.<\/p>\n","protected":false},"featured_media":397,"comment_status":"open","ping_status":"closed","template":"","meta":{"_joinchat":[]},"product_brand":[],"product_cat":[91],"product_tag":[],"class_list":{"0":"post-367","1":"product","2":"type-product","3":"status-publish","4":"has-post-thumbnail","6":"product_cat-bioderma","8":"first","9":"instock","10":"shipping-taxable","11":"purchasable","12":"product-type-simple"},"_links":{"self":[{"href":"https:\/\/hcc-and-co.com\/fr_fr\/wp-json\/wp\/v2\/product\/367","targetHints":{"allow":["GET"]}}],"collection":[{"href":"https:\/\/hcc-and-co.com\/fr_fr\/wp-json\/wp\/v2\/product"}],"about":[{"href":"https:\/\/hcc-and-co.com\/fr_fr\/wp-json\/wp\/v2\/types\/product"}],"replies":[{"embeddable":true,"href":"https:\/\/hcc-and-co.com\/fr_fr\/wp-json\/wp\/v2\/comments?post=367"}],"wp:featuredmedia":[{"embeddable":true,"href":"https:\/\/hcc-and-co.com\/fr_fr\/wp-json\/wp\/v2\/media\/397"}],"wp:attachment":[{"href":"https:\/\/hcc-and-co.com\/fr_fr\/wp-json\/wp\/v2\/media?parent=367"}],"wp:term":[{"taxonomy":"product_brand","embeddable":true,"href":"https:\/\/hcc-and-co.com\/fr_fr\/wp-json\/wp\/v2\/product_brand?post=367"},{"taxonomy":"product_cat","embeddable":true,"href":"https:\/\/hcc-and-co.com\/fr_fr\/wp-json\/wp\/v2\/product_cat?post=367"},{"taxonomy":"product_tag","embeddable":true,"href":"https:\/\/hcc-and-co.com\/fr_fr\/wp-json\/wp\/v2\/product_tag?post=367"}],"curies":[{"name":"wp","href":"https:\/\/api.w.org\/{rel}","templated":true}]}}