{"id":368,"date":"2024-07-04T15:02:37","date_gmt":"2024-07-04T13:02:37","guid":{"rendered":"https:\/\/agangece-advert.sprint-service.be\/?post_type=product&#038;p=368"},"modified":"2025-07-25T12:17:37","modified_gmt":"2025-07-25T10:17:37","slug":"gel-moussant","status":"publish","type":"product","link":"https:\/\/hcc-and-co.com\/fr_fr\/product\/gel-moussant\/","title":{"rendered":"Gel moussant"},"content":{"rendered":"<p>&lsquo;- Nettoie en douceur sans dess\u00e9cher la peau<br \/>\n&#8211; Purifie et \u00e9limine l&rsquo;exc\u00e8s de s\u00e9bum<br \/>\n&#8211; D\u00e9sobstrue les pores<br \/>\nGarantit une bonne tol\u00e9rance cutan\u00e9e et oculaire<br \/>\npH physiologique &#8211; Formule parfum\u00e9e &#8211; Non com\u00e9dog\u00e8ne &#8211; Sans savon- Nettoie en douceur sans dess\u00e9cher la peau<br \/>\n&#8211; Purifie et \u00e9limine l&rsquo;exc\u00e8s de s\u00e9bum<br \/>\n&#8211; D\u00e9sobstrue les pores<br \/>\nGarantit une bonne tol\u00e9rance cutan\u00e9e et oculaire<br \/>\npH physiologique &#8211; Formule parfum\u00e9e &#8211; Non com\u00e9dog\u00e8ne &#8211; Sans savon<\/p>\n","protected":false},"excerpt":{"rendered":"<p>Le nettoyant purifiant doux. \u00c9limine les impuret\u00e9s, contr\u00f4le la brillance.<\/p>\n","protected":false},"featured_media":398,"comment_status":"open","ping_status":"closed","template":"","meta":{"_joinchat":[]},"product_brand":[],"product_cat":[91],"product_tag":[],"class_list":{"0":"post-368","1":"product","2":"type-product","3":"status-publish","4":"has-post-thumbnail","6":"product_cat-bioderma","8":"first","9":"instock","10":"sale","11":"shipping-taxable","12":"purchasable","13":"product-type-simple"},"_links":{"self":[{"href":"https:\/\/hcc-and-co.com\/fr_fr\/wp-json\/wp\/v2\/product\/368","targetHints":{"allow":["GET"]}}],"collection":[{"href":"https:\/\/hcc-and-co.com\/fr_fr\/wp-json\/wp\/v2\/product"}],"about":[{"href":"https:\/\/hcc-and-co.com\/fr_fr\/wp-json\/wp\/v2\/types\/product"}],"replies":[{"embeddable":true,"href":"https:\/\/hcc-and-co.com\/fr_fr\/wp-json\/wp\/v2\/comments?post=368"}],"wp:featuredmedia":[{"embeddable":true,"href":"https:\/\/hcc-and-co.com\/fr_fr\/wp-json\/wp\/v2\/media\/398"}],"wp:attachment":[{"href":"https:\/\/hcc-and-co.com\/fr_fr\/wp-json\/wp\/v2\/media?parent=368"}],"wp:term":[{"taxonomy":"product_brand","embeddable":true,"href":"https:\/\/hcc-and-co.com\/fr_fr\/wp-json\/wp\/v2\/product_brand?post=368"},{"taxonomy":"product_cat","embeddable":true,"href":"https:\/\/hcc-and-co.com\/fr_fr\/wp-json\/wp\/v2\/product_cat?post=368"},{"taxonomy":"product_tag","embeddable":true,"href":"https:\/\/hcc-and-co.com\/fr_fr\/wp-json\/wp\/v2\/product_tag?post=368"}],"curies":[{"name":"wp","href":"https:\/\/api.w.org\/{rel}","templated":true}]}}