{"id":372,"date":"2024-07-04T15:02:37","date_gmt":"2024-07-04T13:02:37","guid":{"rendered":"https:\/\/agangece-advert.sprint-service.be\/?post_type=product&#038;p=372"},"modified":"2025-07-25T12:14:40","modified_gmt":"2025-07-25T10:14:40","slug":"dermovegetale-creme-corps","status":"publish","type":"product","link":"https:\/\/hcc-and-co.com\/fr_fr\/product\/dermovegetale-creme-corps\/","title":{"rendered":"Dermov\u00e9g\u00e9tale cr\u00e8me Douche"},"content":{"rendered":"<p>DERMOVEGETAL CR\u00c8ME CORPS ULTRA-NOURRISSANTE<br \/>\nNourrit<br \/>\nHydrate 48h<br \/>\nTexture active &#8211; Effet \u00ab\u00a0seconde peau\u00a0\u00bb<\/p>\n<p>Peaux sensibles &#8211; s\u00e8ches et tr\u00e8s s\u00e8ches<\/p>\n","protected":false},"excerpt":{"rendered":"<p>DERMOVEGETAL CR\u00c8ME CORPS ULTRA-NOURRISSANTE<\/p>\n","protected":false},"featured_media":415,"comment_status":"open","ping_status":"closed","template":"","meta":{"_joinchat":[]},"product_brand":[],"product_cat":[92],"product_tag":[],"class_list":{"0":"post-372","1":"product","2":"type-product","3":"status-publish","4":"has-post-thumbnail","6":"product_cat-topicrem","8":"first","9":"instock","10":"sale","11":"shipping-taxable","12":"purchasable","13":"product-type-simple"},"_links":{"self":[{"href":"https:\/\/hcc-and-co.com\/fr_fr\/wp-json\/wp\/v2\/product\/372","targetHints":{"allow":["GET"]}}],"collection":[{"href":"https:\/\/hcc-and-co.com\/fr_fr\/wp-json\/wp\/v2\/product"}],"about":[{"href":"https:\/\/hcc-and-co.com\/fr_fr\/wp-json\/wp\/v2\/types\/product"}],"replies":[{"embeddable":true,"href":"https:\/\/hcc-and-co.com\/fr_fr\/wp-json\/wp\/v2\/comments?post=372"}],"wp:featuredmedia":[{"embeddable":true,"href":"https:\/\/hcc-and-co.com\/fr_fr\/wp-json\/wp\/v2\/media\/415"}],"wp:attachment":[{"href":"https:\/\/hcc-and-co.com\/fr_fr\/wp-json\/wp\/v2\/media?parent=372"}],"wp:term":[{"taxonomy":"product_brand","embeddable":true,"href":"https:\/\/hcc-and-co.com\/fr_fr\/wp-json\/wp\/v2\/product_brand?post=372"},{"taxonomy":"product_cat","embeddable":true,"href":"https:\/\/hcc-and-co.com\/fr_fr\/wp-json\/wp\/v2\/product_cat?post=372"},{"taxonomy":"product_tag","embeddable":true,"href":"https:\/\/hcc-and-co.com\/fr_fr\/wp-json\/wp\/v2\/product_tag?post=372"}],"curies":[{"name":"wp","href":"https:\/\/api.w.org\/{rel}","templated":true}]}}