{"id":382,"date":"2024-07-04T15:02:38","date_gmt":"2024-07-04T13:02:38","guid":{"rendered":"https:\/\/agangece-advert.sprint-service.be\/?post_type=product&#038;p=382"},"modified":"2025-07-25T12:32:40","modified_gmt":"2025-07-25T10:32:40","slug":"lotion-essence","status":"publish","type":"product","link":"https:\/\/hcc-and-co.com\/fr_fr\/product\/lotion-essence\/","title":{"rendered":"Lotion &#8211; Essence"},"content":{"rendered":"<p>Cette lotion tonique Nuxe peaux mixtes enveloppe la peau d\u2018un voile de fra\u00eecheur hydratant et am\u00e9liore la texture de la peau : les pores sont resserr\u00e9s, le grain de peau est affin\u00e9, le teint est plus frais.<\/p>\n<p>Tous les \u00e2ges (adultes), id\u00e9al pour les 18-25 ans.<\/p>\n","protected":false},"excerpt":{"rendered":"<p>Lotion-Essence R\u00e9v\u00e9latrice de beaut\u00e9, Aquabella 200 ml<br \/>\nLotion hydratante<br \/>\nPeaux mixtes<\/p>\n","protected":false},"featured_media":425,"comment_status":"open","ping_status":"closed","template":"","meta":{"_joinchat":[]},"product_brand":[],"product_cat":[93],"product_tag":[],"class_list":{"0":"post-382","1":"product","2":"type-product","3":"status-publish","4":"has-post-thumbnail","6":"product_cat-nuxe","8":"first","9":"instock","10":"sale","11":"shipping-taxable","12":"purchasable","13":"product-type-simple"},"_links":{"self":[{"href":"https:\/\/hcc-and-co.com\/fr_fr\/wp-json\/wp\/v2\/product\/382","targetHints":{"allow":["GET"]}}],"collection":[{"href":"https:\/\/hcc-and-co.com\/fr_fr\/wp-json\/wp\/v2\/product"}],"about":[{"href":"https:\/\/hcc-and-co.com\/fr_fr\/wp-json\/wp\/v2\/types\/product"}],"replies":[{"embeddable":true,"href":"https:\/\/hcc-and-co.com\/fr_fr\/wp-json\/wp\/v2\/comments?post=382"}],"wp:featuredmedia":[{"embeddable":true,"href":"https:\/\/hcc-and-co.com\/fr_fr\/wp-json\/wp\/v2\/media\/425"}],"wp:attachment":[{"href":"https:\/\/hcc-and-co.com\/fr_fr\/wp-json\/wp\/v2\/media?parent=382"}],"wp:term":[{"taxonomy":"product_brand","embeddable":true,"href":"https:\/\/hcc-and-co.com\/fr_fr\/wp-json\/wp\/v2\/product_brand?post=382"},{"taxonomy":"product_cat","embeddable":true,"href":"https:\/\/hcc-and-co.com\/fr_fr\/wp-json\/wp\/v2\/product_cat?post=382"},{"taxonomy":"product_tag","embeddable":true,"href":"https:\/\/hcc-and-co.com\/fr_fr\/wp-json\/wp\/v2\/product_tag?post=382"}],"curies":[{"name":"wp","href":"https:\/\/api.w.org\/{rel}","templated":true}]}}