{"id":384,"date":"2024-07-04T15:02:38","date_gmt":"2024-07-04T13:02:38","guid":{"rendered":"https:\/\/agangece-advert.sprint-service.be\/?post_type=product&#038;p=384"},"modified":"2025-07-25T12:10:06","modified_gmt":"2025-07-25T10:10:06","slug":"baume-levres-au-miel","status":"publish","type":"product","link":"https:\/\/hcc-and-co.com\/fr_fr\/product\/baume-levres-au-miel\/","title":{"rendered":"Baume L\u00e8vres au miel"},"content":{"rendered":"<p>Butinez avec plaisir la formule mythique de ce Baume \u00e0 L\u00e8vres nourrissant aux tr\u00e9sors de la ruche (Miel de Lavande de Provence, Propolis, Cire d&rsquo;abeille) pour r\u00e9parer et adoucir les l\u00e8vres tr\u00e8s s\u00e8ches et ab\u00eem\u00e9es. La g\u00e9n\u00e9rosit\u00e9 de sa texture fondante et son inimitable parfum naturel aux notes de pamplemousse et de citron en font un geste totalement addictif.<\/p>\n<p>100%* des femmes trouvent leurs l\u00e8vres nourries<\/p>\n<p>91%* des femmes trouvent que le baume a un \u00ab\u00a0\u00a0\u00bbeffet pansement\u00a0\u00bb\u00a0\u00bb et que leurs l\u00e8vres sont soulag\u00e9es des sensations d&rsquo;inconfort<\/p>\n<p>*Test d\u2019usage \u2013 21 volontaires. % de satisfaction imm\u00e9diatement apr\u00e8s application.<\/p>\n","protected":false},"excerpt":{"rendered":"<p>Baume L\u00e8vres au miel, R\u00eave de Miel 15 gr<br \/>\nBaume \u00e0 L\u00e8vres nourrissant et r\u00e9parateur<br \/>\nL\u00e8vres ultra s\u00e8ches &#038; ab\u00eem\u00e9es<br \/>\n100% d&rsquo;ingr\u00e9dients d&rsquo;origine naturelle<\/p>\n","protected":false},"featured_media":427,"comment_status":"open","ping_status":"closed","template":"","meta":{"_joinchat":[]},"product_brand":[],"product_cat":[93],"product_tag":[],"class_list":{"0":"post-384","1":"product","2":"type-product","3":"status-publish","4":"has-post-thumbnail","6":"product_cat-nuxe","8":"first","9":"instock","10":"sale","11":"shipping-taxable","12":"purchasable","13":"product-type-simple"},"_links":{"self":[{"href":"https:\/\/hcc-and-co.com\/fr_fr\/wp-json\/wp\/v2\/product\/384","targetHints":{"allow":["GET"]}}],"collection":[{"href":"https:\/\/hcc-and-co.com\/fr_fr\/wp-json\/wp\/v2\/product"}],"about":[{"href":"https:\/\/hcc-and-co.com\/fr_fr\/wp-json\/wp\/v2\/types\/product"}],"replies":[{"embeddable":true,"href":"https:\/\/hcc-and-co.com\/fr_fr\/wp-json\/wp\/v2\/comments?post=384"}],"wp:featuredmedia":[{"embeddable":true,"href":"https:\/\/hcc-and-co.com\/fr_fr\/wp-json\/wp\/v2\/media\/427"}],"wp:attachment":[{"href":"https:\/\/hcc-and-co.com\/fr_fr\/wp-json\/wp\/v2\/media?parent=384"}],"wp:term":[{"taxonomy":"product_brand","embeddable":true,"href":"https:\/\/hcc-and-co.com\/fr_fr\/wp-json\/wp\/v2\/product_brand?post=384"},{"taxonomy":"product_cat","embeddable":true,"href":"https:\/\/hcc-and-co.com\/fr_fr\/wp-json\/wp\/v2\/product_cat?post=384"},{"taxonomy":"product_tag","embeddable":true,"href":"https:\/\/hcc-and-co.com\/fr_fr\/wp-json\/wp\/v2\/product_tag?post=384"}],"curies":[{"name":"wp","href":"https:\/\/api.w.org\/{rel}","templated":true}]}}